{"id":3536,"date":"2025-11-07T07:11:07","date_gmt":"2025-11-07T07:11:07","guid":{"rendered":"https:\/\/www.hiitiosemi.com\/?post_type=product&#038;p=3536"},"modified":"2025-11-10T09:34:47","modified_gmt":"2025-11-10T09:34:47","slug":"plug-and-play-gate-driver","status":"publish","type":"product","link":"https:\/\/www.hiitiosemi.com\/de\/product\/plug-and-play-gate-driver\/","title":{"rendered":"Plug-and-Play-Gate-Treiber"},"content":{"rendered":"<p data-start=\"167\" data-end=\"640\">HIITIO\u2019s Plug-and-Play-Gate-Treiber, entwickelt mit intelligenten Chips und digitaler Antriebstechnologie, bieten hohe Leistung, einfache Integration und zuverl\u00e4ssigen Schutz f\u00fcr IGBT- und SiC-Module bis zu 6500 V. Mit kompaktem Design und optischen oder elektrischen Schnittstellen vereinfachen sie das Systemdesign und gew\u00e4hrleisten eine pr\u00e4zise, sichere Bedienung. Ideal f\u00fcr PV-Wechselrichter, Windenergie, Energiespeichersysteme, Schienenfahrzeugantrieb, USV und industrielle Motorantriebe.<\/p>\n<p>&nbsp;<\/p>\n<div style=\"width: 100%; min-width: 310px; overflow: auto;\">\n<table style=\"undefined;table-layout: fixed; width: 850px;\">\n<colgroup>\n<col style=\"width: 232px;\" \/>\n<col style=\"width: 123px;\" \/>\n<col style=\"width: 292px;\" \/>\n<col style=\"width: 93px;\" \/>\n<col style=\"width: 110px;\" \/> <\/colgroup>\n<thead>\n<tr>\n<th colspan=\"2\">Produkt-Teilenummer<\/th>\n<th>Ausgangsleistung pro Kanal \/ Gate-Spitzenstrom<\/th>\n<th>Spannungsklasse<\/th>\n<th>Querverweis<\/th>\n<\/tr>\n<\/thead>\n<tbody>\n<tr>\n<td><img decoding=\"async\" src=\"https:\/\/www.hiitio.com\/wp-content\/uploads\/2025\/10\/H2HD0115.webp\" alt=\"H2HD0115\" width=\"200\" height=\"200\" \/><\/td>\n<td>H2HD0115<\/td>\n<td>1.2W\/20A<\/td>\n<td>1700V<\/td>\n<td>2SP0115T<\/td>\n<\/tr>\n<tr>\n<td><img decoding=\"async\" src=\"https:\/\/www.hiitio.com\/wp-content\/uploads\/2025\/10\/H2HD0115.webp\" alt=\"H2HD0115\" width=\"200\" height=\"200\" \/><\/td>\n<td>H2HD0115Cx<\/td>\n<td>1.2W\/20A<\/td>\n<td>1700V<\/td>\n<td>\/<\/td>\n<\/tr>\n<tr>\n<td><img decoding=\"async\" src=\"https:\/\/www.hiitio.com\/wp-content\/uploads\/2025\/10\/H2HD0320.webp\" alt=\"H2HD0320\" width=\"200\" height=\"200\" \/><\/td>\n<td>H2HD0320<\/td>\n<td>3W\/20A<\/td>\n<td>1700V<\/td>\n<td>2SP0320T<\/td>\n<\/tr>\n<tr>\n<td><img decoding=\"async\" src=\"https:\/\/www.hiitio.com\/wp-content\/uploads\/2025\/10\/HPM110TRP.webp\" alt=\"HPM110TRP\" width=\"200\" height=\"200\" \/><\/td>\n<td>HPM110TRP<\/td>\n<td>4W\/38A<\/td>\n<td>1700V<\/td>\n<td>2SP0320*3<\/td>\n<\/tr>\n<tr>\n<td><img loading=\"lazy\" decoding=\"async\" src=\"https:\/\/www.hiitio.com\/wp-content\/uploads\/2025\/10\/H1SD08110-scaled.webp\" alt=\"H1SD08110\" width=\"200\" height=\"200\" \/><\/td>\n<td>H1SD08110<\/td>\n<td>8W\/110A<\/td>\n<td>1700V, 3300V<\/td>\n<td>1SP0635<\/td>\n<\/tr>\n<tr>\n<td><img loading=\"lazy\" decoding=\"async\" src=\"https:\/\/www.hiitio.com\/wp-content\/uploads\/2025\/10\/H1SD215.webp\" alt=\"H1SD215\" width=\"200\" height=\"200\" \/><\/td>\n<td>H1SD215<\/td>\n<td>8W\/110A<\/td>\n<td>1700V, 3300V<\/td>\n<td>1SP0635<\/td>\n<\/tr>\n<tr>\n<td><img loading=\"lazy\" decoding=\"async\" src=\"https:\/\/www.hiitio.com\/wp-content\/uploads\/2025\/10\/HV1027P.webp\" alt=\"HV1027P\" width=\"200\" height=\"200\" \/><\/td>\n<td>HV1027P<\/td>\n<td>3W\/27A<\/td>\n<td>4500V, 6500V<\/td>\n<td>1SP0335<\/td>\n<\/tr>\n<tr>\n<td><img loading=\"lazy\" decoding=\"async\" src=\"https:\/\/www.hiitio.com\/wp-content\/uploads\/2025\/10\/H2HD0620-scaled.webp\" alt=\"H2HD0620\" width=\"200\" height=\"200\" \/><\/td>\n<td>H2HD0620<\/td>\n<td>6W\/20A<\/td>\n<td>1700V<\/td>\n<td>\/<\/td>\n<\/tr>\n<\/tbody>\n<\/table>\n<\/div>","protected":false},"excerpt":{"rendered":"<ul>\n<li>1.2W\/20A unterst\u00fctzt Anwendungen bis zu 30KHz<\/li>\n<li>Geeignet f\u00fcr Module bis zu 1700V<\/li>\n<li>Kurzschlussschutz (Soft-Shutdown)<\/li>\n<li>UVLO, aktive Klemme<\/li>\n<li>Unterst\u00fctzt Mehrstufenanwendungen<\/li>\n<li>Intelligentes Fehlermanagement<\/li>\n<li>Gate-Kurzschlussschutz<\/li>\n<li>Kapazitiver Kopplung-Isolierung<\/li>\n<\/ul>","protected":false},"featured_media":3547,"comment_status":"closed","ping_status":"closed","template":"","meta":{"_acf_changed":false},"product_brand":[],"product_cat":[31],"product_tag":[],"class_list":{"0":"post-3536","1":"product","2":"type-product","3":"status-publish","4":"has-post-thumbnail","6":"product_cat-igbt-sic-driver","8":"first","9":"instock","10":"shipping-taxable","11":"product-type-variable","12":"has-default-attributes"},"acf":[],"_links":{"self":[{"href":"https:\/\/www.hiitiosemi.com\/de\/wp-json\/wp\/v2\/product\/3536","targetHints":{"allow":["GET"]}}],"collection":[{"href":"https:\/\/www.hiitiosemi.com\/de\/wp-json\/wp\/v2\/product"}],"about":[{"href":"https:\/\/www.hiitiosemi.com\/de\/wp-json\/wp\/v2\/types\/product"}],"replies":[{"embeddable":true,"href":"https:\/\/www.hiitiosemi.com\/de\/wp-json\/wp\/v2\/comments?post=3536"}],"wp:featuredmedia":[{"embeddable":true,"href":"https:\/\/www.hiitiosemi.com\/de\/wp-json\/wp\/v2\/media\/3547"}],"wp:attachment":[{"href":"https:\/\/www.hiitiosemi.com\/de\/wp-json\/wp\/v2\/media?parent=3536"}],"wp:term":[{"taxonomy":"product_brand","embeddable":true,"href":"https:\/\/www.hiitiosemi.com\/de\/wp-json\/wp\/v2\/product_brand?post=3536"},{"taxonomy":"product_cat","embeddable":true,"href":"https:\/\/www.hiitiosemi.com\/de\/wp-json\/wp\/v2\/product_cat?post=3536"},{"taxonomy":"product_tag","embeddable":true,"href":"https:\/\/www.hiitiosemi.com\/de\/wp-json\/wp\/v2\/product_tag?post=3536"}],"curies":[{"name":"wp","href":"https:\/\/api.w.org\/{rel}","templated":true}]}}