{"id":3535,"date":"2025-11-07T07:11:07","date_gmt":"2025-11-07T07:11:07","guid":{"rendered":"https:\/\/www.hiitiosemi.com\/?post_type=product&#038;p=3535"},"modified":"2025-11-10T09:41:26","modified_gmt":"2025-11-10T09:41:26","slug":"gate-driver-cores","status":"publish","type":"product","link":"https:\/\/www.hiitiosemi.com\/de\/product\/gate-driver-cores\/","title":{"rendered":"Gate-Treiber-Kerne"},"content":{"rendered":"<p>Der Gate-Treiber-Kern ist ein Hochleistungs-Dual-Kanal-Treiber-Kern, der von HIITIO unabh\u00e4ngig auf Basis intelligenter Chip-Technologie entwickelt wurde. Er unterst\u00fctzt IGBT-Module mit Spannungsbewertungen von 1200 V bis 3300 V. Mit einem vereinfachten Peripherie-Schaltkreisdesign erm\u00f6glicht er es Kunden, IGBTs sicher und zuverl\u00e4ssig zu treiben, ohne zus\u00e4tzlichen Aufwand bei Treiber-Debugging oder -Abstimmung.<\/p>\n<p>&nbsp;<\/p>\n<div style=\"width: 100%; min-width: 310px; overflow: auto;\">\n<table style=\"undefined;table-layout: fixed; width: 850px;\">\n<colgroup>\n<col style=\"width: 232px;\" \/>\n<col style=\"width: 123px;\" \/>\n<col style=\"width: 292px;\" \/>\n<col style=\"width: 93px;\" \/>\n<col style=\"width: 110px;\" \/> <\/colgroup>\n<thead>\n<tr>\n<th colspan=\"2\">Produkt-Teilenummer<\/th>\n<th>Ausgangsleistung pro Kanal \/ Gate-Spitzenstrom<\/th>\n<th>Spannungsklasse<\/th>\n<th>Querverweis<\/th>\n<\/tr>\n<\/thead>\n<tbody>\n<tr>\n<td><img decoding=\"async\" src=\"https:\/\/www.hiitio.com\/wp-content\/uploads\/2025\/10\/H2SC0110.webp\" alt=\"H2SC0110\" width=\"200\" height=\"200\" \/><\/td>\n<td>H2SC0110<\/td>\n<td>1W\/10A<\/td>\n<td>1200V<\/td>\n<td>\/<\/td>\n<\/tr>\n<tr>\n<td><img decoding=\"async\" src=\"https:\/\/www.hiitio.com\/wp-content\/uploads\/2025\/10\/H2HC0215X.webp\" alt=\"H2HC0215BIV.webp\" width=\"200\" height=\"200\" \/><\/td>\n<td>H2HC0215B1V<\/td>\n<td>2W\/15A<\/td>\n<td>1700V<\/td>\n<td>\/<\/td>\n<\/tr>\n<tr>\n<td><img decoding=\"async\" src=\"https:\/\/www.hiitio.com\/wp-content\/uploads\/2025\/10\/H2HC0215.webp\" alt=\"H2HC0215.webp\" width=\"200\" height=\"200\" \/><\/td>\n<td>H2HC0215<\/td>\n<td>2W\/15A<\/td>\n<td>1700V<\/td>\n<td>2SC0108T<\/td>\n<\/tr>\n<tr>\n<td><img loading=\"lazy\" decoding=\"async\" src=\"https:\/\/www.hiitio.com\/wp-content\/uploads\/2025\/10\/HIITIO-H2HC0435.webp\" alt=\"H2HC0435.webp\" width=\"200\" height=\"200\" \/><\/td>\n<td>H2HC0435<\/td>\n<td>4W\/35A<\/td>\n<td>1700V<\/td>\n<td>2SC0435T<\/td>\n<\/tr>\n<tr>\n<td><img loading=\"lazy\" decoding=\"async\" src=\"https:\/\/www.hiitio.com\/wp-content\/uploads\/2025\/10\/HIITIO-H2HC0435.webp\" alt=\"H2HC0435.webp\" width=\"200\" height=\"200\" \/><\/td>\n<td>H2HC0660<\/td>\n<td>6W\/60A<\/td>\n<td>3300V<\/td>\n<td>2SC0535T<\/td>\n<\/tr>\n<\/tbody>\n<\/table>\n<\/div>","protected":false},"excerpt":{"rendered":"<ul>\n<li>4W pro Kanal, +35A<\/li>\n<li>Unterst\u00fctzt Anwendungen bis zu 30kHz<\/li>\n<li>Kurzschlussschutz (Soft-Shutdown)<\/li>\n<li>Unterst\u00fctzt Mehrstufenanwendungen<\/li>\n<li>Intelligentes Fehlermanagement<\/li>\n<\/ul>","protected":false},"featured_media":3543,"comment_status":"closed","ping_status":"closed","template":"","meta":{"_acf_changed":false},"product_brand":[],"product_cat":[31],"product_tag":[],"class_list":{"0":"post-3535","1":"product","2":"type-product","3":"status-publish","4":"has-post-thumbnail","6":"product_cat-igbt-sic-driver","8":"first","9":"instock","10":"shipping-taxable","11":"product-type-variable","12":"has-default-attributes"},"acf":[],"_links":{"self":[{"href":"https:\/\/www.hiitiosemi.com\/de\/wp-json\/wp\/v2\/product\/3535","targetHints":{"allow":["GET"]}}],"collection":[{"href":"https:\/\/www.hiitiosemi.com\/de\/wp-json\/wp\/v2\/product"}],"about":[{"href":"https:\/\/www.hiitiosemi.com\/de\/wp-json\/wp\/v2\/types\/product"}],"replies":[{"embeddable":true,"href":"https:\/\/www.hiitiosemi.com\/de\/wp-json\/wp\/v2\/comments?post=3535"}],"wp:featuredmedia":[{"embeddable":true,"href":"https:\/\/www.hiitiosemi.com\/de\/wp-json\/wp\/v2\/media\/3543"}],"wp:attachment":[{"href":"https:\/\/www.hiitiosemi.com\/de\/wp-json\/wp\/v2\/media?parent=3535"}],"wp:term":[{"taxonomy":"product_brand","embeddable":true,"href":"https:\/\/www.hiitiosemi.com\/de\/wp-json\/wp\/v2\/product_brand?post=3535"},{"taxonomy":"product_cat","embeddable":true,"href":"https:\/\/www.hiitiosemi.com\/de\/wp-json\/wp\/v2\/product_cat?post=3535"},{"taxonomy":"product_tag","embeddable":true,"href":"https:\/\/www.hiitiosemi.com\/de\/wp-json\/wp\/v2\/product_tag?post=3535"}],"curies":[{"name":"wp","href":"https:\/\/api.w.org\/{rel}","templated":true}]}}