{"id":3534,"date":"2025-11-07T07:11:07","date_gmt":"2025-11-07T07:11:07","guid":{"rendered":"https:\/\/www.hiitiosemi.com\/?post_type=product&#038;p=3534"},"modified":"2025-11-11T06:39:04","modified_gmt":"2025-11-11T06:39:04","slug":"4500v-3000a-igbt-module-press-pack-package-with-fwd","status":"publish","type":"product","link":"https:\/\/www.hiitiosemi.com\/de\/product\/4500v-3000a-igbt-module-press-pack-package-with-fwd\/","title":{"rendered":"4500V 3000A IGBT-Modul Press-Pack-Geh\u00e4use mit FWD"},"content":{"rendered":"<p>Das HCG3000S450S1K1 stellt den H\u00f6hepunkt der IGBT-Technologie dar und bietet die h\u00f6chste Strombelastbarkeit in unserer 4500V-Familie. Dieses Press-Pack-Modul ist f\u00fcr die anspruchsvollsten Hochleistungsanwendungen in erneuerbaren Energien und Strom\u00fcbertragungssystemen entwickelt.<\/p>\n<h3>Maximale Nennwerte<\/h3>\n<div class=\"tg-wrap\">\n<table>\n<thead>\n<tr>\n<th>Parameter<\/th>\n<th>Symbol<\/th>\n<th>Bedingungen<\/th>\n<th>Wert<\/th>\n<th>Einheit<\/th>\n<\/tr>\n<\/thead>\n<tbody>\n<tr>\n<td>Kollektor-Emitter-Spannung<\/td>\n<td>VCES<\/td>\n<td>VGE=0V, Tvj=25\u00b0C<\/td>\n<td>4500<\/td>\n<td>V<\/td>\n<\/tr>\n<tr>\n<td>Gleichstromkollektorstrom<\/td>\n<td>lc<\/td>\n<td>Tc=100\u00b0C, Tvj=150\u00b0C<\/td>\n<td>3000<\/td>\n<td>A<\/td>\n<\/tr>\n<tr>\n<td>Spitzenkollektorstrom<\/td>\n<td>CM<\/td>\n<td>tp=1ms<\/td>\n<td>6000<\/td>\n<td>A<\/td>\n<\/tr>\n<tr>\n<td>Gate-Emitter-Spannung<\/td>\n<td>VGES<\/td>\n<td><\/td>\n<td>\u00b120<\/td>\n<td>V<\/td>\n<\/tr>\n<tr>\n<td>Gesamtleistungsaufnahme<\/td>\n<td>Ptot<\/td>\n<td>Tc=25\u00b0C, Tvj=150\u00b0C<\/td>\n<td>31200<\/td>\n<td>W<\/td>\n<\/tr>\n<tr>\n<td>Gleichstromdurchlassstrom<\/td>\n<td>IF<\/td>\n<td><\/td>\n<td>3000<\/td>\n<td>A<\/td>\n<\/tr>\n<tr>\n<td>Spitzen-Gleichstrom<\/td>\n<td>IFRM<\/td>\n<td>tp=1ms<\/td>\n<td>6000<\/td>\n<td>A<\/td>\n<\/tr>\n<tr>\n<td>Sto\u00dfstrom<\/td>\n<td>IFSM<\/td>\n<td>VR=0V, Tvj=125\u2103,<\/p>\n<p>tp=10ms, Halbsinuswelle<\/td>\n<td>21000<\/td>\n<td>A<\/td>\n<\/tr>\n<tr>\n<td>IGBT Kurzschluss-SOA<\/td>\n<td>tpsc<\/td>\n<td>Vcc=3400V, VCEM CHIP\u22644500V<br \/>\nVGE\u226415V,Tvj\u2264125\u2103<\/td>\n<td>10<\/td>\n<td>\u03bcs<\/td>\n<\/tr>\n<tr>\n<td>Maximaler Verbindungspunkt-Temperatur<\/td>\n<td>Tvj(max)<\/td>\n<td><\/td>\n<td>125<\/td>\n<td>\u2103<\/td>\n<\/tr>\n<tr>\n<td>Betriebstemperatur der Verbindung<\/td>\n<td>Tv( Betrieb)<\/td>\n<td><\/td>\n<td>-40~125<\/td>\n<td>\u2103<\/td>\n<\/tr>\n<tr>\n<td>Geh\u00e4usetemperatur<\/td>\n<td>Tc<\/td>\n<td><\/td>\n<td>-40~125<\/td>\n<td>\u2103<\/td>\n<\/tr>\n<tr>\n<td>Betriebstemperatur<\/td>\n<td>Tstg<\/td>\n<td><\/td>\n<td>-40~70<\/td>\n<td>\u2103<\/td>\n<\/tr>\n<tr>\n<td>Montagedruck<\/td>\n<td>FM<\/td>\n<td><\/td>\n<td>80-100<\/td>\n<td>kN<\/td>\n<\/tr>\n<\/tbody>\n<\/table>\n<\/div>","protected":false},"excerpt":{"rendered":"<ul>\n<li class=\"whitespace-normal break-words\"><strong>Maximale Strombelastbarkeit<\/strong>: 3000A Dauerstrom f\u00fcr h\u00f6chste Leistungsf\u00e4higkeit<\/li>\n<li class=\"whitespace-normal break-words\"><strong>Ultra-Hochspannung<\/strong>: 4500V Kollektor-Emitter-Spannungsf\u00e4higkeit<\/li>\n<li class=\"whitespace-normal break-words\"><strong>Fortschrittliches Press-Pack-Design<\/strong>: Optimierte thermische und mechanische Leistung<\/li>\n<li class=\"whitespace-normal break-words\"><strong>\u00dcberlegene Schaltleistung<\/strong>: Geringe Schaltverluste mit Schnellwiderstand-Diode<\/li>\n<li class=\"whitespace-normal break-words\"><strong>Hohe Robustheit<\/strong>: Au\u00dfergew\u00f6hnliche Kurzschlussf\u00e4higkeit (10\u03bcs)<\/li>\n<li class=\"whitespace-normal break-words\"><strong>Positiver Temperaturkoeffizient<\/strong>: Hervorragend f\u00fcr Parallelschaltung geeignet<\/li>\n<\/ul>","protected":false},"featured_media":3542,"comment_status":"closed","ping_status":"closed","template":"","meta":{"_acf_changed":false},"product_brand":[],"product_cat":[30],"product_tag":[],"class_list":{"0":"post-3534","1":"product","2":"type-product","3":"status-publish","4":"has-post-thumbnail","6":"product_cat-press-pack-igbt","8":"first","9":"instock","10":"shipping-taxable","11":"product-type-variable","12":"has-default-attributes"},"acf":[],"_links":{"self":[{"href":"https:\/\/www.hiitiosemi.com\/de\/wp-json\/wp\/v2\/product\/3534","targetHints":{"allow":["GET"]}}],"collection":[{"href":"https:\/\/www.hiitiosemi.com\/de\/wp-json\/wp\/v2\/product"}],"about":[{"href":"https:\/\/www.hiitiosemi.com\/de\/wp-json\/wp\/v2\/types\/product"}],"replies":[{"embeddable":true,"href":"https:\/\/www.hiitiosemi.com\/de\/wp-json\/wp\/v2\/comments?post=3534"}],"wp:featuredmedia":[{"embeddable":true,"href":"https:\/\/www.hiitiosemi.com\/de\/wp-json\/wp\/v2\/media\/3542"}],"wp:attachment":[{"href":"https:\/\/www.hiitiosemi.com\/de\/wp-json\/wp\/v2\/media?parent=3534"}],"wp:term":[{"taxonomy":"product_brand","embeddable":true,"href":"https:\/\/www.hiitiosemi.com\/de\/wp-json\/wp\/v2\/product_brand?post=3534"},{"taxonomy":"product_cat","embeddable":true,"href":"https:\/\/www.hiitiosemi.com\/de\/wp-json\/wp\/v2\/product_cat?post=3534"},{"taxonomy":"product_tag","embeddable":true,"href":"https:\/\/www.hiitiosemi.com\/de\/wp-json\/wp\/v2\/product_tag?post=3534"}],"curies":[{"name":"wp","href":"https:\/\/api.w.org\/{rel}","templated":true}]}}