{"id":3464,"date":"2025-11-07T07:10:29","date_gmt":"2025-11-07T07:10:29","guid":{"rendered":"https:\/\/www.hiitiosemi.com\/?post_type=product&#038;p=3464"},"modified":"2025-11-11T08:13:43","modified_gmt":"2025-11-11T08:13:43","slug":"3300v-1500a-lgbt-module-h-package-with-fwd","status":"publish","type":"product","link":"https:\/\/www.hiitiosemi.com\/de\/product\/3300v-1500a-lgbt-module-h-package-with-fwd\/","title":{"rendered":"3300V 1500A IGBT-Modul H-Paket mit FWD"},"content":{"rendered":"<p>Der HCG1500S330H2K1 repr\u00e4sentiert die n\u00e4chste Generation der Leistungshalbleitertechnologie und bietet \u00fcberlegene Leistung in einem kompakten H-Geh\u00e4use. Dieses Modul ist f\u00fcr die anspruchsvollsten Anwendungen der Leistungsumwandlung entwickelt.<\/p>\n<h3>Maximale Nennwerte<\/h3>\n<div class=\"tg-wrap\">\n<table>\n<thead>\n<tr>\n<th>Parameter<\/th>\n<th>Symbol<\/th>\n<th>Bedingungen<\/th>\n<th>Wert<\/th>\n<th>Einheit<\/th>\n<\/tr>\n<\/thead>\n<tbody>\n<tr>\n<td>Kollektor-Emitter-Spannung<\/td>\n<td>VCES<\/td>\n<td>VGE=0V, Tvj=25\u00b0C<\/td>\n<td>3300<\/td>\n<td>V<\/td>\n<\/tr>\n<tr>\n<td>Gleichstromkollektorstrom<\/td>\n<td>lc<\/td>\n<td>Tc=100\u00b0C, Tvj=150\u00b0C<\/td>\n<td>1500<\/td>\n<td>A<\/td>\n<\/tr>\n<tr>\n<td>Spitzenkollektorstrom<\/td>\n<td>CM<\/td>\n<td>tp=1ms<\/td>\n<td>3000<\/td>\n<td>A<\/td>\n<\/tr>\n<tr>\n<td>Gate-Emitter-Spannung<\/td>\n<td>VGES<\/td>\n<td><\/td>\n<td>\u00b120<\/td>\n<td>V<\/td>\n<\/tr>\n<tr>\n<td>Gesamtleistungsaufnahme<\/td>\n<td>Ptot<\/td>\n<td>Tc=25\u00b0C, Tvj=150\u00b0C<\/td>\n<td>16<\/td>\n<td>kW<\/td>\n<\/tr>\n<tr>\n<td>Gleichstromdurchlassstrom<\/td>\n<td>IF<\/td>\n<td><\/td>\n<td>1500<\/td>\n<td>A<\/td>\n<\/tr>\n<tr>\n<td>Spitzen-Gleichstrom<\/td>\n<td>IFRM<\/td>\n<td>tp=1ms<\/td>\n<td>3000<\/td>\n<td>A<\/td>\n<\/tr>\n<tr>\n<td>Sto\u00dfstrom<\/td>\n<td>IFSM<\/td>\n<td>VR=0V, Tvj=150\u2103,<\/p>\n<p>tp=10ms, Halbsinuswelle<\/td>\n<td>13500<\/td>\n<td>A<\/td>\n<\/tr>\n<tr>\n<td>IGBT Kurzschluss-SOA<\/td>\n<td>tpsc<\/td>\n<td>Vcc=2500V, VCEM CHIP\u22643300V<br \/>\nVGE\u226415V, Tvj\u2264150\u2103<\/td>\n<td>10<\/td>\n<td>\u03bcs<\/td>\n<\/tr>\n<tr>\n<td>Maximaler Verbindungspunkt-Temperatur<\/td>\n<td>Tvj(max)<\/td>\n<td><\/td>\n<td>150<\/td>\n<td>\u2103<\/td>\n<\/tr>\n<tr>\n<td>Betriebstemperatur der Verbindung<\/td>\n<td>Tv( Betrieb)<\/td>\n<td><\/td>\n<td>-40~150<\/td>\n<td>\u2103<\/td>\n<\/tr>\n<tr>\n<td>Geh\u00e4usetemperatur<\/td>\n<td>Tc<\/td>\n<td><\/td>\n<td>-40~150<\/td>\n<td>\u2103<\/td>\n<\/tr>\n<tr>\n<td>Betriebstemperatur<\/td>\n<td>Tstg<\/td>\n<td><\/td>\n<td>-40~125<\/td>\n<td>\u2103<\/td>\n<\/tr>\n<\/tbody>\n<\/table>\n<\/div>","protected":false},"excerpt":{"rendered":"<ul>\n<li class=\"whitespace-normal break-words\"><strong>Erh\u00f6hte Strombelastbarkeit<\/strong>: 1500A DC-Sammlerstrom f\u00fcr h\u00f6here Leistungsdichte<\/li>\n<li class=\"whitespace-normal break-words\"><strong>Geringe Leitungsverluste<\/strong>: Optimierte VCE(sat)-Eigenschaften (2,45V-3,80V)<\/li>\n<li class=\"whitespace-normal break-words\"><strong>Hohe Robustheit<\/strong>: Fortschrittliches Chip-Design f\u00fcr au\u00dfergew\u00f6hnliche Zuverl\u00e4ssigkeit<\/li>\n<li class=\"whitespace-normal break-words\"><strong>Thermische Exzellenz<\/strong>: 150\u00b0C Sperrschichtbetriebstemperaturf\u00e4higkeit<\/li>\n<li class=\"whitespace-normal break-words\"><strong>Integrierter FWD<\/strong>: Eingebautes Freilaufdiode f\u00fcr eine vollst\u00e4ndige Leistungsschaltl\u00f6sung<\/li>\n<\/ul>","protected":false},"featured_media":3510,"comment_status":"closed","ping_status":"closed","template":"","meta":{"_acf_changed":false},"product_brand":[],"product_cat":[29],"product_tag":[],"class_list":{"0":"post-3464","1":"product","2":"type-product","3":"status-publish","4":"has-post-thumbnail","6":"product_cat-high-voltage-igbt-module","8":"first","9":"instock","10":"shipping-taxable","11":"product-type-variable","12":"has-default-attributes"},"acf":[],"_links":{"self":[{"href":"https:\/\/www.hiitiosemi.com\/de\/wp-json\/wp\/v2\/product\/3464","targetHints":{"allow":["GET"]}}],"collection":[{"href":"https:\/\/www.hiitiosemi.com\/de\/wp-json\/wp\/v2\/product"}],"about":[{"href":"https:\/\/www.hiitiosemi.com\/de\/wp-json\/wp\/v2\/types\/product"}],"replies":[{"embeddable":true,"href":"https:\/\/www.hiitiosemi.com\/de\/wp-json\/wp\/v2\/comments?post=3464"}],"wp:featuredmedia":[{"embeddable":true,"href":"https:\/\/www.hiitiosemi.com\/de\/wp-json\/wp\/v2\/media\/3510"}],"wp:attachment":[{"href":"https:\/\/www.hiitiosemi.com\/de\/wp-json\/wp\/v2\/media?parent=3464"}],"wp:term":[{"taxonomy":"product_brand","embeddable":true,"href":"https:\/\/www.hiitiosemi.com\/de\/wp-json\/wp\/v2\/product_brand?post=3464"},{"taxonomy":"product_cat","embeddable":true,"href":"https:\/\/www.hiitiosemi.com\/de\/wp-json\/wp\/v2\/product_cat?post=3464"},{"taxonomy":"product_tag","embeddable":true,"href":"https:\/\/www.hiitiosemi.com\/de\/wp-json\/wp\/v2\/product_tag?post=3464"}],"curies":[{"name":"wp","href":"https:\/\/api.w.org\/{rel}","templated":true}]}}