{"id":3463,"date":"2025-11-07T07:10:29","date_gmt":"2025-11-07T07:10:29","guid":{"rendered":"https:\/\/www.hiitiosemi.com\/?post_type=product&#038;p=3463"},"modified":"2025-11-11T08:11:56","modified_gmt":"2025-11-11T08:11:56","slug":"3300v-1000a-igbt-module-h1-package-with-fwd","status":"publish","type":"product","link":"https:\/\/www.hiitiosemi.com\/de\/product\/3300v-1000a-igbt-module-h1-package-with-fwd\/","title":{"rendered":"3300V 1000A IGBT-Modul H1 Geh\u00e4use mit FWD"},"content":{"rendered":"<p>Der HCG1000S330H1K1 ist ein hochwertiges IGBT-Leistungssch\u00fctzmodul, das f\u00fcr anspruchsvolle Hochleistungsanwendungen entwickelt wurde. Mit fortschrittlicher planarer Gate-Technologie und Feldstop-Struktur bietet dieses Modul au\u00dfergew\u00f6hnliche Leistung in einem Standard H1-Geh\u00e4use.<\/p>\n<h3>Maximale Nennwerte<\/h3>\n<div class=\"tg-wrap\">\n<table>\n<thead>\n<tr>\n<th>Parameter<\/th>\n<th>Symbol<\/th>\n<th>Bedingungen<\/th>\n<th>Wert<\/th>\n<th>Einheit<\/th>\n<\/tr>\n<\/thead>\n<tbody>\n<tr>\n<td>Kollektor-Emitter-Spannung<\/td>\n<td>VCES<\/td>\n<td>VGE=0V, Tvj=25\u00b0C<\/td>\n<td>3300<\/td>\n<td>V<\/td>\n<\/tr>\n<tr>\n<td>Gleichstromkollektorstrom<\/td>\n<td>lc<\/td>\n<td>Tc=100\u00b0C, Tvj=150\u00b0C<\/td>\n<td>1000<\/td>\n<td>A<\/td>\n<\/tr>\n<tr>\n<td>Spitzenkollektorstrom<\/td>\n<td>CM<\/td>\n<td>tp=1ms<\/td>\n<td>2000<\/td>\n<td>A<\/td>\n<\/tr>\n<tr>\n<td>Gate-Emitter-Spannung<\/td>\n<td>VGES<\/td>\n<td><\/td>\n<td>\u00b120<\/td>\n<td>V<\/td>\n<\/tr>\n<tr>\n<td>Gesamtleistungsaufnahme<\/td>\n<td>Ptot<\/td>\n<td>Tc=25\u00b0C, Tvj=150\u00b0C<\/td>\n<td>10<\/td>\n<td>kW<\/td>\n<\/tr>\n<tr>\n<td>Gleichstromdurchlassstrom<\/td>\n<td>IF<\/td>\n<td><\/td>\n<td>1000<\/td>\n<td>A<\/td>\n<\/tr>\n<tr>\n<td>Spitzen-Gleichstrom<\/td>\n<td>IFRM<\/td>\n<td>tp=1ms<\/td>\n<td>2000<\/td>\n<td>A<\/td>\n<\/tr>\n<tr>\n<td>Sto\u00dfstrom<\/td>\n<td>IFSM<\/td>\n<td>VR=0V,Tvj=150\u2103,tp=10ms,Halbsinuswelle<\/td>\n<td>9000<\/td>\n<td>A<\/td>\n<\/tr>\n<tr>\n<td>IGBT Kurzschluss-SOA<\/td>\n<td>tpsc<\/td>\n<td>Vcc=2500V,VCEM<br \/>\nCHIP\u22643300V<br \/>\nVGE\u226415V, Tvj\u2264150\u2103<\/td>\n<td>10<\/td>\n<td>\u03bcs<\/td>\n<\/tr>\n<tr>\n<td>Maximaler Verbindungspunkt-Temperatur<\/td>\n<td>Tvj(max)<\/td>\n<td><\/td>\n<td>150<\/td>\n<td>\u2103<\/td>\n<\/tr>\n<tr>\n<td>Betriebstemperatur der Verbindung<\/td>\n<td>Tv( Betrieb)<\/td>\n<td><\/td>\n<td>-40~150<\/td>\n<td>\u2103<\/td>\n<\/tr>\n<tr>\n<td>Geh\u00e4usetemperatur<\/td>\n<td>Tc<\/td>\n<td><\/td>\n<td>-40~150<\/td>\n<td>\u2103<\/td>\n<\/tr>\n<tr>\n<td>Betriebstemperatur<\/td>\n<td>T lagern<\/td>\n<td><\/td>\n<td>-40~125<\/td>\n<td>\u2103<\/td>\n<\/tr>\n<\/tbody>\n<\/table>\n<\/div>","protected":false},"excerpt":{"rendered":"<ul>\n<li class=\"whitespace-normal break-words\"><strong>Niederspannungss\u00e4ttigung<\/strong>: VCE(sat) = 2,45V-3,80V (typ) f\u00fcr maximale Effizienz<\/li>\n<li class=\"whitespace-normal break-words\"><strong>Hohe Strombelastbarkeit<\/strong>: 1000A DC-Kollektorstrombewertung<\/li>\n<li class=\"whitespace-normal break-words\"><strong>\u00dcberlegene thermische Leistung<\/strong>: Sperrschichtbetriebstemperatur bis zu 150\u00b0C<\/li>\n<li class=\"whitespace-normal break-words\"><strong>Integrierter Schutz<\/strong>: Eingebauter Freilaufdiode f\u00fcr erh\u00f6hte Zuverl\u00e4ssigkeit<\/li>\n<li class=\"whitespace-normal break-words\"><strong>Standard H-Geh\u00e4use<\/strong>: Einfache Integration und Montage<\/li>\n<\/ul>","protected":false},"featured_media":3481,"comment_status":"closed","ping_status":"closed","template":"","meta":{"_acf_changed":false},"product_brand":[],"product_cat":[29],"product_tag":[],"class_list":{"0":"post-3463","1":"product","2":"type-product","3":"status-publish","4":"has-post-thumbnail","6":"product_cat-high-voltage-igbt-module","8":"first","9":"instock","10":"shipping-taxable","11":"product-type-variable","12":"has-default-attributes"},"acf":[],"_links":{"self":[{"href":"https:\/\/www.hiitiosemi.com\/de\/wp-json\/wp\/v2\/product\/3463","targetHints":{"allow":["GET"]}}],"collection":[{"href":"https:\/\/www.hiitiosemi.com\/de\/wp-json\/wp\/v2\/product"}],"about":[{"href":"https:\/\/www.hiitiosemi.com\/de\/wp-json\/wp\/v2\/types\/product"}],"replies":[{"embeddable":true,"href":"https:\/\/www.hiitiosemi.com\/de\/wp-json\/wp\/v2\/comments?post=3463"}],"wp:featuredmedia":[{"embeddable":true,"href":"https:\/\/www.hiitiosemi.com\/de\/wp-json\/wp\/v2\/media\/3481"}],"wp:attachment":[{"href":"https:\/\/www.hiitiosemi.com\/de\/wp-json\/wp\/v2\/media?parent=3463"}],"wp:term":[{"taxonomy":"product_brand","embeddable":true,"href":"https:\/\/www.hiitiosemi.com\/de\/wp-json\/wp\/v2\/product_brand?post=3463"},{"taxonomy":"product_cat","embeddable":true,"href":"https:\/\/www.hiitiosemi.com\/de\/wp-json\/wp\/v2\/product_cat?post=3463"},{"taxonomy":"product_tag","embeddable":true,"href":"https:\/\/www.hiitiosemi.com\/de\/wp-json\/wp\/v2\/product_tag?post=3463"}],"curies":[{"name":"wp","href":"https:\/\/api.w.org\/{rel}","templated":true}]}}