{"id":3461,"date":"2025-11-07T07:10:29","date_gmt":"2025-11-07T07:10:29","guid":{"rendered":"https:\/\/www.hiitiosemi.com\/?post_type=product&#038;p=3461"},"modified":"2025-11-27T09:47:08","modified_gmt":"2025-11-27T09:47:08","slug":"1200v-40m%cf%89-silicon-carbide-power-mosfet-to-247-4l","status":"publish","type":"product","link":"https:\/\/www.hiitiosemi.com\/de\/product\/1200v-40m%cf%89-silicon-carbide-power-mosfet-to-247-4l\/","title":{"rendered":"1200V 40m\u03a9 Siliziumkarbid-Leistungs-MOSFET TO-247-4L"},"content":{"rendered":"<p dir=\"auto\">Der HCM75S12T4K3 ist ein 1200V 75m\u03a9 Siliziumkarbid (SiC) Leistungs-MOSFET in einem TO-247-4L-Geh\u00e4use. Entwickelt mit fortschrittlicher SiC-Technologie, bietet er hohe Sperrspannung, niedrigen RDS(on), schnelles Schalten und robuste Zuverl\u00e4ssigkeit. Er ist ideal f\u00fcr hocheffiziente Stromwandlungssysteme, die kompaktes Design und thermische Stabilit\u00e4t erfordern.<\/p>\n<h2>Maximale Bewertungen<\/h2>\n<div class=\"tg-wrap\">\n<table style=\"undefined;table-layout: fixed; width: 656px;\">\n<colgroup>\n<col style=\"width: 204.393939px;\" \/>\n<col style=\"width: 91.393939px;\" \/>\n<col style=\"width: 232.393939px;\" \/>\n<col style=\"width: 73.393939px;\" \/>\n<col style=\"width: 54.393939px;\" \/> <\/colgroup>\n<thead>\n<tr>\n<th>Parameter<\/th>\n<th>Symbol<\/th>\n<th>Bedingung<\/th>\n<th>Wert<\/th>\n<th>Einheit<\/th>\n<\/tr>\n<\/thead>\n<tbody>\n<tr>\n<td>Drain-Source-Spannung<\/td>\n<td>VDS max<\/td>\n<td>VGs=0V,Ip=100\u03bcA<\/td>\n<td>1200<\/td>\n<td>V<\/td>\n<\/tr>\n<tr>\n<td rowspan=\"2\">Gate-Source-Spannung<\/td>\n<td>VGS max<\/td>\n<td>Absolute Maximalwerte<\/td>\n<td>-10\/+22<\/td>\n<td>V<\/td>\n<\/tr>\n<tr>\n<td>VGS Betrieb<\/td>\n<td>Empfohlene Betriebswerte<\/td>\n<td>-5\/+18<\/td>\n<td>V<\/td>\n<\/tr>\n<tr>\n<td rowspan=\"2\">Strom durch den Drain bei Dauerbetrieb<\/td>\n<td rowspan=\"2\">ID<\/td>\n<td>VGs=18V, Tc=25\u2103<\/td>\n<td>82<\/td>\n<td rowspan=\"2\">A<\/td>\n<\/tr>\n<tr>\n<td>VGs=18V, Tc=100\u2103<\/td>\n<td>58<\/td>\n<\/tr>\n<tr>\n<td>Puls-Strom durch den Drain<\/td>\n<td>ID Puls<\/td>\n<td>Impulsbreite tp begrenzt durch Tvjmax<\/td>\n<td>264<\/td>\n<td>A<\/td>\n<\/tr>\n<tr>\n<td>Leistungsaufnahme<\/td>\n<td>PD<\/td>\n<td>Tc=25\u2103, Tvjmax=175\u2103<\/td>\n<td>417<\/td>\n<td>W<\/td>\n<\/tr>\n<tr>\n<td>Betriebstemperatur der Verbindung<\/td>\n<td>Tvjop<\/td>\n<td><\/td>\n<td>-55~175<\/td>\n<td>\u2103<\/td>\n<\/tr>\n<tr>\n<td>Temperaturbereich f\u00fcr Lagerung<\/td>\n<td>Tstg<\/td>\n<td><\/td>\n<td>-55~175<\/td>\n<td>\u2103<\/td>\n<\/tr>\n<\/tbody>\n<\/table>\n<\/div>","protected":false},"excerpt":{"rendered":"<ul>\n<li data-start=\"533\" data-end=\"580\">1200V hohe Sperrspannung mit 40m\u03a9 RDS(on)<\/li>\n<li data-start=\"583\" data-end=\"636\">Hochgeschwindigkeits-Schalten mit niedriger parasit\u00e4rer Kapazit\u00e4t<\/li>\n<li data-start=\"639\" data-end=\"697\">Widerstandsf\u00e4hig gegen Latch-up, einfach zu parallelisieren, leicht zu treiben<\/li>\n<li data-start=\"700\" data-end=\"752\">Zuverl\u00e4ssiger Betrieb bis zu einer Sperrschichttemperatur von 175\u2103<\/li>\n<li data-start=\"755\" data-end=\"785\">Halogenfrei, RoHS-konform<\/li>\n<li data-start=\"788\" data-end=\"843\">Ausgezeichnete thermische Leistung mit geringem Schaltverlust<\/li>\n<\/ul>","protected":false},"featured_media":3479,"comment_status":"closed","ping_status":"closed","template":"","meta":{"_acf_changed":false},"product_brand":[],"product_cat":[26],"product_tag":[],"class_list":{"0":"post-3461","1":"product","2":"type-product","3":"status-publish","4":"has-post-thumbnail","6":"product_cat-sic-discrete-mosfet","8":"first","9":"instock","10":"shipping-taxable","11":"product-type-variable","12":"has-default-attributes"},"acf":[],"_links":{"self":[{"href":"https:\/\/www.hiitiosemi.com\/de\/wp-json\/wp\/v2\/product\/3461","targetHints":{"allow":["GET"]}}],"collection":[{"href":"https:\/\/www.hiitiosemi.com\/de\/wp-json\/wp\/v2\/product"}],"about":[{"href":"https:\/\/www.hiitiosemi.com\/de\/wp-json\/wp\/v2\/types\/product"}],"replies":[{"embeddable":true,"href":"https:\/\/www.hiitiosemi.com\/de\/wp-json\/wp\/v2\/comments?post=3461"}],"wp:featuredmedia":[{"embeddable":true,"href":"https:\/\/www.hiitiosemi.com\/de\/wp-json\/wp\/v2\/media\/3479"}],"wp:attachment":[{"href":"https:\/\/www.hiitiosemi.com\/de\/wp-json\/wp\/v2\/media?parent=3461"}],"wp:term":[{"taxonomy":"product_brand","embeddable":true,"href":"https:\/\/www.hiitiosemi.com\/de\/wp-json\/wp\/v2\/product_brand?post=3461"},{"taxonomy":"product_cat","embeddable":true,"href":"https:\/\/www.hiitiosemi.com\/de\/wp-json\/wp\/v2\/product_cat?post=3461"},{"taxonomy":"product_tag","embeddable":true,"href":"https:\/\/www.hiitiosemi.com\/de\/wp-json\/wp\/v2\/product_tag?post=3461"}],"curies":[{"name":"wp","href":"https:\/\/api.w.org\/{rel}","templated":true}]}}