{"id":3456,"date":"2025-11-07T07:10:28","date_gmt":"2025-11-07T07:10:28","guid":{"rendered":"https:\/\/www.hiitiosemi.com\/?post_type=product&#038;p=3456"},"modified":"2025-11-11T09:29:00","modified_gmt":"2025-11-11T09:29:00","slug":"1700v-1200a-igbt-module-chopper-e6-package-with-fwd-and-ntc","status":"publish","type":"product","link":"https:\/\/www.hiitiosemi.com\/de\/product\/1700v-1200a-igbt-module-chopper-e6-package-with-fwd-and-ntc\/","title":{"rendered":"1700V 1200A IGBT-Modul, Chopper, E6-Geh\u00e4use, mit FWD und NTC"},"content":{"rendered":"<p dir=\"auto\">Das HCG1200FC170D3K5 ist ein leistungsstarkes 1700V 1200A IGBT-Modul mit Chopper-Struktur, entwickelt f\u00fcr Hochleistungs-Industrieanwendungen. Mit einem E6-Geh\u00e4use, integriertem Freilaufdiode (FWD) und NTC-Thermistor, nutzt es fortschrittliche 1700V Trench-Gate- und Field-Stop-Technologie f\u00fcr geringe Verluste, hohe Zuverl\u00e4ssigkeit und robusten Kurzschlussschutz. Dieses Modul ist ideal f\u00fcr effizientes Energiemanagement in erneuerbaren Energie- und Industriesystemen.<\/p>\n<h2>Maximale Bewertungen<\/h2>\n<table>\n<thead>\n<tr>\n<th data-col-size=\"xl\">Parameter<\/th>\n<th data-col-size=\"md\">Symbol<\/th>\n<th data-col-size=\"lg\">Bedingung<\/th>\n<th data-col-size=\"md\">Wert<\/th>\n<th data-col-size=\"xs\">Einheit<\/th>\n<\/tr>\n<\/thead>\n<tbody>\n<tr>\n<td data-col-size=\"xl\">Kollektor-Emitter-Spannung<\/td>\n<td data-col-size=\"md\">VCES<\/td>\n<td data-col-size=\"lg\">VGE=0V, Tvj=25\u00b0C<\/td>\n<td data-col-size=\"md\">1700<\/td>\n<td data-col-size=\"xs\">V<\/td>\n<\/tr>\n<tr>\n<td data-col-size=\"xl\">Gleichstromkollektorstrom<\/td>\n<td data-col-size=\"md\">IC<\/td>\n<td data-col-size=\"lg\">TC=95\u00b0C, Tvj max=175\u00b0C<\/td>\n<td data-col-size=\"md\">1200<\/td>\n<td data-col-size=\"xs\">A<\/td>\n<\/tr>\n<tr>\n<td data-col-size=\"xl\">Spitzenkollektorstrom<\/td>\n<td data-col-size=\"md\">ICM<\/td>\n<td data-col-size=\"lg\">tp=1ms<\/td>\n<td data-col-size=\"md\">2400<\/td>\n<td data-col-size=\"xs\">A<\/td>\n<\/tr>\n<tr>\n<td data-col-size=\"xl\">Gate-Emitter-Spitzenspannung<\/td>\n<td data-col-size=\"md\">VGES<\/td>\n<td data-col-size=\"lg\">&#8211;<\/td>\n<td data-col-size=\"md\">\u00b120<\/td>\n<td data-col-size=\"xs\">V<\/td>\n<\/tr>\n<tr>\n<td data-col-size=\"xl\">IGBT-Maximalleistung<\/td>\n<td data-col-size=\"md\">Ptot<\/td>\n<td data-col-size=\"lg\">TC=25\u00b0C, Tvj max=175\u00b0C<\/td>\n<td data-col-size=\"md\">5555<\/td>\n<td data-col-size=\"xs\">W<\/td>\n<\/tr>\n<tr>\n<td data-col-size=\"xl\">Repetitive Spitzensperrspannung<\/td>\n<td data-col-size=\"md\">VRRM<\/td>\n<td data-col-size=\"lg\">Tvj=25\u00b0C<\/td>\n<td data-col-size=\"md\">1700<\/td>\n<td data-col-size=\"xs\">V<\/td>\n<\/tr>\n<tr>\n<td data-col-size=\"xl\">St\u00e4ndiger DC-Forward-Strom (Brems-Chopper-Diode)<\/td>\n<td data-col-size=\"md\">IF<\/td>\n<td data-col-size=\"lg\">&#8211;<\/td>\n<td data-col-size=\"md\">600<\/td>\n<td data-col-size=\"xs\">A<\/td>\n<\/tr>\n<tr>\n<td data-col-size=\"xl\">St\u00e4ndiger DC-Forward-Strom (R\u00fcckw\u00e4rtige Diode)<\/td>\n<td data-col-size=\"md\">IF<\/td>\n<td data-col-size=\"lg\">&#8211;<\/td>\n<td data-col-size=\"md\">200<\/td>\n<td data-col-size=\"xs\">A<\/td>\n<\/tr>\n<tr>\n<td data-col-size=\"xl\">Repetitiver Spitzen-Forward-Strom (Brems-Chopper-Diode)<\/td>\n<td data-col-size=\"md\">IFRM<\/td>\n<td data-col-size=\"lg\">tp=1ms<\/td>\n<td data-col-size=\"md\">1200<\/td>\n<td data-col-size=\"xs\">A<\/td>\n<\/tr>\n<tr>\n<td data-col-size=\"xl\">Repetitiver Spitzen-Forward-Strom (R\u00fcckw\u00e4rtige Diode)<\/td>\n<td data-col-size=\"md\">IFRM<\/td>\n<td data-col-size=\"lg\">tp=1ms<\/td>\n<td data-col-size=\"md\">400<\/td>\n<td data-col-size=\"xs\">A<\/td>\n<\/tr>\n<tr>\n<td data-col-size=\"xl\">I\u00b2t-Wert (Brems-Chopper-Diode)<\/td>\n<td data-col-size=\"md\">I\u00b2t<\/td>\n<td data-col-size=\"lg\">VR=0V, tp=10ms, Tvj=125\u00b0C<\/td>\n<td data-col-size=\"md\">58650<\/td>\n<td data-col-size=\"xs\">A\u00b2s<\/td>\n<\/tr>\n<tr>\n<td data-col-size=\"xl\">I\u00b2t-Wert (Gleichrichterdiode)<\/td>\n<td data-col-size=\"md\">I\u00b2t<\/td>\n<td data-col-size=\"lg\">VR=0V, tp=10ms, Tvj=125\u00b0C<\/td>\n<td data-col-size=\"md\">6615<\/td>\n<td data-col-size=\"xs\">A\u00b2s<\/td>\n<\/tr>\n<tr>\n<td data-col-size=\"xl\">Maximaler Verbindungspunkt-Temperatur<\/td>\n<td data-col-size=\"md\">Tvj max<\/td>\n<td data-col-size=\"lg\">&#8211;<\/td>\n<td data-col-size=\"md\">175<\/td>\n<td data-col-size=\"xs\">\u00b0C<\/td>\n<\/tr>\n<tr>\n<td data-col-size=\"xl\">Betriebskontakt-Temperatur<\/td>\n<td data-col-size=\"md\">Tvj op<\/td>\n<td data-col-size=\"lg\">&#8211;<\/td>\n<td data-col-size=\"md\">-40 bis 150<\/td>\n<td data-col-size=\"xs\">\u00b0C<\/td>\n<\/tr>\n<tr>\n<td data-col-size=\"xl\">Betriebstemperatur<\/td>\n<td data-col-size=\"md\">Tstg<\/td>\n<td data-col-size=\"lg\">&#8211;<\/td>\n<td data-col-size=\"md\">-40 bis 125<\/td>\n<td data-col-size=\"xs\">\u00b0C<\/td>\n<\/tr>\n<\/tbody>\n<\/table>","protected":false},"excerpt":{"rendered":"<ul>\n<li>1700V Trench-Gate- &amp; Field-Stop-Struktur f\u00fcr optimale Leistung<\/li>\n<li>Hohe Zuverl\u00e4ssigkeit in anspruchsvollen Umgebungen<\/li>\n<li>Positiver Temperaturkoeffizient f\u00fcr thermische Stabilit\u00e4t<\/li>\n<li>Integrierter FWD mit separatem Brems-Chopper (600A) und R\u00fcckw\u00e4rtsdiode (200A)<\/li>\n<li>Chopper-Struktur f\u00fcr verbesserte Schaltleistung<\/li>\n<\/ul>","protected":false},"featured_media":3478,"comment_status":"closed","ping_status":"closed","template":"","meta":{"_acf_changed":false},"product_brand":[],"product_cat":[25],"product_tag":[],"class_list":{"0":"post-3456","1":"product","2":"type-product","3":"status-publish","4":"has-post-thumbnail","6":"product_cat-igbt-module","8":"first","9":"instock","10":"shipping-taxable","11":"product-type-variable","12":"has-default-attributes"},"acf":[],"_links":{"self":[{"href":"https:\/\/www.hiitiosemi.com\/de\/wp-json\/wp\/v2\/product\/3456","targetHints":{"allow":["GET"]}}],"collection":[{"href":"https:\/\/www.hiitiosemi.com\/de\/wp-json\/wp\/v2\/product"}],"about":[{"href":"https:\/\/www.hiitiosemi.com\/de\/wp-json\/wp\/v2\/types\/product"}],"replies":[{"embeddable":true,"href":"https:\/\/www.hiitiosemi.com\/de\/wp-json\/wp\/v2\/comments?post=3456"}],"wp:featuredmedia":[{"embeddable":true,"href":"https:\/\/www.hiitiosemi.com\/de\/wp-json\/wp\/v2\/media\/3478"}],"wp:attachment":[{"href":"https:\/\/www.hiitiosemi.com\/de\/wp-json\/wp\/v2\/media?parent=3456"}],"wp:term":[{"taxonomy":"product_brand","embeddable":true,"href":"https:\/\/www.hiitiosemi.com\/de\/wp-json\/wp\/v2\/product_brand?post=3456"},{"taxonomy":"product_cat","embeddable":true,"href":"https:\/\/www.hiitiosemi.com\/de\/wp-json\/wp\/v2\/product_cat?post=3456"},{"taxonomy":"product_tag","embeddable":true,"href":"https:\/\/www.hiitiosemi.com\/de\/wp-json\/wp\/v2\/product_tag?post=3456"}],"curies":[{"name":"wp","href":"https:\/\/api.w.org\/{rel}","templated":true}]}}