{"id":3455,"date":"2025-11-07T07:10:28","date_gmt":"2025-11-07T07:10:28","guid":{"rendered":"https:\/\/www.hiitiosemi.com\/?post_type=product&#038;p=3455"},"modified":"2025-11-11T09:29:41","modified_gmt":"2025-11-11T09:29:41","slug":"1700v-600a-igbt-module-e6-package-with-fwd-and-ntc","status":"publish","type":"product","link":"https:\/\/www.hiitiosemi.com\/de\/product\/1700v-600a-igbt-module-e6-package-with-fwd-and-ntc\/","title":{"rendered":"1700V 600A IGBT-Modul, E6-Geh\u00e4use, mit FWD und NTC"},"content":{"rendered":"<p dir=\"auto\">Das HCG600FH170D3K4 ist ein robustes 1700V 600A IGBT-Modul, das f\u00fcr Hochleistungsanwendungen optimiert ist. Es ist in einem E6-Geh\u00e4use mit integriertem Freilaufdiode (FWD) und NTC-Thermistor untergebracht und nutzt fortschrittliche 1700V Trench-Gate- und Feldstopp-Technologie f\u00fcr minimale Schaltverluste und \u00fcberlegene Kurzschlussfestigkeit. Dieses Modul ist f\u00fcr Zuverl\u00e4ssigkeit in anspruchsvollen Umgebungen wie erneuerbaren Energiesystemen ausgelegt.<\/p>\n<h2>Maximale Bewertungen<\/h2>\n<table>\n<thead>\n<tr>\n<th data-col-size=\"xl\">Parameter<\/th>\n<th data-col-size=\"md\">Symbol<\/th>\n<th data-col-size=\"lg\">Bedingung<\/th>\n<th data-col-size=\"md\">Wert<\/th>\n<th data-col-size=\"xs\">Einheit<\/th>\n<\/tr>\n<\/thead>\n<tbody>\n<tr>\n<td data-col-size=\"xl\">Kollektor-Emitter-Spannung<\/td>\n<td data-col-size=\"md\">VCES<\/td>\n<td data-col-size=\"lg\">VGE=0V, Tvj=25\u00b0C<\/td>\n<td data-col-size=\"md\">1700<\/td>\n<td data-col-size=\"xs\">V<\/td>\n<\/tr>\n<tr>\n<td data-col-size=\"xl\">Gleichstromkollektorstrom<\/td>\n<td data-col-size=\"md\">IC<\/td>\n<td data-col-size=\"lg\">TC=110\u00b0C, Tvj max=175\u00b0C<\/td>\n<td data-col-size=\"md\">600<\/td>\n<td data-col-size=\"xs\">A<\/td>\n<\/tr>\n<tr>\n<td data-col-size=\"xl\">Spitzenkollektorstrom<\/td>\n<td data-col-size=\"md\">ICM<\/td>\n<td data-col-size=\"lg\">tp=1ms<\/td>\n<td data-col-size=\"md\">1200<\/td>\n<td data-col-size=\"xs\">A<\/td>\n<\/tr>\n<tr>\n<td data-col-size=\"xl\">Gate-Emitter-Spitzenspannung<\/td>\n<td data-col-size=\"md\">VGES<\/td>\n<td data-col-size=\"lg\">&#8211;<\/td>\n<td data-col-size=\"md\">\u00b120<\/td>\n<td data-col-size=\"xs\">V<\/td>\n<\/tr>\n<tr>\n<td data-col-size=\"xl\">Gesamtleistungsaufnahme<\/td>\n<td data-col-size=\"md\">Ptot<\/td>\n<td data-col-size=\"lg\">TC=25\u00b0C, Tvj max=175\u00b0C<\/td>\n<td data-col-size=\"md\">3660<\/td>\n<td data-col-size=\"xs\">W<\/td>\n<\/tr>\n<tr>\n<td data-col-size=\"xl\">Repetitive Spitzensperrspannung<\/td>\n<td data-col-size=\"md\">VRRM<\/td>\n<td data-col-size=\"lg\">Tvj=25\u00b0C<\/td>\n<td data-col-size=\"md\">1700<\/td>\n<td data-col-size=\"xs\">V<\/td>\n<\/tr>\n<tr>\n<td data-col-size=\"xl\">St\u00e4ndiger Gleichstromdurchlassstrom<\/td>\n<td data-col-size=\"md\">IF<\/td>\n<td data-col-size=\"lg\">&#8211;<\/td>\n<td data-col-size=\"md\">600<\/td>\n<td data-col-size=\"xs\">A<\/td>\n<\/tr>\n<tr>\n<td data-col-size=\"xl\">Repetitiver Spitzendurchlassstrom<\/td>\n<td data-col-size=\"md\">IFRM<\/td>\n<td data-col-size=\"lg\">tp=1ms<\/td>\n<td data-col-size=\"md\">1200<\/td>\n<td data-col-size=\"xs\">A<\/td>\n<\/tr>\n<tr>\n<td data-col-size=\"xl\">I\u00b2t-Wert<\/td>\n<td data-col-size=\"md\">I\u00b2t<\/td>\n<td data-col-size=\"lg\">VR=0V, tp=10ms, Tvj=125\u00b0C<\/td>\n<td data-col-size=\"md\">41530<\/td>\n<td data-col-size=\"xs\">A\u00b2s<\/td>\n<\/tr>\n<tr>\n<td data-col-size=\"xl\">Kurzschlussfestigkeit des IGBT<\/td>\n<td data-col-size=\"md\">tpsc<\/td>\n<td data-col-size=\"lg\">&#8211;<\/td>\n<td data-col-size=\"md\">10<\/td>\n<td data-col-size=\"xs\">\u03bcs<\/td>\n<\/tr>\n<tr>\n<td data-col-size=\"xl\">Maximaler Verbindungspunkt-Temperatur<\/td>\n<td data-col-size=\"md\">Tvj max<\/td>\n<td data-col-size=\"lg\">&#8211;<\/td>\n<td data-col-size=\"md\">175<\/td>\n<td data-col-size=\"xs\">\u00b0C<\/td>\n<\/tr>\n<tr>\n<td data-col-size=\"xl\">Betriebskontakt-Temperatur<\/td>\n<td data-col-size=\"md\">Tvj op<\/td>\n<td data-col-size=\"lg\">&#8211;<\/td>\n<td data-col-size=\"md\">-40 bis 150<\/td>\n<td data-col-size=\"xs\">\u00b0C<\/td>\n<\/tr>\n<tr>\n<td data-col-size=\"xl\">Betriebstemperatur<\/td>\n<td data-col-size=\"md\">Tstg<\/td>\n<td data-col-size=\"lg\">&#8211;<\/td>\n<td data-col-size=\"md\">-40 bis 125<\/td>\n<td data-col-size=\"xs\">\u00b0C<\/td>\n<\/tr>\n<\/tbody>\n<\/table>","protected":false},"excerpt":{"rendered":"<ul>\n<li>1700V Trench-Gate- &amp; Feldstopp-Struktur f\u00fcr verbesserte Leistung<\/li>\n<li>Niedrige Schaltverluste f\u00fcr Energieeffizienz<\/li>\n<li>Hohe Kurzschlussf\u00e4higkeit (bis zu 10\u03bcs Standzeit)<\/li>\n<li>Positiver Temperaturkoeffizient f\u00fcr Betriebssicherheit<\/li>\n<li>Hohe Zuverl\u00e4ssigkeit mit integriertem FWD und NTC<\/li>\n<\/ul>","protected":false},"featured_media":3476,"comment_status":"closed","ping_status":"closed","template":"","meta":{"_acf_changed":false},"product_brand":[],"product_cat":[25],"product_tag":[],"class_list":{"0":"post-3455","1":"product","2":"type-product","3":"status-publish","4":"has-post-thumbnail","6":"product_cat-igbt-module","8":"first","9":"instock","10":"shipping-taxable","11":"product-type-variable","12":"has-default-attributes"},"acf":[],"_links":{"self":[{"href":"https:\/\/www.hiitiosemi.com\/de\/wp-json\/wp\/v2\/product\/3455","targetHints":{"allow":["GET"]}}],"collection":[{"href":"https:\/\/www.hiitiosemi.com\/de\/wp-json\/wp\/v2\/product"}],"about":[{"href":"https:\/\/www.hiitiosemi.com\/de\/wp-json\/wp\/v2\/types\/product"}],"replies":[{"embeddable":true,"href":"https:\/\/www.hiitiosemi.com\/de\/wp-json\/wp\/v2\/comments?post=3455"}],"wp:featuredmedia":[{"embeddable":true,"href":"https:\/\/www.hiitiosemi.com\/de\/wp-json\/wp\/v2\/media\/3476"}],"wp:attachment":[{"href":"https:\/\/www.hiitiosemi.com\/de\/wp-json\/wp\/v2\/media?parent=3455"}],"wp:term":[{"taxonomy":"product_brand","embeddable":true,"href":"https:\/\/www.hiitiosemi.com\/de\/wp-json\/wp\/v2\/product_brand?post=3455"},{"taxonomy":"product_cat","embeddable":true,"href":"https:\/\/www.hiitiosemi.com\/de\/wp-json\/wp\/v2\/product_cat?post=3455"},{"taxonomy":"product_tag","embeddable":true,"href":"https:\/\/www.hiitiosemi.com\/de\/wp-json\/wp\/v2\/product_tag?post=3455"}],"curies":[{"name":"wp","href":"https:\/\/api.w.org\/{rel}","templated":true}]}}