{"id":3453,"date":"2025-11-07T07:10:28","date_gmt":"2025-11-07T07:10:28","guid":{"rendered":"https:\/\/www.hiitiosemi.com\/?post_type=product&#038;p=3453"},"modified":"2025-11-11T09:27:14","modified_gmt":"2025-11-11T09:27:14","slug":"1700v-600a-igbt-modulechopper-e6-package-with-fwd-and-ntc","status":"publish","type":"product","link":"https:\/\/www.hiitiosemi.com\/de\/product\/1700v-600a-igbt-modulechopper-e6-package-with-fwd-and-ntc\/","title":{"rendered":"1700V 600A IGBT-Modul,Chopper, E6-Geh\u00e4use, mit FWD und NTC"},"content":{"rendered":"<p dir=\"auto\">Das HCG600FC170D3K4 ist ein Hochleistungs-1700V 600A IGBT-Modul, das f\u00fcr anspruchsvolle Leistungselektronik-Anwendungen entwickelt wurde. Mit einem E6-Geh\u00e4use, integriertem Freilaufdiode (FWD) und NTC-Thermistor bietet dieses Modul au\u00dfergew\u00f6hnliche Effizienz und Zuverl\u00e4ssigkeit. Ausgestattet mit einer fortschrittlichen 1700V Trench-Gate- und Field-Stop-Struktur sorgt es f\u00fcr geringe Schaltverluste und hohe Kurzschlussf\u00e4higkeit, was es ideal f\u00fcr Industrie- und erneuerbare Energiesysteme macht.<\/p>\n<h2>Maximale Bewertungen<\/h2>\n<div class=\"tg-wrap\">\n<table style=\"undefined;table-layout: fixed; width: 605px;\">\n<colgroup>\n<col style=\"width: 212.393939px;\" \/>\n<col style=\"width: 75.393939px;\" \/>\n<col style=\"width: 184.393939px;\" \/>\n<col style=\"width: 74.393939px;\" \/>\n<col style=\"width: 58.393939px;\" \/> <\/colgroup>\n<thead>\n<tr>\n<th>Parameter<\/th>\n<th>Symbol<\/th>\n<th>Bedingung<\/th>\n<th>Wert<\/th>\n<th>Einheit<\/th>\n<\/tr>\n<\/thead>\n<tbody>\n<tr>\n<td>Kollektor-Emitter-Spannung<\/td>\n<td>VCES<\/td>\n<td>VGE=0V, Tvj=25\u2103<\/td>\n<td>1700<\/td>\n<td>V<\/td>\n<\/tr>\n<tr>\n<td>Gleichstrom-Kollektorstrom<\/td>\n<td>lc<\/td>\n<td>Tc=110\u2103,Tvjmax=175\u2103<\/td>\n<td>600<\/td>\n<td>A<\/td>\n<\/tr>\n<tr>\n<td>Spitzen-Kollektorstrom<\/td>\n<td>ICM<\/td>\n<td>tp=1ms<\/td>\n<td>1200<\/td>\n<td>A<\/td>\n<\/tr>\n<tr>\n<td>Gate-Emitter-Spitzenspannung<\/td>\n<td>VGES<\/td>\n<td><\/td>\n<td>\u00b120<\/td>\n<td>V<\/td>\n<\/tr>\n<tr>\n<td>Gesamtleistung dissipiert<\/td>\n<td>Ptot<\/td>\n<td>Tc=25\u2103,Tvjmax=175\u2103<\/td>\n<td>3660<\/td>\n<td>W<\/td>\n<\/tr>\n<tr>\n<td>Repetitive Spitzensperrspannung<\/td>\n<td>VRRM<\/td>\n<td>Tvj=25\u2103<\/td>\n<td>1700<\/td>\n<td>V<\/td>\n<\/tr>\n<tr>\n<td>St\u00e4ndiger Gleichstromdurchlassstrom<\/td>\n<td>IF<\/td>\n<td><\/td>\n<td>600<\/td>\n<td>A<\/td>\n<\/tr>\n<tr>\n<td>Repetitiver Spitzendurchlassstrom<\/td>\n<td>IFRM<\/td>\n<td>tp=1ms<\/td>\n<td>1200<\/td>\n<td>A<\/td>\n<\/tr>\n<tr>\n<td>Pt-Wert<\/td>\n<td>12t<\/td>\n<td>VR=0V, tp=10ms, Tvj=125\u2103<\/td>\n<td>59000<\/td>\n<td>A2s<\/td>\n<\/tr>\n<tr>\n<td>IGBT-Kurzschlusswiderstandsf\u00e4higkeitszeit<\/td>\n<td>tpsc<\/td>\n<td><\/td>\n<td>10<\/td>\n<td>\u03bcs<\/td>\n<\/tr>\n<tr>\n<td>Maximale Anschluss-Temperatur<\/td>\n<td>Tvjmax<\/td>\n<td><\/td>\n<td>175<\/td>\n<td>\u2103<\/td>\n<\/tr>\n<tr>\n<td>Betriebstemperatur der Verbindung<\/td>\n<td>Tvjop<\/td>\n<td><\/td>\n<td>-40~150<\/td>\n<td>\u2103<\/td>\n<\/tr>\n<tr>\n<td>Speichertemperatur<\/td>\n<td>Tstg<\/td>\n<td><\/td>\n<td>-40~125<\/td>\n<td>\u2103<\/td>\n<\/tr>\n<\/tbody>\n<\/table>\n<\/div>","protected":false},"excerpt":{"rendered":"<ul>\n<li>1700V Trench-Gate- &amp; Field-Stop-Struktur f\u00fcr \u00fcberlegene Leistung<\/li>\n<li>Geringe Schaltverluste f\u00fcr verbesserte Energieeffizienz<\/li>\n<li>Hohe Kurzschlussf\u00e4higkeit (bis zu 10\u03bcs Standzeit)<\/li>\n<li>Positiver Temperaturkoeffizient f\u00fcr stabilen Betrieb<\/li>\n<li>Hohe Zuverl\u00e4ssigkeit mit integriertem FWD und NTC<\/li>\n<\/ul>","protected":false},"featured_media":3476,"comment_status":"closed","ping_status":"closed","template":"","meta":{"_acf_changed":false},"product_brand":[],"product_cat":[25],"product_tag":[],"class_list":{"0":"post-3453","1":"product","2":"type-product","3":"status-publish","4":"has-post-thumbnail","6":"product_cat-igbt-module","8":"first","9":"instock","10":"shipping-taxable","11":"product-type-variable","12":"has-default-attributes"},"acf":[],"_links":{"self":[{"href":"https:\/\/www.hiitiosemi.com\/de\/wp-json\/wp\/v2\/product\/3453","targetHints":{"allow":["GET"]}}],"collection":[{"href":"https:\/\/www.hiitiosemi.com\/de\/wp-json\/wp\/v2\/product"}],"about":[{"href":"https:\/\/www.hiitiosemi.com\/de\/wp-json\/wp\/v2\/types\/product"}],"replies":[{"embeddable":true,"href":"https:\/\/www.hiitiosemi.com\/de\/wp-json\/wp\/v2\/comments?post=3453"}],"wp:featuredmedia":[{"embeddable":true,"href":"https:\/\/www.hiitiosemi.com\/de\/wp-json\/wp\/v2\/media\/3476"}],"wp:attachment":[{"href":"https:\/\/www.hiitiosemi.com\/de\/wp-json\/wp\/v2\/media?parent=3453"}],"wp:term":[{"taxonomy":"product_brand","embeddable":true,"href":"https:\/\/www.hiitiosemi.com\/de\/wp-json\/wp\/v2\/product_brand?post=3453"},{"taxonomy":"product_cat","embeddable":true,"href":"https:\/\/www.hiitiosemi.com\/de\/wp-json\/wp\/v2\/product_cat?post=3453"},{"taxonomy":"product_tag","embeddable":true,"href":"https:\/\/www.hiitiosemi.com\/de\/wp-json\/wp\/v2\/product_tag?post=3453"}],"curies":[{"name":"wp","href":"https:\/\/api.w.org\/{rel}","templated":true}]}}