{"id":3430,"date":"2025-11-07T07:10:05","date_gmt":"2025-11-07T07:10:05","guid":{"rendered":"https:\/\/www.hiitiosemi.com\/?post_type=product&#038;p=3430"},"modified":"2025-11-11T09:46:11","modified_gmt":"2025-11-11T09:46:11","slug":"1200v-450a-lgbt-module-e6-package-with-fwd-and-ntc","status":"publish","type":"product","link":"https:\/\/www.hiitiosemi.com\/de\/product\/1200v-450a-lgbt-module-e6-package-with-fwd-and-ntc\/","title":{"rendered":"1200V 450A lGBT-Modul, E6-Geh\u00e4use, mit FWD und NTC"},"content":{"rendered":"<p>Das <strong data-start=\"183\" data-end=\"214\">HCG450FH120D3K4 IGBT-Modul<\/strong> von HIITIO ist ein Hochleistungs-Leistungshalbleiter mit 1200V, 450A in einem E6-Geh\u00e4use. Mit niedrigen Schaltverlusten, hoher Zuverl\u00e4ssigkeit und einem positiven Temperaturkoeffizienten integriert dieses Modul eine Freilaufdiode (FWD) und einen NTC f\u00fcr effizientes thermisches Monitoring.<\/p>\n<h2>Maximale Bewertungen<\/h2>\n<table class=\"product-specs\" border=\"1\" cellspacing=\"0\" cellpadding=\"6\">\n<thead>\n<tr>\n<th>Parameter<\/th>\n<th>Symbol<\/th>\n<th>Wert<\/th>\n<th>Einheit<\/th>\n<\/tr>\n<\/thead>\n<tbody>\n<tr>\n<td>Kollektor-Emitter-Spannung<\/td>\n<td>VCES<\/td>\n<td>1200<\/td>\n<td>V<\/td>\n<\/tr>\n<tr>\n<td>Gleichstrom-Kollektorstrom, Tc=100\u2103<\/td>\n<td>Ic<\/td>\n<td>450<\/td>\n<td>A<\/td>\n<\/tr>\n<tr>\n<td>Spitzen-Kollektorstrom, tp=1ms<\/td>\n<td>ICM<\/td>\n<td>900<\/td>\n<td>A<\/td>\n<\/tr>\n<tr>\n<td>Gate-Emitter-Spannung<\/td>\n<td>VGES<\/td>\n<td>\u00b120<\/td>\n<td>V<\/td>\n<\/tr>\n<tr>\n<td>Diode Durchlassstrom<\/td>\n<td>IF<\/td>\n<td>450<\/td>\n<td>A<\/td>\n<\/tr>\n<tr>\n<td>Spitzen-Durchlassstrom der Diode, tp=1ms<\/td>\n<td>IFRM<\/td>\n<td>900<\/td>\n<td>A<\/td>\n<\/tr>\n<tr>\n<td>IGBT-Maximalleistung<\/td>\n<td>PD<\/td>\n<td>2080<\/td>\n<td>W<\/td>\n<\/tr>\n<tr>\n<td>Kurzschlussfestigkeit des IGBT<\/td>\n<td>tsc<\/td>\n<td>10<\/td>\n<td>\u03bcs<\/td>\n<\/tr>\n<tr>\n<td>Maximaler Verbindungspunkt-Temperatur<\/td>\n<td>Tvj, max<\/td>\n<td>175<\/td>\n<td>\u2103<\/td>\n<\/tr>\n<tr>\n<td>Betriebskontakt-Temperatur<\/td>\n<td>Tvj, op<\/td>\n<td>-40~150<\/td>\n<td>\u2103<\/td>\n<\/tr>\n<tr>\n<td>Temperaturbereich f\u00fcr Lagerung<\/td>\n<td>Tstg<\/td>\n<td>-40~125<\/td>\n<td>\u2103<\/td>\n<\/tr>\n<\/tbody>\n<\/table>\n<p>&nbsp;<\/p>","protected":false},"excerpt":{"rendered":"<ul>\n<li>1200V Trench-Gate- und Field-Stop-Struktur<\/li>\n<li>Hohe Kurzschlussf\u00e4higkeit<\/li>\n<li>Niedrige Schaltverluste<\/li>\n<li>Hohe Zuverl\u00e4ssigkeit<\/li>\n<li>Positiver Temperaturkoeffizient<\/li>\n<\/ul>","protected":false},"featured_media":3472,"comment_status":"closed","ping_status":"closed","template":"","meta":{"_acf_changed":false},"product_brand":[],"product_cat":[25],"product_tag":[],"class_list":{"0":"post-3430","1":"product","2":"type-product","3":"status-publish","4":"has-post-thumbnail","6":"product_cat-igbt-module","8":"first","9":"instock","10":"shipping-taxable","11":"product-type-variable","12":"has-default-attributes"},"acf":[],"_links":{"self":[{"href":"https:\/\/www.hiitiosemi.com\/de\/wp-json\/wp\/v2\/product\/3430","targetHints":{"allow":["GET"]}}],"collection":[{"href":"https:\/\/www.hiitiosemi.com\/de\/wp-json\/wp\/v2\/product"}],"about":[{"href":"https:\/\/www.hiitiosemi.com\/de\/wp-json\/wp\/v2\/types\/product"}],"replies":[{"embeddable":true,"href":"https:\/\/www.hiitiosemi.com\/de\/wp-json\/wp\/v2\/comments?post=3430"}],"wp:featuredmedia":[{"embeddable":true,"href":"https:\/\/www.hiitiosemi.com\/de\/wp-json\/wp\/v2\/media\/3472"}],"wp:attachment":[{"href":"https:\/\/www.hiitiosemi.com\/de\/wp-json\/wp\/v2\/media?parent=3430"}],"wp:term":[{"taxonomy":"product_brand","embeddable":true,"href":"https:\/\/www.hiitiosemi.com\/de\/wp-json\/wp\/v2\/product_brand?post=3430"},{"taxonomy":"product_cat","embeddable":true,"href":"https:\/\/www.hiitiosemi.com\/de\/wp-json\/wp\/v2\/product_cat?post=3430"},{"taxonomy":"product_tag","embeddable":true,"href":"https:\/\/www.hiitiosemi.com\/de\/wp-json\/wp\/v2\/product_tag?post=3430"}],"curies":[{"name":"wp","href":"https:\/\/api.w.org\/{rel}","templated":true}]}}