{"id":3429,"date":"2025-11-07T07:10:05","date_gmt":"2025-11-07T07:10:05","guid":{"rendered":"https:\/\/www.hiitiosemi.com\/?post_type=product&#038;p=3429"},"modified":"2025-11-11T09:46:46","modified_gmt":"2025-11-11T09:46:46","slug":"econo-dual-3h-1200v-900a-igbt-power-module","status":"publish","type":"product","link":"https:\/\/www.hiitiosemi.com\/de\/product\/econo-dual-3h-1200v-900a-igbt-power-module\/","title":{"rendered":"Econo Dual 3H 1200V 900A IGBT-Leistungsmodul"},"content":{"rendered":"<p>Das HCG900FH120D3RC ist ein robustes 1200V\/900A IGBT-Modul, das f\u00fcr Hochleistungs-Leistungselektronik-Anwendungen entwickelt wurde. Mit fortschrittlicher 1200V Trench-Gate- und Field-Stop-Technologie bietet es geringe elektromagnetische St\u00f6rungen (EMI) und einen positiven Temperaturkoeffizienten der Kollektor-Emitter-S\u00e4ttigungsspannung (VCEsat), um einen stabilen Betrieb zu gew\u00e4hrleisten. Dieses Modul umfasst einen integrierten Temperatursensor und verwendet ein Al2O3-Substrat mit niedrigem thermischem Widerstand f\u00fcr eine hervorragende W\u00e4rmeableitung und Zuverl\u00e4ssigkeit.<\/p>\n<h3 class=\"my-0\"><strong>Hauptmerkmale:<\/strong><\/h3>\n<ul>\n<li class=\"my-0\">1200V Trench-Gate\/Field-Stop-Technologie<\/li>\n<li class=\"my-0\">Geringe EMI-Emissionen<\/li>\n<li class=\"my-0\">Positiver Temperaturkoeffizient von VCEsat<\/li>\n<li class=\"my-0\">Integrierter Temperatursensor zur \u00dcberwachung<\/li>\n<li class=\"my-0\">Al2O3-Substrat mit niedrigem thermischem Widerstand<\/li>\n<li class=\"my-0\">St\u00e4ndiger Kollektorstrom: 900A<\/li>\n<li class=\"my-0\">Maximale Sperrschichttemperatur: 175\u00b0C<\/li>\n<li class=\"my-0\">Isolationspr\u00fcfspannung: 3kV RMS<\/li>\n<\/ul>","protected":false},"excerpt":{"rendered":"<ul>\n<li>1200V Trench-Gate\/Field-Stop-Prozess<\/li>\n<li>Geringe elektromagnetische St\u00f6rungen<\/li>\n<li>VCEsat mit positivem Temperaturkoeffizienten<\/li>\n<li>Integrierter Temperatursensor<\/li>\n<li>Al2O3-Substrat mit niedriger thermischer Widerstandsf\u00e4higkeit<\/li>\n<\/ul>","protected":false},"featured_media":3471,"comment_status":"closed","ping_status":"closed","template":"","meta":{"_acf_changed":false},"product_brand":[],"product_cat":[25],"product_tag":[],"class_list":{"0":"post-3429","1":"product","2":"type-product","3":"status-publish","4":"has-post-thumbnail","6":"product_cat-igbt-module","8":"first","9":"instock","10":"shipping-taxable","11":"product-type-variable","12":"has-default-attributes"},"acf":[],"_links":{"self":[{"href":"https:\/\/www.hiitiosemi.com\/de\/wp-json\/wp\/v2\/product\/3429","targetHints":{"allow":["GET"]}}],"collection":[{"href":"https:\/\/www.hiitiosemi.com\/de\/wp-json\/wp\/v2\/product"}],"about":[{"href":"https:\/\/www.hiitiosemi.com\/de\/wp-json\/wp\/v2\/types\/product"}],"replies":[{"embeddable":true,"href":"https:\/\/www.hiitiosemi.com\/de\/wp-json\/wp\/v2\/comments?post=3429"}],"wp:featuredmedia":[{"embeddable":true,"href":"https:\/\/www.hiitiosemi.com\/de\/wp-json\/wp\/v2\/media\/3471"}],"wp:attachment":[{"href":"https:\/\/www.hiitiosemi.com\/de\/wp-json\/wp\/v2\/media?parent=3429"}],"wp:term":[{"taxonomy":"product_brand","embeddable":true,"href":"https:\/\/www.hiitiosemi.com\/de\/wp-json\/wp\/v2\/product_brand?post=3429"},{"taxonomy":"product_cat","embeddable":true,"href":"https:\/\/www.hiitiosemi.com\/de\/wp-json\/wp\/v2\/product_cat?post=3429"},{"taxonomy":"product_tag","embeddable":true,"href":"https:\/\/www.hiitiosemi.com\/de\/wp-json\/wp\/v2\/product_tag?post=3429"}],"curies":[{"name":"wp","href":"https:\/\/api.w.org\/{rel}","templated":true}]}}