{"id":3426,"date":"2025-11-07T07:10:05","date_gmt":"2025-11-07T07:10:05","guid":{"rendered":"https:\/\/www.hiitiosemi.com\/?post_type=product&#038;p=3426"},"modified":"2025-11-11T09:50:25","modified_gmt":"2025-11-11T09:50:25","slug":"1200v-500a-easy-3b-igbt-power-module","status":"publish","type":"product","link":"https:\/\/www.hiitiosemi.com\/de\/product\/1200v-500a-easy-3b-igbt-power-module\/","title":{"rendered":"1200V 500A Easy 3B IGBT Leistungsmodul"},"content":{"rendered":"<p>Das\u00a0<strong>HCG500FL120E3TM<\/strong>\u00a0ist ein leistungsstarkes 1200V 500A IGBT-Modul von Zhejiang HIIITIO New Energy Co., Ltd., entwickelt f\u00fcr T-Typ 3-Level-NPC-Wechselrichteranwendungen. Mit Trench-Gate\/Field-Stop-Technologie bietet es niedrige V<sub>CEsat<\/sub>, minimale Schaltverluste und ein kompaktes, induktionsarmes Design. Mit einem integrierten DC-Kondensator (optional), Al<sub>2<\/sub>O<sub>3<\/sub>\u00a0Substrat und Kupfergrundplatte gew\u00e4hrleistet es ein ausgezeichnetes W\u00e4rmemanagement und Zuverl\u00e4ssigkeit f\u00fcr Hochleistungssysteme.<\/p>\n<h3>Hauptmerkmale:<\/h3>\n<ul>\n<li><strong>1200V T-Typ NPC Topologie<\/strong>: Optimiert f\u00fcr Hochleistungs-Wechselrichter.<\/li>\n<li><strong>Niedriges V<sub>CEsat<\/sub>\u00a0&amp; Schaltverluste<\/strong>: Verbessert die Effizienz bei Hochfrequenzbetrieb.<\/li>\n<li><strong>Integrierter DC-Kondensator (Optional)<\/strong>: Vereinfacht das Systemdesign.<\/li>\n<li><strong>Al<sub>2<\/sub>O<sub>3<\/sub>\u00a0Substrat &amp; Kupfergrundplatte<\/strong>: Gew\u00e4hrleistet einen geringen W\u00e4rmewiderstand und eine hervorragende W\u00e4rmeableitung.<\/li>\n<li><strong>Kompaktes Niedriginduktionsdesign<\/strong>: Reduziert EMI und verbessert die Stabilit\u00e4t.<\/li>\n<li><strong>Vielf\u00e4ltige Anwendungen<\/strong>: Ideal f\u00fcr USV, Solar, APF\/SVG und 3-Level-Systeme.<\/li>\n<\/ul>","protected":false},"excerpt":{"rendered":"<ul>\n<li><strong>Kollektor-Emitter-Spannung (V<sub>CES<\/sub>)<\/strong>: 1200V (T1\/T4), 650V (T2\/T3)<\/li>\n<li><strong>Gleichstrom-Kollektorstrom (I<sub>CDC<\/sub>)<\/strong>: 324A (T1\/T4, T2\/T3)<\/li>\n<li><strong>Repetitiver Spitzen-Kollektorstrom (I<sub>CRM<\/sub>)<\/strong>: 1000A (T1\/T4), 900A (T2\/T3)<\/li>\n<li><strong>Gesamte Leistungsaufnahme (P<sub>tot<\/sub>)<\/strong>: 543W (T1\/T4), 390W (T2\/T3)<\/li>\n<li><strong>Gate-Emitter-Spannung (V<sub>GES<\/sub>)<\/strong>: \u00b120V<\/li>\n<li><strong>Betriebs-\u00dcbergangstemperatur (T<sub>j<\/sub>)<\/strong>: Bis zu 175\u00b0C<\/li>\n<li><strong>W\u00e4rmeleitf\u00e4higkeit (R<sub>thJH<\/sub>)<\/strong>: 0,175 K\/W (T1\/T4), 0,243 K\/W (T2\/T3)<\/li>\n<li><strong>Isolationsspannung (V<sub>isol<\/sub>)<\/strong>: 3,0 kV (RMS, 50 Hz, 60s)<\/li>\n<\/ul>","protected":false},"featured_media":3470,"comment_status":"closed","ping_status":"closed","template":"","meta":{"_acf_changed":false},"product_brand":[],"product_cat":[25],"product_tag":[],"class_list":{"0":"post-3426","1":"product","2":"type-product","3":"status-publish","4":"has-post-thumbnail","6":"product_cat-igbt-module","8":"first","9":"instock","10":"shipping-taxable","11":"product-type-variable","12":"has-default-attributes"},"acf":[],"_links":{"self":[{"href":"https:\/\/www.hiitiosemi.com\/de\/wp-json\/wp\/v2\/product\/3426","targetHints":{"allow":["GET"]}}],"collection":[{"href":"https:\/\/www.hiitiosemi.com\/de\/wp-json\/wp\/v2\/product"}],"about":[{"href":"https:\/\/www.hiitiosemi.com\/de\/wp-json\/wp\/v2\/types\/product"}],"replies":[{"embeddable":true,"href":"https:\/\/www.hiitiosemi.com\/de\/wp-json\/wp\/v2\/comments?post=3426"}],"wp:featuredmedia":[{"embeddable":true,"href":"https:\/\/www.hiitiosemi.com\/de\/wp-json\/wp\/v2\/media\/3470"}],"wp:attachment":[{"href":"https:\/\/www.hiitiosemi.com\/de\/wp-json\/wp\/v2\/media?parent=3426"}],"wp:term":[{"taxonomy":"product_brand","embeddable":true,"href":"https:\/\/www.hiitiosemi.com\/de\/wp-json\/wp\/v2\/product_brand?post=3426"},{"taxonomy":"product_cat","embeddable":true,"href":"https:\/\/www.hiitiosemi.com\/de\/wp-json\/wp\/v2\/product_cat?post=3426"},{"taxonomy":"product_tag","embeddable":true,"href":"https:\/\/www.hiitiosemi.com\/de\/wp-json\/wp\/v2\/product_tag?post=3426"}],"curies":[{"name":"wp","href":"https:\/\/api.w.org\/{rel}","templated":true}]}}