{"id":3425,"date":"2025-11-07T07:10:05","date_gmt":"2025-11-07T07:10:05","guid":{"rendered":"https:\/\/www.hiitiosemi.com\/?post_type=product&#038;p=3425"},"modified":"2025-11-11T09:45:10","modified_gmt":"2025-11-11T09:45:10","slug":"650v-450a-easy-3b-igbt-power-module-3","status":"publish","type":"product","link":"https:\/\/www.hiitiosemi.com\/de\/product\/650v-450a-easy-3b-igbt-power-module-3\/","title":{"rendered":"650V 450A Einfaches 3B IGBT-Leistungsmodul"},"content":{"rendered":"<p>Das\u00a0<strong>HCG450FL065E3RE<\/strong>\u00a0ist ein hocheffizientes 650V 450A IGBT-Modul von Zhejiang HIIITIO New Energy Co., Ltd., speziell f\u00fcr I-Typ 3-Level NPC-Inverteranwendungen entwickelt. Mit Trench-Gate\/Field-Stop-Technologie bietet es niedrigen V<sub>CEsat<\/sub>, reduzierte Schaltverluste und einen positiven Temperaturkoeffizienten f\u00fcr optimale Leistung. Das Modul verf\u00fcgt \u00fcber eine Al<sub>2<\/sub>O<sub>3<\/sub>\u00a0Substrat f\u00fcr geringe thermische Widerst\u00e4nde, ein kompaktes Niedrig-Induktivit\u00e4ts-Design und DBC-Technologie f\u00fcr \u00fcberlegene W\u00e4rmeableitung, was die Zuverl\u00e4ssigkeit in Hochleistungs-Systemen gew\u00e4hrleistet.<\/p>\n<h3>Hauptmerkmale:<\/h3>\n<ul>\n<li><strong>650V 3-Level-NPC-Topologie<\/strong>: Optimiert f\u00fcr Hochleistungs-Wechselrichter.<\/li>\n<li><strong>Niedriges V<sub>CEsat<\/sub>\u00a0&amp; Schaltverluste<\/strong>: Verbessert die Effizienz bei Hochfrequenzbetrieb.<\/li>\n<li><strong>Al<sub>2<\/sub>O<sub>3<\/sub>\u00a0Substrat<\/strong>: Bietet niedrigen thermischen Widerstand f\u00fcr zuverl\u00e4ssige Leistung.<\/li>\n<li><strong>Kompaktes Niedriginduktionsdesign<\/strong>: Minimiert EMI und verbessert die Stabilit\u00e4t.<\/li>\n<li><strong>DBC-Technologie<\/strong>: Verbessert die W\u00e4rmeableitung f\u00fcr eine verl\u00e4ngerte Lebensdauer.<\/li>\n<li><strong>Vielf\u00e4ltige Anwendungen<\/strong>: Geeignet f\u00fcr USV, Solar, APF\/SVG und 3-Level-Systeme.<\/li>\n<\/ul>","protected":false},"excerpt":{"rendered":"<ul>\n<li><strong>Kollektor-Emitter-Spannung (V<sub>CES<\/sub>)<\/strong>: 650V<\/li>\n<li><strong>Gleichstrom-Kollektorstrom (I<sub>CDC<\/sub>)<\/strong>: 335A (T1\/T4), 299A (T2\/T3)<\/li>\n<li><strong>Repetitiver Spitzen-Kollektorstrom (I<sub>CRM<\/sub>)<\/strong>: 900A (T1\/T4), 640A (T2\/T3)<\/li>\n<li><strong>Gesamte Leistungsaufnahme (P<sub>tot<\/sub>)<\/strong>: 442W (T1\/T4), 358W (T2\/T3)<\/li>\n<li><strong>Gate-Emitter-Spannung (V<sub>GES<\/sub>)<\/strong>: \u00b120V<\/li>\n<li><strong>Betriebs-\u00dcbergangstemperatur (T<sub>j<\/sub>)<\/strong>: Bis zu 175\u00b0C<\/li>\n<li><strong>W\u00e4rmeleitf\u00e4higkeit (R<sub>thJH<\/sub>)<\/strong>: 0,215 K\/W (T1\/T4), 0,265 K\/W (T2\/T3)<\/li>\n<\/ul>","protected":false},"featured_media":3469,"comment_status":"closed","ping_status":"closed","template":"","meta":{"_acf_changed":false},"product_brand":[],"product_cat":[25],"product_tag":[],"class_list":{"0":"post-3425","1":"product","2":"type-product","3":"status-publish","4":"has-post-thumbnail","6":"product_cat-igbt-module","8":"first","9":"instock","10":"shipping-taxable","11":"product-type-variable","12":"has-default-attributes"},"acf":[],"_links":{"self":[{"href":"https:\/\/www.hiitiosemi.com\/de\/wp-json\/wp\/v2\/product\/3425","targetHints":{"allow":["GET"]}}],"collection":[{"href":"https:\/\/www.hiitiosemi.com\/de\/wp-json\/wp\/v2\/product"}],"about":[{"href":"https:\/\/www.hiitiosemi.com\/de\/wp-json\/wp\/v2\/types\/product"}],"replies":[{"embeddable":true,"href":"https:\/\/www.hiitiosemi.com\/de\/wp-json\/wp\/v2\/comments?post=3425"}],"wp:featuredmedia":[{"embeddable":true,"href":"https:\/\/www.hiitiosemi.com\/de\/wp-json\/wp\/v2\/media\/3469"}],"wp:attachment":[{"href":"https:\/\/www.hiitiosemi.com\/de\/wp-json\/wp\/v2\/media?parent=3425"}],"wp:term":[{"taxonomy":"product_brand","embeddable":true,"href":"https:\/\/www.hiitiosemi.com\/de\/wp-json\/wp\/v2\/product_brand?post=3425"},{"taxonomy":"product_cat","embeddable":true,"href":"https:\/\/www.hiitiosemi.com\/de\/wp-json\/wp\/v2\/product_cat?post=3425"},{"taxonomy":"product_tag","embeddable":true,"href":"https:\/\/www.hiitiosemi.com\/de\/wp-json\/wp\/v2\/product_tag?post=3425"}],"curies":[{"name":"wp","href":"https:\/\/api.w.org\/{rel}","templated":true}]}}