{"id":3422,"date":"2025-11-07T07:10:04","date_gmt":"2025-11-07T07:10:04","guid":{"rendered":"https:\/\/www.hiitiosemi.com\/?post_type=product&#038;p=3422"},"modified":"2025-11-11T09:51:34","modified_gmt":"2025-11-11T09:51:34","slug":"650v-450a-easy-3b-igbt-power-module","status":"publish","type":"product","link":"https:\/\/www.hiitiosemi.com\/de\/product\/650v-450a-easy-3b-igbt-power-module\/","title":{"rendered":"650V 450A Einfaches 3B IGBT-Leistungsmodul"},"content":{"rendered":"<p>Das\u00a0<strong>HCG450FL065E3FC<\/strong>\u00a0ist ein Hochleistungs-650V-450A-IGBT-Modul von Zhejiang HIIITIO New Energy Co., Ltd., entwickelt f\u00fcr 3-Level-NPC-Inverteranwendungen. Mit Trench-Gate\/Feld-Stop-Technologie bietet es niedrigen V<sub>CEsat<\/sub>, geringe Schaltverluste und einen positiven Temperaturkoeffizienten f\u00fcr \u00fcberlegene Effizienz. Das Modul enth\u00e4lt einen integrierten Gleichstromkondensator, eine Al<sub>2<\/sub>O<sub>3<\/sub>\u00a0Substrat f\u00fcr geringe thermische Widerst\u00e4nde und Kupfer-Substrattechnologie f\u00fcr verbesserte thermische Verwaltung und Zuverl\u00e4ssigkeit.<\/p>\n<h3>Hauptmerkmale:<\/h3>\n<ul>\n<li><strong>650V 3-Level-NPC-Topologie<\/strong>: Optimiert f\u00fcr Hochleistungs-Wechselrichter.<\/li>\n<li><strong>Niedriges V<sub>CEsat<\/sub>\u00a0&amp; Schaltverluste<\/strong>: Verbessert die Effizienz bei Hochfrequenzbetrieb.<\/li>\n<li><strong>Integrierter Gleichstromkondensator<\/strong>: Verbessert die Schaltungsstabilit\u00e4t.<\/li>\n<li><strong>Al<sub>2<\/sub>O<sub>3<\/sub>\u00a0&amp; Kupfer-Substrat<\/strong>: \u00dcberlegene W\u00e4rmeleitf\u00e4higkeit und Zuverl\u00e4ssigkeit.<\/li>\n<li><strong>Niedriginduktives Design<\/strong>: Reduziert EMI f\u00fcr stabile Leistung.<\/li>\n<li><strong>Vielf\u00e4ltige Anwendungen<\/strong>: Geeignet f\u00fcr PCS, USV, Solar- und APF\/SVG-Systeme.<\/li>\n<\/ul>","protected":false},"excerpt":{"rendered":"<ul>\n<li><strong>Kollektor-Emitter-Spannung (V<sub>CES<\/sub>)<\/strong>: 650V<\/li>\n<li><strong>Gleichstrom-Kollektorstrom (I<sub>CDC<\/sub>)<\/strong>: 320A<\/li>\n<li><strong>Repetitiver Spitzen-Kollektorstrom (I<sub>CRM<\/sub>)<\/strong>: 900A<\/li>\n<li><strong>Gesamte Leistungsaufnahme (P<sub>tot<\/sub>)<\/strong>: 396W<\/li>\n<li><strong>Gate-Emitter-Spannung (V<sub>GES<\/sub>)<\/strong>: \u00b120V<\/li>\n<li><strong>Betriebs-\u00dcbergangstemperatur (T<sub>j<\/sub>)<\/strong>: Bis zu 175\u00b0C<\/li>\n<li><strong>W\u00e4rmeleitf\u00e4higkeit (R<sub>thJH<\/sub>)<\/strong>: 0,24 K\/W<\/li>\n<\/ul>","protected":false},"featured_media":3466,"comment_status":"closed","ping_status":"closed","template":"","meta":{"_acf_changed":false},"product_brand":[],"product_cat":[25],"product_tag":[],"class_list":{"0":"post-3422","1":"product","2":"type-product","3":"status-publish","4":"has-post-thumbnail","6":"product_cat-igbt-module","8":"first","9":"instock","10":"shipping-taxable","11":"product-type-variable","12":"has-default-attributes"},"acf":[],"_links":{"self":[{"href":"https:\/\/www.hiitiosemi.com\/de\/wp-json\/wp\/v2\/product\/3422","targetHints":{"allow":["GET"]}}],"collection":[{"href":"https:\/\/www.hiitiosemi.com\/de\/wp-json\/wp\/v2\/product"}],"about":[{"href":"https:\/\/www.hiitiosemi.com\/de\/wp-json\/wp\/v2\/types\/product"}],"replies":[{"embeddable":true,"href":"https:\/\/www.hiitiosemi.com\/de\/wp-json\/wp\/v2\/comments?post=3422"}],"wp:featuredmedia":[{"embeddable":true,"href":"https:\/\/www.hiitiosemi.com\/de\/wp-json\/wp\/v2\/media\/3466"}],"wp:attachment":[{"href":"https:\/\/www.hiitiosemi.com\/de\/wp-json\/wp\/v2\/media?parent=3422"}],"wp:term":[{"taxonomy":"product_brand","embeddable":true,"href":"https:\/\/www.hiitiosemi.com\/de\/wp-json\/wp\/v2\/product_brand?post=3422"},{"taxonomy":"product_cat","embeddable":true,"href":"https:\/\/www.hiitiosemi.com\/de\/wp-json\/wp\/v2\/product_cat?post=3422"},{"taxonomy":"product_tag","embeddable":true,"href":"https:\/\/www.hiitiosemi.com\/de\/wp-json\/wp\/v2\/product_tag?post=3422"}],"curies":[{"name":"wp","href":"https:\/\/api.w.org\/{rel}","templated":true}]}}