{"id":3420,"date":"2025-11-07T07:10:04","date_gmt":"2025-11-07T07:10:04","guid":{"rendered":"https:\/\/www.hiitiosemi.com\/?post_type=product&#038;p=3420"},"modified":"2025-11-11T09:54:46","modified_gmt":"2025-11-11T09:54:46","slug":"1200v-300a-easy-3b-igbt-power-module","status":"publish","type":"product","link":"https:\/\/www.hiitiosemi.com\/de\/product\/1200v-300a-easy-3b-igbt-power-module\/","title":{"rendered":"1200V 300A Einfaches 3B IGBT-Leistungsmodul"},"content":{"rendered":"<p>Das\u00a0<strong>HCG300FL120E3RA<\/strong>\u00a0ist ein Hochleistungs-1200V 300A IGBT-Modul von Zhejiang HIIITIO New Energy Co., Ltd., entwickelt f\u00fcr fortschrittliche 3-Level-NPC-Inverteranwendungen. Mit einem niederinduktiven Layout, niedriger V<sub>CEsat<\/sub>, und minimalen Schaltverlusten sorgt es f\u00fcr hohe Effizienz und Zuverl\u00e4ssigkeit. Die Kupfer-Basisplatte und das Al<sub>2<\/sub>O<sub>3<\/sub>\u00a0Substrat bieten eine hervorragende W\u00e4rmeableitung, w\u00e4hrend das kompakte Design die Installation vereinfacht.<\/p>\n<h3>Hauptmerkmale:<\/h3>\n<ul>\n<li><strong>1200V 3-Stufige NPC-Topologie<\/strong>: Optimiert f\u00fcr Hochleistungs-Wechselrichtersysteme.<\/li>\n<li><strong>Niedriges V<sub>CEsat<\/sub>\u00a0&amp; Schaltverluste<\/strong>: Verbessert die Effizienz bei Hochfrequenzanwendungen.<\/li>\n<li><strong>Kupfer-Basisplatte &amp; Al<sub>2<\/sub>O<sub>3<\/sub>\u00a0Substrat<\/strong>: \u00dcberlegene W\u00e4rmeleitf\u00e4higkeit.<\/li>\n<li><strong>Layout mit niedriger Induktivit\u00e4t<\/strong>: Reduziert EMI f\u00fcr stabile Leistung.<\/li>\n<li><strong>Integrierter NTC-Thermistor<\/strong>: Pr\u00e4zise Temperatur\u00fcberwachung.<\/li>\n<li><strong>Vielf\u00e4ltige Anwendungen<\/strong>: Geeignet f\u00fcr PCS, USV, Solar- und APF\/SVG-Systeme.<\/li>\n<\/ul>","protected":false},"excerpt":{"rendered":"<ul>\n<li><strong>Kollektor-Emitter-Spannung (V<sub>CES<\/sub>)<\/strong>: 1200V<\/li>\n<li><strong>Gleichstrom-Kollektorstrom (I<sub>CDC<\/sub>)<\/strong>: 228A<\/li>\n<li><strong>Repetitiver Spitzen-Kollektorstrom (I<sub>CRM<\/sub>)<\/strong>: 600A<\/li>\n<li><strong>Gesamte Leistungsaufnahme (P<sub>tot<\/sub>)<\/strong>: 475W<\/li>\n<li><strong>Gate-Emitter-Spannung (V<sub>GES<\/sub>)<\/strong>: \u00b120V<\/li>\n<li><strong>Betriebs-\u00dcbergangstemperatur (T<sub>j<\/sub>)<\/strong>: Bis zu 175\u00b0C<\/li>\n<li><strong>Isolationsspannung (V<sub>isol<\/sub>)<\/strong>: 3,0kV RMS<\/li>\n<\/ul>","protected":false},"featured_media":3445,"comment_status":"closed","ping_status":"closed","template":"","meta":{"_acf_changed":false},"product_brand":[],"product_cat":[25],"product_tag":[],"class_list":{"0":"post-3420","1":"product","2":"type-product","3":"status-publish","4":"has-post-thumbnail","6":"product_cat-igbt-module","8":"first","9":"instock","10":"shipping-taxable","11":"product-type-variable","12":"has-default-attributes"},"acf":[],"_links":{"self":[{"href":"https:\/\/www.hiitiosemi.com\/de\/wp-json\/wp\/v2\/product\/3420","targetHints":{"allow":["GET"]}}],"collection":[{"href":"https:\/\/www.hiitiosemi.com\/de\/wp-json\/wp\/v2\/product"}],"about":[{"href":"https:\/\/www.hiitiosemi.com\/de\/wp-json\/wp\/v2\/types\/product"}],"replies":[{"embeddable":true,"href":"https:\/\/www.hiitiosemi.com\/de\/wp-json\/wp\/v2\/comments?post=3420"}],"wp:featuredmedia":[{"embeddable":true,"href":"https:\/\/www.hiitiosemi.com\/de\/wp-json\/wp\/v2\/media\/3445"}],"wp:attachment":[{"href":"https:\/\/www.hiitiosemi.com\/de\/wp-json\/wp\/v2\/media?parent=3420"}],"wp:term":[{"taxonomy":"product_brand","embeddable":true,"href":"https:\/\/www.hiitiosemi.com\/de\/wp-json\/wp\/v2\/product_brand?post=3420"},{"taxonomy":"product_cat","embeddable":true,"href":"https:\/\/www.hiitiosemi.com\/de\/wp-json\/wp\/v2\/product_cat?post=3420"},{"taxonomy":"product_tag","embeddable":true,"href":"https:\/\/www.hiitiosemi.com\/de\/wp-json\/wp\/v2\/product_tag?post=3420"}],"curies":[{"name":"wp","href":"https:\/\/api.w.org\/{rel}","templated":true}]}}