{"id":3419,"date":"2025-11-07T07:10:04","date_gmt":"2025-11-07T07:10:04","guid":{"rendered":"https:\/\/www.hiitiosemi.com\/?post_type=product&#038;p=3419"},"modified":"2025-11-11T09:52:07","modified_gmt":"2025-11-11T09:52:07","slug":"650v-150a-igbt-power-2","status":"publish","type":"product","link":"https:\/\/www.hiitiosemi.com\/de\/product\/650v-150a-igbt-power-2\/","title":{"rendered":"650V 150A IGBT-Leistung"},"content":{"rendered":"<p>Das <strong>HCG150FL065E2RB<\/strong> ist ein robustes 650V 150A IGBT-Modul, entwickelt von Zhejiang HIIITIO New Energy Co., Ltd. f\u00fcr Hochleistungsanwendungen. Mit einem 650V Trench-Gate\/Field-Stop-Prozess bietet es geringe EMI, reduzierte Schaltverluste und einen positiven VCEsat-Temperaturkoeffizienten f\u00fcr stabile Leistung. Sein Al2O3-Substrat sorgt f\u00fcr geringe thermische Widerst\u00e4nde und verbessert die W\u00e4rmeabfuhr in anspruchsvollen Umgebungen.<\/p>\n<h3>Hauptmerkmale:<\/h3>\n<ul>\n<li><strong>650V Trench-Gate\/Field-Stop-Technologie<\/strong>: Minimiert EMI und maximiert die Effizienz.<\/li>\n<li><strong>Niedrige Schaltverluste<\/strong>: Optimiert die Leistung bei Hochfrequenzbetrieb.<\/li>\n<li><strong>Positives V<sub>CEsat<\/sub>\u00a0Temperaturkoeffizient<\/strong>: Sichert einen konstanten Betrieb \u00fcber verschiedene Temperaturen.<\/li>\n<li><strong>Al<sub>2<\/sub>O<sub>3<\/sub>\u00a0Substrat<\/strong>: Geringer thermischer Widerstand f\u00fcr effektives W\u00e4rmemanagement.<\/li>\n<li><strong>Robustes und kompaktes Design<\/strong>: Integrierte Klemmen f\u00fcr einfache, langlebige Montage.<\/li>\n<li><strong>Vielseitige Anwendungen<\/strong>: Perfekt f\u00fcr 3-Level-Systeme, PCS, USV und mehr.<\/li>\n<\/ul>","protected":false},"excerpt":{"rendered":"<ul>\n<li><strong>Kollektor-Emitter-Spannung (V<sub>CES<\/sub>)<\/strong>: 650V<\/li>\n<li><strong>Gleichstrom-Kollektorstrom (I<sub>CDC<\/sub>)<\/strong>: 125A<\/li>\n<li><strong>Repetitiver Spitzen-Kollektorstrom (I<sub>CRM<\/sub>)<\/strong>: 300A<\/li>\n<li><strong>Gesamte Leistungsaufnahme (P<sub>tot<\/sub>)<\/strong>: 173W<\/li>\n<li><strong>Gate-Emitter-Spannung (V<sub>GES<\/sub>)<\/strong>: \u00b120V<\/li>\n<li><strong>Betriebs-\u00dcbergangstemperatur (T<sub>j<\/sub>)<\/strong>: Bis zu 175\u00b0C<\/li>\n<li><strong>Isolationsspannung (V<sub>isol<\/sub>)<\/strong>: 3,0kV RMS<\/li>\n<\/ul>","protected":false},"featured_media":3444,"comment_status":"closed","ping_status":"closed","template":"","meta":{"_acf_changed":false},"product_brand":[],"product_cat":[25],"product_tag":[],"class_list":{"0":"post-3419","1":"product","2":"type-product","3":"status-publish","4":"has-post-thumbnail","6":"product_cat-igbt-module","8":"first","9":"instock","10":"shipping-taxable","11":"product-type-variable","12":"has-default-attributes"},"acf":[],"_links":{"self":[{"href":"https:\/\/www.hiitiosemi.com\/de\/wp-json\/wp\/v2\/product\/3419","targetHints":{"allow":["GET"]}}],"collection":[{"href":"https:\/\/www.hiitiosemi.com\/de\/wp-json\/wp\/v2\/product"}],"about":[{"href":"https:\/\/www.hiitiosemi.com\/de\/wp-json\/wp\/v2\/types\/product"}],"replies":[{"embeddable":true,"href":"https:\/\/www.hiitiosemi.com\/de\/wp-json\/wp\/v2\/comments?post=3419"}],"wp:featuredmedia":[{"embeddable":true,"href":"https:\/\/www.hiitiosemi.com\/de\/wp-json\/wp\/v2\/media\/3444"}],"wp:attachment":[{"href":"https:\/\/www.hiitiosemi.com\/de\/wp-json\/wp\/v2\/media?parent=3419"}],"wp:term":[{"taxonomy":"product_brand","embeddable":true,"href":"https:\/\/www.hiitiosemi.com\/de\/wp-json\/wp\/v2\/product_brand?post=3419"},{"taxonomy":"product_cat","embeddable":true,"href":"https:\/\/www.hiitiosemi.com\/de\/wp-json\/wp\/v2\/product_cat?post=3419"},{"taxonomy":"product_tag","embeddable":true,"href":"https:\/\/www.hiitiosemi.com\/de\/wp-json\/wp\/v2\/product_tag?post=3419"}],"curies":[{"name":"wp","href":"https:\/\/api.w.org\/{rel}","templated":true}]}}