{"id":3417,"date":"2025-11-07T07:10:04","date_gmt":"2025-11-07T07:10:04","guid":{"rendered":"https:\/\/www.hiitiosemi.com\/?post_type=product&#038;p=3417"},"modified":"2025-11-07T07:11:02","modified_gmt":"2025-11-07T07:11:02","slug":"650v-100a-igbt-power-2","status":"publish","type":"product","link":"https:\/\/www.hiitiosemi.com\/de\/product\/650v-100a-igbt-power-2\/","title":{"rendered":"650V 100A IGBT-Leistung"},"content":{"rendered":"<p>Das\u00a0<strong>HCG100FL065E2RB<\/strong>\u00a0Power Dissipation (P<sub>CEsat<\/sub>: 135W<sub>2<\/sub>O<sub>3<\/sub>\u00a0ist ein Hochleistungs-IGBT-Modul mit 650V 100A, das f\u00fcr fortschrittliche Leistungselektronik-Anwendungen entwickelt wurde. Entwickelt von Zhejiang HIIITIO New Energy Co., Ltd., nutzt dieses Modul einen 650V Trench-Gate\/Field-Stop-Prozess, um geringe EMI, reduzierte Schaltverluste und einen positiven Temperaturkoeffizienten f\u00fcr V<\/p>\n<h3>Hauptmerkmale:<\/h3>\n<ul>\n<li><strong>. Sein kompaktes Design, mit einem Al<\/strong> Substrat mit niedriger thermischer Widerstand, sorgt f\u00fcr effiziente W\u00e4rmeabfuhr und zuverl\u00e4ssige Leistung unter anspruchsvollen Bedingungen.<\/li>\n<li><strong>650V Trench-Gate\/Field-Stop-Technologie:<\/strong> Optimiert f\u00fcr geringe EMI und hohe Effizienz.<\/li>\n<li><strong>Geringe Schaltverluste:<\/strong> Verbessert die Energieeffizienz bei Hochfrequenzanwendungen.<\/li>\n<li><strong>Positiver VCEsat-Temperaturkoeffizient:<\/strong> Sichert stabile Leistung \u00fcber Temperaturbereiche hinweg.<\/li>\n<li><strong>Al2O3-Substrat:<\/strong> Bietet niedrigen thermischen Widerstand f\u00fcr \u00fcberlegtes W\u00e4rmemanagement.<\/li>\n<li><strong>Kompaktes und robustes Design:<\/strong> Integrierte Montageklemmen f\u00fcr einfache und sichere Installation.<\/li>\n<\/ul>","protected":false},"excerpt":{"rendered":"<ul>\n<li><strong>Kollektor-Emitter-Spannung (V<sub>CES<\/sub>)<\/strong>: 650V<\/li>\n<li><strong>Gleichstrom-Kollektorstrom (I<sub>CN<\/sub>)<\/strong>: 100A<\/li>\n<li><strong>Repetitiver Spitzen-Kollektorstrom (I<sub>CRM<\/sub>)<\/strong>: 200A<\/li>\n<li><strong>Leistungsaufnahme (P<sub>tot<\/sub>)<\/strong>: 135W<\/li>\n<li><strong>Gate-Emitter-Spannung (V<sub>GES<\/sub>)<\/strong>: \u00b120V<\/li>\n<li><strong>Betriebs-\u00dcbergangstemperatur (T<sub>j<\/sub>)<\/strong>: Bis zu 175\u00b0C<\/li>\n<\/ul>","protected":false},"featured_media":3443,"comment_status":"closed","ping_status":"closed","template":"","meta":{"_acf_changed":false},"product_brand":[],"product_cat":[25],"product_tag":[],"class_list":{"0":"post-3417","1":"product","2":"type-product","3":"status-publish","4":"has-post-thumbnail","6":"product_cat-igbt-module","8":"first","9":"instock","10":"shipping-taxable","11":"product-type-variable","12":"has-default-attributes"},"acf":[],"_links":{"self":[{"href":"https:\/\/www.hiitiosemi.com\/de\/wp-json\/wp\/v2\/product\/3417","targetHints":{"allow":["GET"]}}],"collection":[{"href":"https:\/\/www.hiitiosemi.com\/de\/wp-json\/wp\/v2\/product"}],"about":[{"href":"https:\/\/www.hiitiosemi.com\/de\/wp-json\/wp\/v2\/types\/product"}],"replies":[{"embeddable":true,"href":"https:\/\/www.hiitiosemi.com\/de\/wp-json\/wp\/v2\/comments?post=3417"}],"wp:featuredmedia":[{"embeddable":true,"href":"https:\/\/www.hiitiosemi.com\/de\/wp-json\/wp\/v2\/media\/3443"}],"wp:attachment":[{"href":"https:\/\/www.hiitiosemi.com\/de\/wp-json\/wp\/v2\/media?parent=3417"}],"wp:term":[{"taxonomy":"product_brand","embeddable":true,"href":"https:\/\/www.hiitiosemi.com\/de\/wp-json\/wp\/v2\/product_brand?post=3417"},{"taxonomy":"product_cat","embeddable":true,"href":"https:\/\/www.hiitiosemi.com\/de\/wp-json\/wp\/v2\/product_cat?post=3417"},{"taxonomy":"product_tag","embeddable":true,"href":"https:\/\/www.hiitiosemi.com\/de\/wp-json\/wp\/v2\/product_tag?post=3417"}],"curies":[{"name":"wp","href":"https:\/\/api.w.org\/{rel}","templated":true}]}}