{"id":3416,"date":"2025-11-07T07:10:04","date_gmt":"2025-11-07T07:10:04","guid":{"rendered":"https:\/\/www.hiitiosemi.com\/?post_type=product&#038;p=3416"},"modified":"2025-11-07T07:11:02","modified_gmt":"2025-11-07T07:11:02","slug":"62mm-1200v-400a-igbt-power-module","status":"publish","type":"product","link":"https:\/\/www.hiitiosemi.com\/de\/product\/62mm-1200v-400a-igbt-power-module\/","title":{"rendered":"62mm 1200V 400A IGBT-Leistungsmodul"},"content":{"rendered":"<p>Das HCG400FH120A2RB ist ein Hochleistungs-Isolierte-Gate-Bipolar-Transistor- (IGBT-)Modul, das f\u00fcr anspruchsvolle Anwendungen entwickelt wurde, die Zuverl\u00e4ssigkeit und Effizienz erfordern. Mit einer Kollektor-Emitter-Spannung von 1200V und einem Dauer-Gleichstrom-Kollektorstrom von 400A bietet dieses Modul au\u00dfergew\u00f6hnliche Leistung in verschiedenen Stromumwandlungssystemen.<\/p>\n<p><strong>Hauptmerkmale:<\/strong><\/p>\n<ul>\n<li><strong>Spannungs- &amp; Strombewertung:<\/strong> 1200V Kollektor-Emitter-Spannung, 400A Dauer-Gleichstrom-Kollektorstrom, 800A Spitzenstrom.<\/li>\n<li><strong>650V Trench-Gate\/Field-Stop-Technologie:<\/strong> Entwickelt, um Leistungsverluste w\u00e4hrend des Betriebs zu minimieren.<\/li>\n<li><strong>Hohe Kurzschlussf\u00e4higkeit:<\/strong> Unterst\u00fctzt bis zu 10\u03bcs Kurzschluss-Schutz, ideal f\u00fcr Motorantriebe, Wechselrichter und erneuerbare Energien.<\/li>\n<li><strong>Vielseitige Anwendungen:<\/strong> Perfekt f\u00fcr Motorantriebe, Hochleistungswandler, Photovoltaiksysteme, USV und Schwei\u00dfger\u00e4te.<\/li>\n<li><strong>Thermische Effizienz:<\/strong> Geringer thermischer Widerstand (Verbindung zum K\u00fchlk\u00f6rper: 0,064 K\/W) sorgt f\u00fcr effektive W\u00e4rmeabfuhr und gew\u00e4hrleistet die Zuverl\u00e4ssigkeit des Systems.<\/li>\n<\/ul>","protected":false},"excerpt":{"rendered":"<ul>\n<li data-start=\"42\" data-end=\"82\">1200V Trench-Gate\/Field-Stop-Prozess<\/li>\n<li data-start=\"85\" data-end=\"96\">Geringe elektromagnetische St\u00f6rungen<\/li>\n<li data-start=\"99\" data-end=\"147\">VCEsat mit positivem Temperaturkoeffizienten<\/li>\n<li data-start=\"150\" data-end=\"172\">Niedrige Schaltverluste<\/li>\n<li data-start=\"175\" data-end=\"208\">Kurzschlussf\u00e4higkeit von 10\u03bcs<\/li>\n<\/ul>","protected":false},"featured_media":3442,"comment_status":"closed","ping_status":"closed","template":"","meta":{"_acf_changed":false},"product_brand":[],"product_cat":[25],"product_tag":[],"class_list":{"0":"post-3416","1":"product","2":"type-product","3":"status-publish","4":"has-post-thumbnail","6":"product_cat-igbt-module","8":"first","9":"instock","10":"shipping-taxable","11":"product-type-variable","12":"has-default-attributes"},"acf":[],"_links":{"self":[{"href":"https:\/\/www.hiitiosemi.com\/de\/wp-json\/wp\/v2\/product\/3416","targetHints":{"allow":["GET"]}}],"collection":[{"href":"https:\/\/www.hiitiosemi.com\/de\/wp-json\/wp\/v2\/product"}],"about":[{"href":"https:\/\/www.hiitiosemi.com\/de\/wp-json\/wp\/v2\/types\/product"}],"replies":[{"embeddable":true,"href":"https:\/\/www.hiitiosemi.com\/de\/wp-json\/wp\/v2\/comments?post=3416"}],"wp:featuredmedia":[{"embeddable":true,"href":"https:\/\/www.hiitiosemi.com\/de\/wp-json\/wp\/v2\/media\/3442"}],"wp:attachment":[{"href":"https:\/\/www.hiitiosemi.com\/de\/wp-json\/wp\/v2\/media?parent=3416"}],"wp:term":[{"taxonomy":"product_brand","embeddable":true,"href":"https:\/\/www.hiitiosemi.com\/de\/wp-json\/wp\/v2\/product_brand?post=3416"},{"taxonomy":"product_cat","embeddable":true,"href":"https:\/\/www.hiitiosemi.com\/de\/wp-json\/wp\/v2\/product_cat?post=3416"},{"taxonomy":"product_tag","embeddable":true,"href":"https:\/\/www.hiitiosemi.com\/de\/wp-json\/wp\/v2\/product_tag?post=3416"}],"curies":[{"name":"wp","href":"https:\/\/api.w.org\/{rel}","templated":true}]}}