{"id":3415,"date":"2025-11-07T07:10:03","date_gmt":"2025-11-07T07:10:03","guid":{"rendered":"https:\/\/www.hiitiosemi.com\/?post_type=product&#038;p=3415"},"modified":"2025-11-12T01:18:35","modified_gmt":"2025-11-12T01:18:35","slug":"1700v-1200a-high-voltage-igbt-power-module-dual-switch","status":"publish","type":"product","link":"https:\/\/www.hiitiosemi.com\/de\/product\/1700v-1200a-high-voltage-igbt-power-module-dual-switch\/","title":{"rendered":"1700V 1200A Hochspannungs-IGBT-Leistungsschalter-Modul-Doppel-Schalter"},"content":{"rendered":"<p data-start=\"1126\" data-end=\"1676\">Das <strong data-start=\"176\" data-end=\"224\">HCGM1200DDM17-TSA000 Dual-Schalter-IGBT-Modul<\/strong> ist ausgelegt f\u00fcr Hochleistungsanwendungen in der Leistungselektronik, einschlie\u00dflich Antriebssysteme, Motorsteuerungen und Hochzuverl\u00e4ssigkeitswechselrichter. Mit einer <strong data-start=\"378\" data-end=\"386\">VCES<\/strong> Bewertung von <strong data-start=\"397\" data-end=\"406\">1700V<\/strong> und einem <strong data-start=\"413\" data-end=\"447\">maximalen Kollektorstrom (IC)<\/strong> of <strong data-start=\"451\" data-end=\"460\">1200A<\/strong>bietet dieses Modul au\u00dfergew\u00f6hnliche Zuverl\u00e4ssigkeit und Leistung unter anspruchsvollen Bedingungen.<\/p>\n<p class=\"\" data-start=\"1237\" data-end=\"1266\"><strong data-start=\"1237\" data-end=\"1266\">Technische Spezifikationen:<\/strong><\/p>\n<ul data-start=\"1267\" data-end=\"1462\">\n<li class=\"\" data-start=\"1267\" data-end=\"1320\">\n<p class=\"\" data-start=\"1269\" data-end=\"1320\">Maximale Kollektor-Emitter-Spannung (<strong data-start=\"1304\" data-end=\"1312\">VCES<\/strong>): 1700V<\/p>\n<\/li>\n<li class=\"\" data-start=\"1321\" data-end=\"1364\">\n<p class=\"\" data-start=\"1323\" data-end=\"1364\">Maximaler Kollektorstrom (<strong data-start=\"1350\" data-end=\"1356\">IC<\/strong>): 1200A<\/p>\n<\/li>\n<li class=\"\" data-start=\"1365\" data-end=\"1407\">\n<p class=\"\" data-start=\"1367\" data-end=\"1407\">Isolationsspannung: 4000V (1-Minuten-Test)<\/p>\n<\/li>\n<li class=\"\" data-start=\"1408\" data-end=\"1447\">\n<p class=\"\" data-start=\"1410\" data-end=\"1447\">Betriebstemperatur: -40\u00b0C bis 150\u00b0C<\/p>\n<\/li>\n<li class=\"\" data-start=\"1448\" data-end=\"1462\">\n<p class=\"\" data-start=\"1450\" data-end=\"1462\">Gewicht: 900g<\/p>\n<\/li>\n<\/ul>","protected":false},"excerpt":{"rendered":"<p>Hochleistungs-HCGM1200DDM17-TSA000 IGBT-Modul f\u00fcr Antriebssysteme, Motorsteuerungen und Wechselrichter mit 1700V Spannung und 1200A Stromkapazit\u00e4t.<\/p>\n<h3 class=\"\" data-start=\"549\" data-end=\"566\">Hauptmerkmale:<\/h3>\n<ul data-start=\"567\" data-end=\"950\">\n<li class=\"\" data-start=\"567\" data-end=\"621\">\n<p class=\"\" data-start=\"569\" data-end=\"621\"><strong data-start=\"569\" data-end=\"588\">AlSiC-Basisplatte<\/strong> f\u00fcr \u00fcberlegene thermische Verwaltung.<\/p>\n<\/li>\n<li class=\"\" data-start=\"622\" data-end=\"689\">\n<p class=\"\" data-start=\"624\" data-end=\"689\"><strong data-start=\"624\" data-end=\"642\">AlN-Substrate<\/strong> verbessern die Stabilit\u00e4t und Effizienz des Moduls.<\/p>\n<\/li>\n<li class=\"\" data-start=\"690\" data-end=\"761\">\n<p class=\"\" data-start=\"692\" data-end=\"761\"><strong data-start=\"692\" data-end=\"727\">Hohe thermische Zyklusf\u00e4higkeit<\/strong> sichert langlebige Zuverl\u00e4ssigkeit.<\/p>\n<\/li>\n<li class=\"\" data-start=\"762\" data-end=\"823\">\n<p class=\"\" data-start=\"764\" data-end=\"823\"><strong data-start=\"764\" data-end=\"801\">10\u00b5s Kurzschlussfestigkeit<\/strong> f\u00fcr robuste Betriebsf\u00e4higkeit.<\/p>\n<\/li>\n<\/ul>","protected":false},"featured_media":3441,"comment_status":"closed","ping_status":"closed","template":"","meta":{"_acf_changed":false},"product_brand":[],"product_cat":[29],"product_tag":[],"class_list":{"0":"post-3415","1":"product","2":"type-product","3":"status-publish","4":"has-post-thumbnail","6":"product_cat-high-voltage-igbt-module","8":"first","9":"instock","10":"shipping-taxable","11":"product-type-variable","12":"has-default-attributes"},"acf":[],"_links":{"self":[{"href":"https:\/\/www.hiitiosemi.com\/de\/wp-json\/wp\/v2\/product\/3415","targetHints":{"allow":["GET"]}}],"collection":[{"href":"https:\/\/www.hiitiosemi.com\/de\/wp-json\/wp\/v2\/product"}],"about":[{"href":"https:\/\/www.hiitiosemi.com\/de\/wp-json\/wp\/v2\/types\/product"}],"replies":[{"embeddable":true,"href":"https:\/\/www.hiitiosemi.com\/de\/wp-json\/wp\/v2\/comments?post=3415"}],"wp:featuredmedia":[{"embeddable":true,"href":"https:\/\/www.hiitiosemi.com\/de\/wp-json\/wp\/v2\/media\/3441"}],"wp:attachment":[{"href":"https:\/\/www.hiitiosemi.com\/de\/wp-json\/wp\/v2\/media?parent=3415"}],"wp:term":[{"taxonomy":"product_brand","embeddable":true,"href":"https:\/\/www.hiitiosemi.com\/de\/wp-json\/wp\/v2\/product_brand?post=3415"},{"taxonomy":"product_cat","embeddable":true,"href":"https:\/\/www.hiitiosemi.com\/de\/wp-json\/wp\/v2\/product_cat?post=3415"},{"taxonomy":"product_tag","embeddable":true,"href":"https:\/\/www.hiitiosemi.com\/de\/wp-json\/wp\/v2\/product_tag?post=3415"}],"curies":[{"name":"wp","href":"https:\/\/api.w.org\/{rel}","templated":true}]}}