{"id":3412,"date":"2025-11-07T07:10:03","date_gmt":"2025-11-07T07:10:03","guid":{"rendered":"https:\/\/www.hiitiosemi.com\/?post_type=product&#038;p=3412"},"modified":"2025-11-12T01:14:15","modified_gmt":"2025-11-12T01:14:15","slug":"6500v-250a-high-voltage-igbt-power-module","status":"publish","type":"product","link":"https:\/\/www.hiitiosemi.com\/de\/product\/6500v-250a-high-voltage-igbt-power-module\/","title":{"rendered":"6500V 250A Hochspannungs-IGBT-Leistungsschalter-Modul"},"content":{"rendered":"<p data-start=\"1136\" data-end=\"1688\">Das <strong data-start=\"1140\" data-end=\"1164\">HCGM250P2SM65-PSA011<\/strong> Hochspannungs-IGBT-Leistungsmodul ist f\u00fcr Hochspannungs- und Hochleistungsanwendungen ausgelegt, bewertet bei <strong data-start=\"1260\" data-end=\"1274\">6500V\/250A<\/strong>. Es verf\u00fcgt \u00fcber ein <strong data-start=\"1289\" data-end=\"1308\">AISiC-Basisplatte<\/strong> und <strong data-start=\"1313\" data-end=\"1331\">AIN-Substraten<\/strong>, das eine \u00fcberlegene thermische Verwaltung und Systemstabilit\u00e4t gew\u00e4hrleistet. Mit <strong data-start=\"1399\" data-end=\"1434\">hoher thermischer Zyklenfestigkeit<\/strong>, garantiert dieses Modul Zuverl\u00e4ssigkeit unter extremen Bedingungen, w\u00e4hrend sein <strong data-start=\"1507\" data-end=\"1550\">10\u03bcs Kurzschlussbest\u00e4ndigkeit<\/strong> den Schaltkreis sch\u00fctzt und ihn ideal f\u00fcr Antriebsstr\u00e4nge, Motorsteuerung, intelligente Netze und Hochzuverl\u00e4ssigkeitsinverter macht.<\/p>\n<h3 data-start=\"1690\" data-end=\"1708\"><strong data-start=\"1694\" data-end=\"1706\">Merkmale<\/strong><\/h3>\n<ul data-start=\"1709\" data-end=\"2053\">\n<li data-start=\"1709\" data-end=\"1781\"><strong data-start=\"1711\" data-end=\"1730\">AISiC-Basisplatte<\/strong>: Verbessert die W\u00e4rmeableitung und die Haltbarkeit des Moduls<\/li>\n<li data-start=\"1782\" data-end=\"1859\"><strong data-start=\"1784\" data-end=\"1802\">AIN-Substrate<\/strong>: Verbessert die elektrische Isolierung und Systemzuverl\u00e4ssigkeit<\/li>\n<li data-start=\"1860\" data-end=\"1952\"><strong data-start=\"1862\" data-end=\"1897\">Hohe thermische Zyklusf\u00e4higkeit<\/strong>: Widersteht rauen Umgebungen f\u00fcr eine verl\u00e4ngerte Lebensdauer<\/li>\n<li data-start=\"1953\" data-end=\"2053\"><strong data-start=\"1955\" data-end=\"1987\">10\u03bcs Kurzschlussfestigkeit<\/strong>: Bietet \u00fcberlegenen Kurzschlussschutz f\u00fcr erh\u00f6hte Sicherheit<\/li>\n<\/ul>\n<h3 data-start=\"2055\" data-end=\"2077\"><strong data-start=\"2059\" data-end=\"2075\">Anwendungen<\/strong><\/h3>\n<ul data-start=\"2078\" data-end=\"2352\" data-is-only-node=\"\" data-is-last-node=\"\">\n<li data-start=\"2078\" data-end=\"2145\"><strong data-start=\"2080\" data-end=\"2099\">Antriebsstr\u00e4nge<\/strong> (Schienenverkehr, elektrische Lokomotiven)<\/li>\n<li data-start=\"2146\" data-end=\"2211\"><strong data-start=\"2148\" data-end=\"2169\">Motorkontroller<\/strong> (industrielle Antriebe, Automatisierungssysteme)<\/li>\n<li data-start=\"2212\" data-end=\"2276\"><strong data-start=\"2214\" data-end=\"2228\">Intelligentes Stromnetz<\/strong> (effizientes Energie management und Verteilung)<\/li>\n<li data-start=\"2277\" data-end=\"2352\" data-is-last-node=\"\"><strong data-start=\"2279\" data-end=\"2309\">Hochzuverl\u00e4ssige Wechselrichter<\/strong> (Wind- und Solarenergieumwandlungssysteme)<\/li>\n<\/ul>","protected":false},"excerpt":{"rendered":"<p data-start=\"186\" data-end=\"506\">Das HCGM250P2SM65-PSA011 Hochspannungs-IGBT-Leistungsmodul (6500V\/250A) verf\u00fcgt \u00fcber eine AISiC-Basisplatte, AIN-Substrate, hohe thermische Zyklenfestigkeit und 10\u03bcs Kurzschlussfestigkeit, was eine effiziente K\u00fchlung und Stabilit\u00e4t f\u00fcr Antriebsstr\u00e4nge, Motorsteuerungen, intelligente Netze und Hochzuverl\u00e4ssigkeitsinverter gew\u00e4hrleistet.<\/p>","protected":false},"featured_media":3435,"comment_status":"closed","ping_status":"closed","template":"","meta":{"_acf_changed":false},"product_brand":[],"product_cat":[29],"product_tag":[],"class_list":{"0":"post-3412","1":"product","2":"type-product","3":"status-publish","4":"has-post-thumbnail","6":"product_cat-high-voltage-igbt-module","8":"first","9":"instock","10":"shipping-taxable","11":"product-type-variable","12":"has-default-attributes"},"acf":[],"_links":{"self":[{"href":"https:\/\/www.hiitiosemi.com\/de\/wp-json\/wp\/v2\/product\/3412","targetHints":{"allow":["GET"]}}],"collection":[{"href":"https:\/\/www.hiitiosemi.com\/de\/wp-json\/wp\/v2\/product"}],"about":[{"href":"https:\/\/www.hiitiosemi.com\/de\/wp-json\/wp\/v2\/types\/product"}],"replies":[{"embeddable":true,"href":"https:\/\/www.hiitiosemi.com\/de\/wp-json\/wp\/v2\/comments?post=3412"}],"wp:featuredmedia":[{"embeddable":true,"href":"https:\/\/www.hiitiosemi.com\/de\/wp-json\/wp\/v2\/media\/3435"}],"wp:attachment":[{"href":"https:\/\/www.hiitiosemi.com\/de\/wp-json\/wp\/v2\/media?parent=3412"}],"wp:term":[{"taxonomy":"product_brand","embeddable":true,"href":"https:\/\/www.hiitiosemi.com\/de\/wp-json\/wp\/v2\/product_brand?post=3412"},{"taxonomy":"product_cat","embeddable":true,"href":"https:\/\/www.hiitiosemi.com\/de\/wp-json\/wp\/v2\/product_cat?post=3412"},{"taxonomy":"product_tag","embeddable":true,"href":"https:\/\/www.hiitiosemi.com\/de\/wp-json\/wp\/v2\/product_tag?post=3412"}],"curies":[{"name":"wp","href":"https:\/\/api.w.org\/{rel}","templated":true}]}}