{"id":3411,"date":"2025-11-07T07:10:03","date_gmt":"2025-11-07T07:10:03","guid":{"rendered":"https:\/\/www.hiitiosemi.com\/?post_type=product&#038;p=3411"},"modified":"2025-11-12T01:12:38","modified_gmt":"2025-11-12T01:12:38","slug":"6500v-750a-high-voltage-igbt-power-module-single-switch","status":"publish","type":"product","link":"https:\/\/www.hiitiosemi.com\/de\/product\/6500v-750a-high-voltage-igbt-power-module-single-switch\/","title":{"rendered":"6500V 750A Hochspannungs-IGBT-Leistungsschaltung-Einzel-Schalter"},"content":{"rendered":"<p data-start=\"1126\" data-end=\"1676\">Das <strong data-start=\"1130\" data-end=\"1153\">HCGM750ASM65-PSA011<\/strong> Hochspannungs-IGBT-Leistungsmodul ist f\u00fcr Hochspannungs- und Hochleistungsanwendungen ausgelegt, bewertet bei <strong data-start=\"1249\" data-end=\"1263\">6500V\/750A<\/strong>. Es verf\u00fcgt \u00fcber ein <strong data-start=\"1278\" data-end=\"1297\">AISiC-Basisplatte<\/strong> und <strong data-start=\"1302\" data-end=\"1320\">AIN-Substraten<\/strong>bietet es eine \u00fcberlegene thermische Verwaltung und elektrische Stabilit\u00e4t. Mit <strong data-start=\"1392\" data-end=\"1427\">hoher thermischer Zyklenfestigkeit<\/strong>, garantiert dieses Modul Zuverl\u00e4ssigkeit unter extremen Bedingungen, w\u00e4hrend sein <strong data-start=\"1500\" data-end=\"1543\">10\u03bcs Kurzschlussbest\u00e4ndigkeit<\/strong> die Systemsicherheit erh\u00f6ht und es zu einer idealen Wahl f\u00fcr Antriebsstr\u00e4nge, Motorsteuerung, intelligente Netze und Hochzuverl\u00e4ssigkeitsinverter macht.<\/p>\n<h3 data-start=\"1678\" data-end=\"1696\"><strong data-start=\"1682\" data-end=\"1694\">Merkmale<\/strong><\/h3>\n<ul data-start=\"1697\" data-end=\"2041\">\n<li data-start=\"1697\" data-end=\"1769\"><strong data-start=\"1699\" data-end=\"1718\">AISiC-Basisplatte<\/strong>: Verbessert die W\u00e4rmeableitung und die Haltbarkeit des Moduls<\/li>\n<li data-start=\"1770\" data-end=\"1847\"><strong data-start=\"1772\" data-end=\"1790\">AIN-Substrate<\/strong>: Verbessert die elektrische Isolierung und Systemzuverl\u00e4ssigkeit<\/li>\n<li data-start=\"1848\" data-end=\"1940\"><strong data-start=\"1850\" data-end=\"1885\">Hohe thermische Zyklusf\u00e4higkeit<\/strong>: Widersteht rauen Umgebungen f\u00fcr eine verl\u00e4ngerte Lebensdauer<\/li>\n<li data-start=\"1941\" data-end=\"2041\"><strong data-start=\"1943\" data-end=\"1975\">10\u03bcs Kurzschlussfestigkeit<\/strong>: Bietet \u00fcberlegenen Kurzschlussschutz f\u00fcr erh\u00f6hte Sicherheit<\/li>\n<\/ul>\n<h3 data-start=\"2043\" data-end=\"2065\"><strong data-start=\"2047\" data-end=\"2063\">Anwendungen<\/strong><\/h3>\n<ul data-start=\"2066\" data-end=\"2340\" data-is-last-node=\"\" data-is-only-node=\"\">\n<li data-start=\"2066\" data-end=\"2133\"><strong data-start=\"2068\" data-end=\"2087\">Antriebsstr\u00e4nge<\/strong> (Schienenverkehr, elektrische Lokomotiven)<\/li>\n<li data-start=\"2134\" data-end=\"2199\"><strong data-start=\"2136\" data-end=\"2157\">Motorkontroller<\/strong> (industrielle Antriebe, Automatisierungssysteme)<\/li>\n<li data-start=\"2200\" data-end=\"2264\"><strong data-start=\"2202\" data-end=\"2216\">Intelligentes Stromnetz<\/strong> (effizientes Energie management und Verteilung)<\/li>\n<li data-start=\"2265\" data-end=\"2340\" data-is-last-node=\"\"><strong data-start=\"2267\" data-end=\"2297\">Hochzuverl\u00e4ssige Wechselrichter<\/strong> (Wind- und Solarenergieumwandlungssysteme)<\/li>\n<\/ul>","protected":false},"excerpt":{"rendered":"<p>Das HCGM750ASM65-PSA011 Hochspannungs-IGBT-Leistungsmodul (6500V\/750A) verf\u00fcgt \u00fcber eine AISiC-Basisplatte, AIN-Substrate, hohe thermische Zyklenfestigkeit und 10\u03bcs Kurzschlussfestigkeit, was eine effiziente K\u00fchlung und Stabilit\u00e4t f\u00fcr Antriebsstr\u00e4nge, Motorsteuerungen, intelligente Netze und Hochzuverl\u00e4ssigkeitsinverter gew\u00e4hrleistet.<\/p>","protected":false},"featured_media":3432,"comment_status":"closed","ping_status":"closed","template":"","meta":{"_acf_changed":false},"product_brand":[],"product_cat":[29],"product_tag":[],"class_list":{"0":"post-3411","1":"product","2":"type-product","3":"status-publish","4":"has-post-thumbnail","6":"product_cat-high-voltage-igbt-module","8":"first","9":"instock","10":"shipping-taxable","11":"product-type-variable","12":"has-default-attributes"},"acf":[],"_links":{"self":[{"href":"https:\/\/www.hiitiosemi.com\/de\/wp-json\/wp\/v2\/product\/3411","targetHints":{"allow":["GET"]}}],"collection":[{"href":"https:\/\/www.hiitiosemi.com\/de\/wp-json\/wp\/v2\/product"}],"about":[{"href":"https:\/\/www.hiitiosemi.com\/de\/wp-json\/wp\/v2\/types\/product"}],"replies":[{"embeddable":true,"href":"https:\/\/www.hiitiosemi.com\/de\/wp-json\/wp\/v2\/comments?post=3411"}],"wp:featuredmedia":[{"embeddable":true,"href":"https:\/\/www.hiitiosemi.com\/de\/wp-json\/wp\/v2\/media\/3432"}],"wp:attachment":[{"href":"https:\/\/www.hiitiosemi.com\/de\/wp-json\/wp\/v2\/media?parent=3411"}],"wp:term":[{"taxonomy":"product_brand","embeddable":true,"href":"https:\/\/www.hiitiosemi.com\/de\/wp-json\/wp\/v2\/product_brand?post=3411"},{"taxonomy":"product_cat","embeddable":true,"href":"https:\/\/www.hiitiosemi.com\/de\/wp-json\/wp\/v2\/product_cat?post=3411"},{"taxonomy":"product_tag","embeddable":true,"href":"https:\/\/www.hiitiosemi.com\/de\/wp-json\/wp\/v2\/product_tag?post=3411"}],"curies":[{"name":"wp","href":"https:\/\/api.w.org\/{rel}","templated":true}]}}