{"id":3410,"date":"2025-11-07T07:10:03","date_gmt":"2025-11-07T07:10:03","guid":{"rendered":"https:\/\/www.hiitiosemi.com\/?post_type=product&#038;p=3410"},"modified":"2025-11-12T01:08:14","modified_gmt":"2025-11-12T01:08:14","slug":"6500v-750a-high-voltage-igbt-power-module","status":"publish","type":"product","link":"https:\/\/www.hiitiosemi.com\/de\/product\/6500v-750a-high-voltage-igbt-power-module\/","title":{"rendered":"6500V 750A Hochspannungs-IGBT-Leistungsmodule"},"content":{"rendered":"<p data-start=\"1110\" data-end=\"1654\">Das <strong data-start=\"1114\" data-end=\"1137\">HCGM750PHM65-TSA000<\/strong> Hochspannungs-IGBT-Leistungsmodul ist f\u00fcr Hochspannungs- und Hochleistungsanwendungen ausgelegt, bewertet bei <strong data-start=\"1233\" data-end=\"1247\">6500V\/750A<\/strong>. Mit <strong data-start=\"1259\" data-end=\"1284\">direkter Fl\u00fcssigkeitsk\u00fchlung<\/strong> und <strong data-start=\"1289\" data-end=\"1307\">AIN-Substraten<\/strong>, es sorgt f\u00fcr \u00fcberlegene thermische Leistung und Systemstabilit\u00e4t. Das <strong data-start=\"1375\" data-end=\"1399\">niedriginduktive Design<\/strong> minimiert parasit\u00e4re Induktivit\u00e4t, verbessert die Schaltleistung, w\u00e4hrend das <strong data-start=\"1474\" data-end=\"1517\">10\u03bcs Kurzschlussbest\u00e4ndigkeit<\/strong> das Systemschutz verbessert und es zu einer idealen Wahl f\u00fcr Traktionsantriebe, Motorsteuerung, intelligente Netze und Hochzuverl\u00e4ssigkeitsinverter macht.<\/p>\n<h3 data-start=\"1656\" data-end=\"1674\"><strong data-start=\"1660\" data-end=\"1672\">Merkmale<\/strong><\/h3>\n<ul data-start=\"1675\" data-end=\"2021\">\n<li data-start=\"1675\" data-end=\"1756\"><strong data-start=\"1677\" data-end=\"1702\">Direkte Fl\u00fcssigkeitsk\u00fchlung<\/strong>: Verbessert das thermische Management und die Systemzuverl\u00e4ssigkeit<\/li>\n<li data-start=\"1757\" data-end=\"1835\"><strong data-start=\"1759\" data-end=\"1777\">AIN-Substrate<\/strong>: Verbessert die elektrische Isolierung und die langfristige Stabilit\u00e4t<\/li>\n<li data-start=\"1836\" data-end=\"1926\"><strong data-start=\"1838\" data-end=\"1862\">Niedrig induktives Design<\/strong>: Reduziert parasit\u00e4re Induktivit\u00e4t, verbessert die Schaltleistung<\/li>\n<li data-start=\"1927\" data-end=\"2021\"><strong data-start=\"1929\" data-end=\"1961\">10\u03bcs Kurzschlussfestigkeit<\/strong>: Bietet \u00fcberlegenen Schaltkreis- und Systemschutz f\u00fcr erh\u00f6hte Sicherheit<\/li>\n<\/ul>\n<h3 data-start=\"2023\" data-end=\"2045\"><strong data-start=\"2027\" data-end=\"2043\">Anwendungen<\/strong><\/h3>\n<ul data-start=\"2046\" data-end=\"2320\" data-is-only-node=\"\" data-is-last-node=\"\">\n<li data-start=\"2046\" data-end=\"2113\"><strong data-start=\"2048\" data-end=\"2067\">Antriebsstr\u00e4nge<\/strong> (Schienenverkehr, elektrische Lokomotiven)<\/li>\n<li data-start=\"2114\" data-end=\"2179\"><strong data-start=\"2116\" data-end=\"2137\">Motorkontroller<\/strong> (industrielle Antriebe, Automatisierungssysteme)<\/li>\n<li data-start=\"2180\" data-end=\"2244\"><strong data-start=\"2182\" data-end=\"2196\">Intelligentes Stromnetz<\/strong> (effizientes Energie management und Verteilung)<\/li>\n<li data-start=\"2245\" data-end=\"2320\" data-is-last-node=\"\"><strong data-start=\"2247\" data-end=\"2277\">Hochzuverl\u00e4ssige Wechselrichter<\/strong> (Wind- und Solarenergieumwandlungssysteme)<\/li>\n<\/ul>","protected":false},"excerpt":{"rendered":"<p data-start=\"181\" data-end=\"492\">Das HCGM750PHM65-TSA000 Hochspannungs-IGBT-Leistungsmodul (6500V\/750A) verf\u00fcgt \u00fcber direkte Fl\u00fcssigkeitsk\u00fchlung, AIN-Substrate, niedriginduktives Design und 10\u03bcs Kurzschlussfestigkeit, was hohe Effizienz und Zuverl\u00e4ssigkeit f\u00fcr Traktionsantriebe, Motorsteuerungen, intelligente Netze und Hochzuverl\u00e4ssigkeitsinverter gew\u00e4hrleistet.<\/p>","protected":false},"featured_media":3434,"comment_status":"closed","ping_status":"closed","template":"","meta":{"_acf_changed":false},"product_brand":[],"product_cat":[29],"product_tag":[],"class_list":{"0":"post-3410","1":"product","2":"type-product","3":"status-publish","4":"has-post-thumbnail","6":"product_cat-high-voltage-igbt-module","8":"first","9":"instock","10":"shipping-taxable","11":"product-type-variable","12":"has-default-attributes"},"acf":[],"_links":{"self":[{"href":"https:\/\/www.hiitiosemi.com\/de\/wp-json\/wp\/v2\/product\/3410","targetHints":{"allow":["GET"]}}],"collection":[{"href":"https:\/\/www.hiitiosemi.com\/de\/wp-json\/wp\/v2\/product"}],"about":[{"href":"https:\/\/www.hiitiosemi.com\/de\/wp-json\/wp\/v2\/types\/product"}],"replies":[{"embeddable":true,"href":"https:\/\/www.hiitiosemi.com\/de\/wp-json\/wp\/v2\/comments?post=3410"}],"wp:featuredmedia":[{"embeddable":true,"href":"https:\/\/www.hiitiosemi.com\/de\/wp-json\/wp\/v2\/media\/3434"}],"wp:attachment":[{"href":"https:\/\/www.hiitiosemi.com\/de\/wp-json\/wp\/v2\/media?parent=3410"}],"wp:term":[{"taxonomy":"product_brand","embeddable":true,"href":"https:\/\/www.hiitiosemi.com\/de\/wp-json\/wp\/v2\/product_brand?post=3410"},{"taxonomy":"product_cat","embeddable":true,"href":"https:\/\/www.hiitiosemi.com\/de\/wp-json\/wp\/v2\/product_cat?post=3410"},{"taxonomy":"product_tag","embeddable":true,"href":"https:\/\/www.hiitiosemi.com\/de\/wp-json\/wp\/v2\/product_tag?post=3410"}],"curies":[{"name":"wp","href":"https:\/\/api.w.org\/{rel}","templated":true}]}}