{"id":3409,"date":"2025-11-07T07:10:03","date_gmt":"2025-11-07T07:10:03","guid":{"rendered":"https:\/\/www.hiitiosemi.com\/?post_type=product&#038;p=3409"},"modified":"2025-11-12T01:10:38","modified_gmt":"2025-11-12T01:10:38","slug":"4500v-1200a-high-voltage-igbt-power-module-e","status":"publish","type":"product","link":"https:\/\/www.hiitiosemi.com\/de\/product\/4500v-1200a-high-voltage-igbt-power-module-e\/","title":{"rendered":"4500V 1200A Hochspannungs-IGBT-Leistungsschaltung-E"},"content":{"rendered":"<p data-start=\"1238\" data-end=\"1860\">Das <strong data-start=\"1242\" data-end=\"1266\">HCGM1200ESM45-PSA011<\/strong> Hochspannungs-IGBT-Leistungsmodul ist f\u00fcr Hochspannungs- und Hochleistungsanwendungen ausgelegt, bewertet bei <strong data-start=\"1362\" data-end=\"1377\">4500V\/1200A<\/strong>. Es verf\u00fcgt \u00fcber ein <strong data-start=\"1392\" data-end=\"1411\">AlSiC-Basisplatte<\/strong> und <strong data-start=\"1416\" data-end=\"1434\">AIN-Substraten<\/strong>, it ensures superior thermal management and electrical performance. With <strong data-start=\"1508\" data-end=\"1543\">hoher thermischer Zyklenfestigkeit<\/strong> und <strong data-start=\"1548\" data-end=\"1580\">10\u03bcs Kurzschlussfestigkeit<\/strong>, this module guarantees stable operation in extreme conditions. The low Vce(sat) design reduces power losses, while high current density enhances power handling capacity, making it an ideal choice for traction drives, motor control, smart grids, and high-reliability inverters.<\/p>\n<h3 data-start=\"1862\" data-end=\"1880\"><strong data-start=\"1866\" data-end=\"1878\">Merkmale<\/strong><\/h3>\n<ul data-start=\"1881\" data-end=\"2400\">\n<li data-start=\"1881\" data-end=\"1953\"><strong data-start=\"1883\" data-end=\"1902\">AlSiC-Basisplatte<\/strong>: Verbessert die W\u00e4rmeableitung und die Haltbarkeit des Moduls<\/li>\n<li data-start=\"1954\" data-end=\"2031\"><strong data-start=\"1956\" data-end=\"1974\">AIN-Substrate<\/strong>: Verbessert die elektrische Isolierung und Systemzuverl\u00e4ssigkeit<\/li>\n<li data-start=\"2032\" data-end=\"2124\"><strong data-start=\"2034\" data-end=\"2069\">Hohe thermische Zyklusf\u00e4higkeit<\/strong>: Widersteht rauen Umgebungen f\u00fcr eine verl\u00e4ngerte Lebensdauer<\/li>\n<li data-start=\"2125\" data-end=\"2225\"><strong data-start=\"2127\" data-end=\"2159\">10\u03bcs Kurzschlussfestigkeit<\/strong>: Bietet \u00fcberlegenen Kurzschlussschutz f\u00fcr erh\u00f6hte Sicherheit<\/li>\n<li data-start=\"2226\" data-end=\"2306\"><strong data-start=\"2228\" data-end=\"2251\">Ger\u00e4t mit niedrigem Vce(sat)<\/strong>: Reduziert Leistungsverluste und verbessert die Energieeffizienz<\/li>\n<li data-start=\"2307\" data-end=\"2400\"><strong data-start=\"2309\" data-end=\"2333\">Hohe Stromdichte<\/strong>: Optimiert die Raumausnutzung und unterst\u00fctzt Hochleistungsanwendungen<\/li>\n<\/ul>\n<h3 data-start=\"2402\" data-end=\"2424\"><strong data-start=\"2406\" data-end=\"2422\">Anwendungen<\/strong><\/h3>\n<ul data-start=\"2425\" data-end=\"2699\" data-is-last-node=\"\" data-is-only-node=\"\">\n<li data-start=\"2425\" data-end=\"2492\"><strong data-start=\"2427\" data-end=\"2446\">Antriebsstr\u00e4nge<\/strong> (Schienenverkehr, elektrische Lokomotiven)<\/li>\n<li data-start=\"2493\" data-end=\"2558\"><strong data-start=\"2495\" data-end=\"2516\">Motorkontroller<\/strong> (industrielle Antriebe, Automatisierungssysteme)<\/li>\n<li data-start=\"2559\" data-end=\"2623\"><strong data-start=\"2561\" data-end=\"2575\">Intelligentes Stromnetz<\/strong> (effizientes Energie management und Verteilung)<\/li>\n<li data-start=\"2624\" data-end=\"2699\" data-is-last-node=\"\"><strong data-start=\"2626\" data-end=\"2656\">Hochzuverl\u00e4ssige Wechselrichter<\/strong> (Wind- und Solarenergieumwandlungssysteme)<\/li>\n<\/ul>","protected":false},"excerpt":{"rendered":"<p>Das HCGM1200ASM45-PSA011 Hochspannungs-IGBT-Leistungsschaltmodul (4500V\/1200A) verf\u00fcgt \u00fcber eine AlSiC-Basisplatte, AIN-Substrate, hohe thermische Zyklenfestigkeit, niedrigen Vce(sat) und 10\u03bcs Kurzschlussfestigkeit, was eine effiziente K\u00fchlung und Zuverl\u00e4ssigkeit f\u00fcr Antriebsstr\u00e4nge, Motorsteuerungen, intelligente Netze und Hochzuverl\u00e4ssigkeitsinverter gew\u00e4hrleistet.<\/p>","protected":false},"featured_media":3432,"comment_status":"closed","ping_status":"closed","template":"","meta":{"_acf_changed":false},"product_brand":[],"product_cat":[29],"product_tag":[],"class_list":{"0":"post-3409","1":"product","2":"type-product","3":"status-publish","4":"has-post-thumbnail","6":"product_cat-high-voltage-igbt-module","8":"first","9":"instock","10":"shipping-taxable","11":"product-type-variable","12":"has-default-attributes"},"acf":[],"_links":{"self":[{"href":"https:\/\/www.hiitiosemi.com\/de\/wp-json\/wp\/v2\/product\/3409","targetHints":{"allow":["GET"]}}],"collection":[{"href":"https:\/\/www.hiitiosemi.com\/de\/wp-json\/wp\/v2\/product"}],"about":[{"href":"https:\/\/www.hiitiosemi.com\/de\/wp-json\/wp\/v2\/types\/product"}],"replies":[{"embeddable":true,"href":"https:\/\/www.hiitiosemi.com\/de\/wp-json\/wp\/v2\/comments?post=3409"}],"wp:featuredmedia":[{"embeddable":true,"href":"https:\/\/www.hiitiosemi.com\/de\/wp-json\/wp\/v2\/media\/3432"}],"wp:attachment":[{"href":"https:\/\/www.hiitiosemi.com\/de\/wp-json\/wp\/v2\/media?parent=3409"}],"wp:term":[{"taxonomy":"product_brand","embeddable":true,"href":"https:\/\/www.hiitiosemi.com\/de\/wp-json\/wp\/v2\/product_brand?post=3409"},{"taxonomy":"product_cat","embeddable":true,"href":"https:\/\/www.hiitiosemi.com\/de\/wp-json\/wp\/v2\/product_cat?post=3409"},{"taxonomy":"product_tag","embeddable":true,"href":"https:\/\/www.hiitiosemi.com\/de\/wp-json\/wp\/v2\/product_tag?post=3409"}],"curies":[{"name":"wp","href":"https:\/\/api.w.org\/{rel}","templated":true}]}}