{"id":3408,"date":"2025-11-07T07:10:02","date_gmt":"2025-11-07T07:10:02","guid":{"rendered":"https:\/\/www.hiitiosemi.com\/?post_type=product&#038;p=3408"},"modified":"2025-11-12T01:26:29","modified_gmt":"2025-11-12T01:26:29","slug":"4500v-1200a-high-voltage-igbt-power-module-a","status":"publish","type":"product","link":"https:\/\/www.hiitiosemi.com\/de\/product\/4500v-1200a-high-voltage-igbt-power-module-a\/","title":{"rendered":"4500V 1200A Hochspannungs-IGBT-Leistungsmodul-A"},"content":{"rendered":"<p data-start=\"1227\" data-end=\"1777\">Das <strong data-start=\"1231\" data-end=\"1255\">HCGM1200ASM45-PSA011<\/strong> Hochspannungs-IGBT-Leistungsschaltmodul ist f\u00fcr Hochleistungsanwendungen ausgelegt und hat eine Nennspannung von <strong data-start=\"1337\" data-end=\"1352\">4500V\/1200A<\/strong>, was eine herausragende Energieumwandlungseffizienz bietet. Mit <strong data-start=\"1416\" data-end=\"1435\">AlSiC-Basisplatte<\/strong> und <strong data-start=\"1440\" data-end=\"1458\">AIN-Substraten<\/strong>, sorgt es f\u00fcr eine \u00fcberlegene thermische Verwaltung. Mit <strong data-start=\"1505\" data-end=\"1540\">hoher thermischer Zyklenfestigkeit<\/strong> und <strong data-start=\"1545\" data-end=\"1577\">10\u03bcs Kurzschlussfestigkeit<\/strong>, erh\u00f6ht es die Systemzuverl\u00e4ssigkeit und Stabilit\u00e4t. Zus\u00e4tzlich integriert dieses Modul ein <strong data-start=\"1666\" data-end=\"1689\">niedriges Vce(sat)-Ger\u00e4t<\/strong> und <strong data-start=\"1694\" data-end=\"1718\">hohe Stromdichte<\/strong> Design, reduziert Leistungsverluste und optimiert die Effizienz.<\/p>\n<h3 data-start=\"1779\" data-end=\"1797\"><strong data-start=\"1783\" data-end=\"1795\">Merkmale<\/strong><\/h3>\n<ul data-start=\"1798\" data-end=\"2329\">\n<li data-start=\"1798\" data-end=\"1870\"><strong data-start=\"1800\" data-end=\"1819\">AlSiC-Basisplatte<\/strong>: Verbessert die W\u00e4rmeableitung und die Haltbarkeit des Moduls<\/li>\n<li data-start=\"1871\" data-end=\"1949\"><strong data-start=\"1873\" data-end=\"1891\">AIN-Substrate<\/strong>: Verbessert die elektrische Isolierung f\u00fcr langfristige Stabilit\u00e4t<\/li>\n<li data-start=\"1950\" data-end=\"2053\"><strong data-start=\"1952\" data-end=\"1987\">Hohe thermische Zyklusf\u00e4higkeit<\/strong>: Passt sich extremen Temperaturschwankungen an und sorgt f\u00fcr Zuverl\u00e4ssigkeit<\/li>\n<li data-start=\"2054\" data-end=\"2154\"><strong data-start=\"2056\" data-end=\"2088\">10\u03bcs Kurzschlussfestigkeit<\/strong>: Bietet \u00fcberlegenen Kurzschlussschutz f\u00fcr erh\u00f6hte Sicherheit<\/li>\n<li data-start=\"2155\" data-end=\"2235\"><strong data-start=\"2157\" data-end=\"2180\">Ger\u00e4t mit niedrigem Vce(sat)<\/strong>: Reduziert Leistungsverluste und verbessert die Energieeffizienz<\/li>\n<li data-start=\"2236\" data-end=\"2329\"><strong data-start=\"2238\" data-end=\"2262\">Hohe Stromdichte<\/strong>: Optimiert die Raumausnutzung und unterst\u00fctzt Hochleistungsanwendungen<\/li>\n<\/ul>\n<h3 data-start=\"2331\" data-end=\"2353\"><strong data-start=\"2335\" data-end=\"2351\">Anwendungen<\/strong><\/h3>\n<ul data-start=\"2354\" data-end=\"2628\" data-is-last-node=\"\" data-is-only-node=\"\">\n<li data-start=\"2354\" data-end=\"2421\"><strong data-start=\"2356\" data-end=\"2375\">Antriebsstr\u00e4nge<\/strong> (Schienenverkehr, elektrische Lokomotiven)<\/li>\n<li data-start=\"2422\" data-end=\"2487\"><strong data-start=\"2424\" data-end=\"2445\">Motorkontroller<\/strong> (industrielle Antriebe, Automatisierungssysteme)<\/li>\n<li data-start=\"2488\" data-end=\"2552\"><strong data-start=\"2490\" data-end=\"2504\">Intelligentes Stromnetz<\/strong> (effizientes Energie management und Verteilung)<\/li>\n<li data-start=\"2553\" data-end=\"2628\" data-is-last-node=\"\"><strong data-start=\"2555\" data-end=\"2585\">Hochzuverl\u00e4ssige Wechselrichter<\/strong> (Wind- und Solarenergieumwandlungssysteme)<\/li>\n<\/ul>","protected":false},"excerpt":{"rendered":"<p>Das HCGM1200ASM45-PSA011 Hochspannungs-IGBT-Leistungsschaltmodul (4500V\/1200A) verf\u00fcgt \u00fcber eine AlSiC-Basisplatte, AIN-Substrate, hohe thermische Zyklenfestigkeit, niedrigen Vce(sat) und 10\u03bcs Kurzschlussfestigkeit, was eine effiziente K\u00fchlung und Zuverl\u00e4ssigkeit f\u00fcr Antriebsstr\u00e4nge, Motorsteuerungen, intelligente Netze und Hochzuverl\u00e4ssigkeitsinverter gew\u00e4hrleistet.<\/p>","protected":false},"featured_media":3368,"comment_status":"closed","ping_status":"closed","template":"","meta":{"_acf_changed":false},"product_brand":[],"product_cat":[29],"product_tag":[],"class_list":{"0":"post-3408","1":"product","2":"type-product","3":"status-publish","4":"has-post-thumbnail","6":"product_cat-high-voltage-igbt-module","8":"first","9":"instock","10":"shipping-taxable","11":"product-type-variable","12":"has-default-attributes"},"acf":[],"_links":{"self":[{"href":"https:\/\/www.hiitiosemi.com\/de\/wp-json\/wp\/v2\/product\/3408","targetHints":{"allow":["GET"]}}],"collection":[{"href":"https:\/\/www.hiitiosemi.com\/de\/wp-json\/wp\/v2\/product"}],"about":[{"href":"https:\/\/www.hiitiosemi.com\/de\/wp-json\/wp\/v2\/types\/product"}],"replies":[{"embeddable":true,"href":"https:\/\/www.hiitiosemi.com\/de\/wp-json\/wp\/v2\/comments?post=3408"}],"wp:featuredmedia":[{"embeddable":true,"href":"https:\/\/www.hiitiosemi.com\/de\/wp-json\/wp\/v2\/media\/3368"}],"wp:attachment":[{"href":"https:\/\/www.hiitiosemi.com\/de\/wp-json\/wp\/v2\/media?parent=3408"}],"wp:term":[{"taxonomy":"product_brand","embeddable":true,"href":"https:\/\/www.hiitiosemi.com\/de\/wp-json\/wp\/v2\/product_brand?post=3408"},{"taxonomy":"product_cat","embeddable":true,"href":"https:\/\/www.hiitiosemi.com\/de\/wp-json\/wp\/v2\/product_cat?post=3408"},{"taxonomy":"product_tag","embeddable":true,"href":"https:\/\/www.hiitiosemi.com\/de\/wp-json\/wp\/v2\/product_tag?post=3408"}],"curies":[{"name":"wp","href":"https:\/\/api.w.org\/{rel}","templated":true}]}}