{"id":3407,"date":"2025-11-07T07:10:02","date_gmt":"2025-11-07T07:10:02","guid":{"rendered":"https:\/\/www.hiitiosemi.com\/?post_type=product&#038;p=3407"},"modified":"2025-11-12T01:27:10","modified_gmt":"2025-11-12T01:27:10","slug":"4500v-800a-high-voltage-igbt-power-module","status":"publish","type":"product","link":"https:\/\/www.hiitiosemi.com\/de\/product\/4500v-800a-high-voltage-igbt-power-module\/","title":{"rendered":"4500V 800A Hochspannungs-IGBT-Leistungsschaltung"},"content":{"rendered":"<h3>Merkmale<\/h3>\n<ul>\n<li>Hochspannungsbewertung: 4500V, geeignet f\u00fcr industrielle und schwere Anwendungen.<\/li>\n<li>Hohe Stromkapazit\u00e4t: 800A f\u00fcr effiziente Motorsteuerung und Energieumwandlung.<\/li>\n<li>Robustes Design mit AlSiC-Basisplatte und AlN-Substraten f\u00fcr optimalen thermischen Zyklus.<\/li>\n<li>Au\u00dfergew\u00f6hnliches thermisches Management: 10\u03bcs Kurzschlussfestigkeit und niedriger VCE(sat) f\u00fcr Zuverl\u00e4ssigkeit.<\/li>\n<li>Hohe Stromdichte und effiziente Energieumwandlung f\u00fcr verbesserte Leistung.<\/li>\n<\/ul>\n<h3>Anwendungen<\/h3>\n<ul>\n<li><strong>Antriebsstr\u00e4nge<\/strong>: Ideal f\u00fcr Elektrofahrzeuge und schwere Maschinen.<\/li>\n<li><strong>Motorkontroller<\/strong>: Unterst\u00fctzt Hochleistungsmotorensysteme in Branchen wie Fertigung und Robotik.<\/li>\n<li><strong>Intelligentes Stromnetz<\/strong>: Erm\u00f6glicht effizientes Energiemanagement in erneuerbaren Energiesystemen.<\/li>\n<li><strong>Hochzuverl\u00e4ssiger Wechselrichter<\/strong>: Perfekt f\u00fcr Anwendungen, die eine kontinuierliche und stabile Energieumwandlung erfordern.<\/li>\n<\/ul>\n<p>Dieses Modul ist so konzipiert, dass es hohe Effizienz, Langlebigkeit und Anpassungsf\u00e4higkeit in einer Vielzahl von industriellen und automobilen Anwendungen bietet.<\/p>","protected":false},"excerpt":{"rendered":"<p>Das HCGM800XSM45-PSA011 Hochspannungs-IGBT-Leistungsschaltmodul bietet au\u00dfergew\u00f6hnliche Leistung mit seiner Schaltf\u00e4higkeit von 4500V\/800A und ist ideal f\u00fcr fortschrittliche Motorsteuerung und industrielle Anwendungen.<\/p>","protected":false},"featured_media":3433,"comment_status":"closed","ping_status":"closed","template":"","meta":{"_acf_changed":false},"product_brand":[],"product_cat":[29],"product_tag":[],"class_list":{"0":"post-3407","1":"product","2":"type-product","3":"status-publish","4":"has-post-thumbnail","6":"product_cat-high-voltage-igbt-module","8":"first","9":"instock","10":"shipping-taxable","11":"product-type-variable","12":"has-default-attributes"},"acf":[],"_links":{"self":[{"href":"https:\/\/www.hiitiosemi.com\/de\/wp-json\/wp\/v2\/product\/3407","targetHints":{"allow":["GET"]}}],"collection":[{"href":"https:\/\/www.hiitiosemi.com\/de\/wp-json\/wp\/v2\/product"}],"about":[{"href":"https:\/\/www.hiitiosemi.com\/de\/wp-json\/wp\/v2\/types\/product"}],"replies":[{"embeddable":true,"href":"https:\/\/www.hiitiosemi.com\/de\/wp-json\/wp\/v2\/comments?post=3407"}],"wp:featuredmedia":[{"embeddable":true,"href":"https:\/\/www.hiitiosemi.com\/de\/wp-json\/wp\/v2\/media\/3433"}],"wp:attachment":[{"href":"https:\/\/www.hiitiosemi.com\/de\/wp-json\/wp\/v2\/media?parent=3407"}],"wp:term":[{"taxonomy":"product_brand","embeddable":true,"href":"https:\/\/www.hiitiosemi.com\/de\/wp-json\/wp\/v2\/product_brand?post=3407"},{"taxonomy":"product_cat","embeddable":true,"href":"https:\/\/www.hiitiosemi.com\/de\/wp-json\/wp\/v2\/product_cat?post=3407"},{"taxonomy":"product_tag","embeddable":true,"href":"https:\/\/www.hiitiosemi.com\/de\/wp-json\/wp\/v2\/product_tag?post=3407"}],"curies":[{"name":"wp","href":"https:\/\/api.w.org\/{rel}","templated":true}]}}