{"id":3405,"date":"2025-11-07T07:10:02","date_gmt":"2025-11-07T07:10:02","guid":{"rendered":"https:\/\/www.hiitiosemi.com\/?post_type=product&#038;p=3405"},"modified":"2025-11-12T01:24:34","modified_gmt":"2025-11-12T01:24:34","slug":"3300v-1500a-high-voltage-igbt-power-module-2","status":"publish","type":"product","link":"https:\/\/www.hiitiosemi.com\/de\/product\/3300v-1500a-high-voltage-igbt-power-module-2\/","title":{"rendered":"3300V 1500A Hochspannungs-IGBT-Leistungssch\u00fctzermodul"},"content":{"rendered":"<p data-start=\"1220\" data-end=\"1772\">Das <strong data-start=\"1224\" data-end=\"1248\">HCGM1500ESM33-PSA012<\/strong> Hochspannungs-IGBT-Leistungsmodul ist f\u00fcr Hochleistungsumwandlungsanwendungen ausgelegt, mit einer Nennleistung von <strong data-start=\"1341\" data-end=\"1350\">3300V<\/strong> und <strong data-start=\"1355\" data-end=\"1364\">1500A<\/strong>, was eine effiziente Energie\u00fcbertragung gew\u00e4hrleistet. Mit <strong data-start=\"1412\" data-end=\"1431\">AISiC-Basisplatte<\/strong> und <strong data-start=\"1436\" data-end=\"1454\">AIN-Substraten<\/strong>, bietet es verbesserte thermische Leistung und Systemstabilit\u00e4t. Mit <strong data-start=\"1522\" data-end=\"1579\">hoher thermischer Zyklenf\u00e4higkeit, hoher Stromdichte<\/strong>, und <strong data-start=\"1585\" data-end=\"1609\">geringen Schaltverlusten<\/strong>, liefert dieses Modul eine \u00fcberlegene Energieumwandlungseffizienz. Zus\u00e4tzlich sorgt seine <strong data-start=\"1688\" data-end=\"1731\">10\u03bcs Kurzschlussbest\u00e4ndigkeit<\/strong> f\u00fcr Systemsicherheit und Zuverl\u00e4ssigkeit.<\/p>\n<h3 data-start=\"1774\" data-end=\"1792\"><strong data-start=\"1778\" data-end=\"1790\">Merkmale<\/strong><\/h3>\n<ul data-start=\"1793\" data-end=\"2283\">\n<li data-start=\"1793\" data-end=\"1863\"><strong data-start=\"1795\" data-end=\"1814\">AISiC-Basisplatte<\/strong>: Verbessert die W\u00e4rmeableitung und die Lebensdauer des Moduls<\/li>\n<li data-start=\"1864\" data-end=\"1934\"><strong data-start=\"1866\" data-end=\"1884\">AIN-Substrate<\/strong>: Verbessert die elektrische Isolierung und Zuverl\u00e4ssigkeit<\/li>\n<li data-start=\"1935\" data-end=\"2020\"><strong data-start=\"1937\" data-end=\"1972\">Hohe thermische Zyklusf\u00e4higkeit<\/strong>: Widersteht h\u00e4ufigen Temperaturschwankungen<\/li>\n<li data-start=\"2021\" data-end=\"2107\"><strong data-start=\"2023\" data-end=\"2047\">Hohe Stromdichte<\/strong>: Unterst\u00fctzt Hochleistungsanwendungen f\u00fcr verbesserte Effizienz<\/li>\n<li data-start=\"2108\" data-end=\"2189\"><strong data-start=\"2110\" data-end=\"2134\">Niedrige Schaltverluste<\/strong>: Reduziert den Energieverbrauch und verbessert die Leistung<\/li>\n<li data-start=\"2190\" data-end=\"2283\"><strong data-start=\"2192\" data-end=\"2224\">10\u03bcs Kurzschlussfestigkeit<\/strong>: Bietet robuste Schaltkreisschutzma\u00dfnahmen f\u00fcr einen stabilen Betrieb<\/li>\n<\/ul>\n<h3 data-start=\"2285\" data-end=\"2307\"><strong data-start=\"2289\" data-end=\"2305\">Anwendungen<\/strong><\/h3>\n<ul data-start=\"2308\" data-end=\"2568\" data-is-only-node=\"\" data-is-last-node=\"\">\n<li data-start=\"2308\" data-end=\"2375\"><strong data-start=\"2310\" data-end=\"2329\">Antriebsstr\u00e4nge<\/strong> (Schienenverkehr, elektrische Lokomotiven)<\/li>\n<li data-start=\"2376\" data-end=\"2441\"><strong data-start=\"2378\" data-end=\"2399\">Motorkontroller<\/strong> (industrielle Antriebe, Automatisierungssysteme)<\/li>\n<li data-start=\"2442\" data-end=\"2498\"><strong data-start=\"2444\" data-end=\"2458\">Intelligentes Stromnetz<\/strong> (Leistungsregelung, Energiemanagement)<\/li>\n<li data-start=\"2499\" data-end=\"2568\" data-is-last-node=\"\"><strong data-start=\"2501\" data-end=\"2531\">Hochzuverl\u00e4ssige Wechselrichter<\/strong> (Wind- und Solarenergieumwandlung)<\/li>\n<\/ul>","protected":false},"excerpt":{"rendered":"<p>Das HCGM1500ESM33-PSA012 Hochspannungs-IGBT-Leistungsmodul mit einer Nennspannung von 3300V\/1500A verf\u00fcgt \u00fcber eine AISiC-Basisplatte und AIN-Substrate f\u00fcr \u00fcberlegene thermische Zyklen und hohe Stromdichte. Mit niedrigen Schaltverlusten und einer Kurzschlussbest\u00e4ndigkeit von 10\u03bcs ist es ideal f\u00fcr Traktionsantriebe, Motorsteuerungen, intelligente Netze und Hochzuverl\u00e4ssigkeitsinverter.<\/p>","protected":false},"featured_media":3432,"comment_status":"closed","ping_status":"closed","template":"","meta":{"_acf_changed":false},"product_brand":[],"product_cat":[29],"product_tag":[],"class_list":{"0":"post-3405","1":"product","2":"type-product","3":"status-publish","4":"has-post-thumbnail","6":"product_cat-high-voltage-igbt-module","8":"first","9":"instock","10":"shipping-taxable","11":"product-type-variable","12":"has-default-attributes"},"acf":[],"_links":{"self":[{"href":"https:\/\/www.hiitiosemi.com\/de\/wp-json\/wp\/v2\/product\/3405","targetHints":{"allow":["GET"]}}],"collection":[{"href":"https:\/\/www.hiitiosemi.com\/de\/wp-json\/wp\/v2\/product"}],"about":[{"href":"https:\/\/www.hiitiosemi.com\/de\/wp-json\/wp\/v2\/types\/product"}],"replies":[{"embeddable":true,"href":"https:\/\/www.hiitiosemi.com\/de\/wp-json\/wp\/v2\/comments?post=3405"}],"wp:featuredmedia":[{"embeddable":true,"href":"https:\/\/www.hiitiosemi.com\/de\/wp-json\/wp\/v2\/media\/3432"}],"wp:attachment":[{"href":"https:\/\/www.hiitiosemi.com\/de\/wp-json\/wp\/v2\/media?parent=3405"}],"wp:term":[{"taxonomy":"product_brand","embeddable":true,"href":"https:\/\/www.hiitiosemi.com\/de\/wp-json\/wp\/v2\/product_brand?post=3405"},{"taxonomy":"product_cat","embeddable":true,"href":"https:\/\/www.hiitiosemi.com\/de\/wp-json\/wp\/v2\/product_cat?post=3405"},{"taxonomy":"product_tag","embeddable":true,"href":"https:\/\/www.hiitiosemi.com\/de\/wp-json\/wp\/v2\/product_tag?post=3405"}],"curies":[{"name":"wp","href":"https:\/\/api.w.org\/{rel}","templated":true}]}}