{"id":3404,"date":"2025-11-07T07:10:02","date_gmt":"2025-11-07T07:10:02","guid":{"rendered":"https:\/\/www.hiitiosemi.com\/?post_type=product&#038;p=3404"},"modified":"2025-11-12T01:25:11","modified_gmt":"2025-11-12T01:25:11","slug":"3300v-1500a-high-voltage-igbt-power-module","status":"publish","type":"product","link":"https:\/\/www.hiitiosemi.com\/de\/product\/3300v-1500a-high-voltage-igbt-power-module\/","title":{"rendered":"3300V 1500A Hochspannungs-IGBT-Leistungssch\u00fctzermodul"},"content":{"rendered":"<p data-start=\"1163\" data-end=\"1724\">Das <strong data-start=\"1167\" data-end=\"1192\">HCGM1500E2SM33-PSA012<\/strong> Hochspannungs-IGBT-Leistungsmodul ist f\u00fcr Hochspannungs- und Hochstrom-Industrieanwendungen konzipiert, mit einer Nennspannung von <strong data-start=\"1301\" data-end=\"1316\">3300V\/1500A<\/strong> um eine hervorragende Energieumwandlungseffizienz zu gew\u00e4hrleisten. Mit <strong data-start=\"1379\" data-end=\"1398\">AISiC-Basisplatte<\/strong> und <strong data-start=\"1403\" data-end=\"1421\">AIN-Substraten<\/strong>es verbessert die thermische Leistung und die Systemstabilit\u00e4t. Mit <strong data-start=\"1482\" data-end=\"1517\">hoher thermischer Zyklenfestigkeit<\/strong> und <strong data-start=\"1522\" data-end=\"1554\">10\u03bcs Kurzschlussfestigkeit<\/strong>garantiert dieses Modul einen zuverl\u00e4ssigen Betrieb unter anspruchsvollen Bedingungen und ist somit ideal f\u00fcr Antriebssysteme, Motorsteuerungen, intelligente Netze und Hochzuverl\u00e4ssigkeitsinverter.<\/p>\n<h3 data-start=\"1726\" data-end=\"1744\"><strong data-start=\"1730\" data-end=\"1742\">Merkmale<\/strong><\/h3>\n<ul data-start=\"1745\" data-end=\"2089\">\n<li data-start=\"1745\" data-end=\"1817\"><strong data-start=\"1747\" data-end=\"1766\">AISiC-Basisplatte<\/strong>: Verbessert die W\u00e4rmeableitung und die Haltbarkeit des Systems<\/li>\n<li data-start=\"1818\" data-end=\"1888\"><strong data-start=\"1820\" data-end=\"1838\">AIN-Substrate<\/strong>: Verbessert die elektrische Isolierung und Zuverl\u00e4ssigkeit<\/li>\n<li data-start=\"1889\" data-end=\"1994\"><strong data-start=\"1891\" data-end=\"1926\">Hohe thermische Zyklusf\u00e4higkeit<\/strong>: Widersteht h\u00e4ufigen Temperaturschwankungen f\u00fcr eine verl\u00e4ngerte Lebensdauer<\/li>\n<li data-start=\"1995\" data-end=\"2089\"><strong data-start=\"1997\" data-end=\"2029\">10\u03bcs Kurzschlussfestigkeit<\/strong>: Bietet \u00fcberlegenen Schutz der Schaltung und erh\u00f6hte Sicherheit<\/li>\n<\/ul>\n<h3 data-start=\"2091\" data-end=\"2113\"><strong data-start=\"2095\" data-end=\"2111\">Anwendungen<\/strong><\/h3>\n<ul data-start=\"2114\" data-end=\"2384\" data-is-last-node=\"\" data-is-only-node=\"\">\n<li data-start=\"2114\" data-end=\"2187\"><strong data-start=\"2116\" data-end=\"2135\">Antriebsstr\u00e4nge<\/strong> (Schienenverkehr, elektrische Lokomotiven usw.)<\/li>\n<li data-start=\"2188\" data-end=\"2253\"><strong data-start=\"2190\" data-end=\"2211\">Motorkontroller<\/strong> (Industrieantriebe, Automatisierungssteuerung)<\/li>\n<li data-start=\"2254\" data-end=\"2308\"><strong data-start=\"2256\" data-end=\"2270\">Intelligentes Stromnetz<\/strong> (Energieverwaltung und -verteilung)<\/li>\n<li data-start=\"2309\" data-end=\"2384\" data-is-last-node=\"\"><strong data-start=\"2311\" data-end=\"2341\">Hochzuverl\u00e4ssige Wechselrichter<\/strong> (Wind- und Solarenergieumwandlungssysteme)<\/li>\n<\/ul>","protected":false},"excerpt":{"rendered":"<p data-start=\"182\" data-end=\"533\">Das HCGM1500E2SM33-PSA012 Hochspannungs-IGBT-Leistungsmodul mit einer Nennspannung von 3300V\/1500A verf\u00fcgt \u00fcber eine AISiC-Basisplatte und AIN-Substrate f\u00fcr verbesserten thermischen Zyklus. Mit einer Kurzschlussfestigkeit von 10\u03bcs sorgt es f\u00fcr eine effiziente W\u00e4rmeableitung und Stabilit\u00e4t, ideal f\u00fcr Antriebssysteme, Motorsteuerungen, intelligente Netze und Hochzuverl\u00e4ssigkeitsinverter.<\/p>","protected":false},"featured_media":3367,"comment_status":"closed","ping_status":"closed","template":"","meta":{"_acf_changed":false},"product_brand":[],"product_cat":[29],"product_tag":[],"class_list":{"0":"post-3404","1":"product","2":"type-product","3":"status-publish","4":"has-post-thumbnail","6":"product_cat-high-voltage-igbt-module","8":"first","9":"instock","10":"shipping-taxable","11":"product-type-variable","12":"has-default-attributes"},"acf":[],"_links":{"self":[{"href":"https:\/\/www.hiitiosemi.com\/de\/wp-json\/wp\/v2\/product\/3404","targetHints":{"allow":["GET"]}}],"collection":[{"href":"https:\/\/www.hiitiosemi.com\/de\/wp-json\/wp\/v2\/product"}],"about":[{"href":"https:\/\/www.hiitiosemi.com\/de\/wp-json\/wp\/v2\/types\/product"}],"replies":[{"embeddable":true,"href":"https:\/\/www.hiitiosemi.com\/de\/wp-json\/wp\/v2\/comments?post=3404"}],"wp:featuredmedia":[{"embeddable":true,"href":"https:\/\/www.hiitiosemi.com\/de\/wp-json\/wp\/v2\/media\/3367"}],"wp:attachment":[{"href":"https:\/\/www.hiitiosemi.com\/de\/wp-json\/wp\/v2\/media?parent=3404"}],"wp:term":[{"taxonomy":"product_brand","embeddable":true,"href":"https:\/\/www.hiitiosemi.com\/de\/wp-json\/wp\/v2\/product_brand?post=3404"},{"taxonomy":"product_cat","embeddable":true,"href":"https:\/\/www.hiitiosemi.com\/de\/wp-json\/wp\/v2\/product_cat?post=3404"},{"taxonomy":"product_tag","embeddable":true,"href":"https:\/\/www.hiitiosemi.com\/de\/wp-json\/wp\/v2\/product_tag?post=3404"}],"curies":[{"name":"wp","href":"https:\/\/api.w.org\/{rel}","templated":true}]}}