{"id":3403,"date":"2025-11-07T07:10:02","date_gmt":"2025-11-07T07:10:02","guid":{"rendered":"https:\/\/www.hiitiosemi.com\/?post_type=product&#038;p=3403"},"modified":"2025-11-12T01:23:13","modified_gmt":"2025-11-12T01:23:13","slug":"3300v-1000a-high-voltage-igbt-power-module-2","status":"publish","type":"product","link":"https:\/\/www.hiitiosemi.com\/de\/product\/3300v-1000a-high-voltage-igbt-power-module-2\/","title":{"rendered":"3300V 1000A Hochspannungs-IGBT-Leistungsschaltung"},"content":{"rendered":"<p data-start=\"1202\" data-end=\"1790\">Das <strong data-start=\"1206\" data-end=\"1230\">HCGM1000NSM33-PSA011<\/strong> Hochspannungs-IGBT-Leistungsklemme ist f\u00fcr Hochspannungs- und Hochstromanwendungen ausgelegt und bewertet bei <strong data-start=\"1328\" data-end=\"1343\">3300V\/1000A<\/strong>, was eine effiziente Energieumwandlung und herausragendes thermisches Management gew\u00e4hrleistet. Mit <strong data-start=\"1427\" data-end=\"1446\">AISiC-Basisplatte<\/strong> und <strong data-start=\"1451\" data-end=\"1469\">AIN-Substraten<\/strong>, verbessert es die thermische Stabilit\u00e4t und elektrische Zuverl\u00e4ssigkeit. Mit <strong data-start=\"1534\" data-end=\"1569\">hoher thermischer Zyklenfestigkeit<\/strong> und <strong data-start=\"1574\" data-end=\"1606\">10\u03bcs Kurzschlussfestigkeit<\/strong>, garantiert dieses Modul langfristige Stabilit\u00e4t unter hohen Lasten und extremen Bedingungen, was es ideal f\u00fcr Antriebsstr\u00e4nge, Motorsteuerung, intelligente Netze und Hochzuverl\u00e4ssigkeits-Wechselrichter macht.<\/p>\n<h3 data-start=\"1792\" data-end=\"1810\"><strong data-start=\"1796\" data-end=\"1808\">Merkmale<\/strong><\/h3>\n<ul data-start=\"1811\" data-end=\"2164\">\n<li data-start=\"1811\" data-end=\"1884\"><strong data-start=\"1813\" data-end=\"1832\">AISiC-Basisplatte<\/strong>: Verbessert die W\u00e4rmeableitung und die Zuverl\u00e4ssigkeit des Moduls<\/li>\n<li data-start=\"1885\" data-end=\"1954\"><strong data-start=\"1887\" data-end=\"1905\">AIN-Substrate<\/strong>: Verbessert die elektrische Isolierung und Haltbarkeit<\/li>\n<li data-start=\"1955\" data-end=\"2056\"><strong data-start=\"1957\" data-end=\"1992\">Hohe thermische Zyklusf\u00e4higkeit<\/strong>: Passt sich komplexen Umgebungen an und gew\u00e4hrleistet langfristige Stabilit\u00e4t<\/li>\n<li data-start=\"2057\" data-end=\"2164\"><strong data-start=\"2059\" data-end=\"2091\">10\u03bcs Kurzschlussfestigkeit<\/strong>: Bietet \u00fcberlegenen Kurzschlussschutz f\u00fcr erh\u00f6hte Systemsicherheit<\/li>\n<\/ul>\n<h3 data-start=\"2166\" data-end=\"2188\"><strong data-start=\"2170\" data-end=\"2186\">Anwendungen<\/strong><\/h3>\n<ul data-start=\"2189\" data-end=\"2465\" data-is-only-node=\"\" data-is-last-node=\"\">\n<li data-start=\"2189\" data-end=\"2256\"><strong data-start=\"2191\" data-end=\"2210\">Antriebsstr\u00e4nge<\/strong> (Schienenverkehr, elektrische Lokomotiven)<\/li>\n<li data-start=\"2257\" data-end=\"2322\"><strong data-start=\"2259\" data-end=\"2280\">Motorkontroller<\/strong> (industrielle Antriebe, Automatisierungssysteme)<\/li>\n<li data-start=\"2323\" data-end=\"2387\"><strong data-start=\"2325\" data-end=\"2339\">Intelligentes Stromnetz<\/strong> (effizientes Energie management und Verteilung)<\/li>\n<li data-start=\"2388\" data-end=\"2465\" data-is-last-node=\"\"><strong data-start=\"2390\" data-end=\"2420\">Hochzuverl\u00e4ssige Wechselrichter<\/strong> (Wind- und Solarenergieumwandlungssysteme)<\/li>\n<\/ul>","protected":false},"excerpt":{"rendered":"<p data-start=\"188\" data-end=\"566\">Das HCGM1000NSM33-PSA011 Hochspannungs-IGBT-Leistungsklemme, bewertet mit 3300V\/1000A, verf\u00fcgt \u00fcber eine AISiC-Basisplatte und AIN-Substrate f\u00fcr \u00fcberlegene thermische Zyklen. Mit einer Kurzschlussbest\u00e4ndigkeit von 10\u03bcs gew\u00e4hrleistet es eine ausgezeichnete W\u00e4rmeableitung und Systemstabilit\u00e4t, was es ideal f\u00fcr Antriebsstr\u00e4nge, Motorsteuerungen, intelligente Netze und Hochzuverl\u00e4ssigkeits-Wechselrichter macht.<\/p>","protected":false},"featured_media":3366,"comment_status":"closed","ping_status":"closed","template":"","meta":{"_acf_changed":false},"product_brand":[],"product_cat":[29],"product_tag":[],"class_list":{"0":"post-3403","1":"product","2":"type-product","3":"status-publish","4":"has-post-thumbnail","6":"product_cat-high-voltage-igbt-module","8":"first","9":"instock","10":"shipping-taxable","11":"product-type-variable","12":"has-default-attributes"},"acf":[],"_links":{"self":[{"href":"https:\/\/www.hiitiosemi.com\/de\/wp-json\/wp\/v2\/product\/3403","targetHints":{"allow":["GET"]}}],"collection":[{"href":"https:\/\/www.hiitiosemi.com\/de\/wp-json\/wp\/v2\/product"}],"about":[{"href":"https:\/\/www.hiitiosemi.com\/de\/wp-json\/wp\/v2\/types\/product"}],"replies":[{"embeddable":true,"href":"https:\/\/www.hiitiosemi.com\/de\/wp-json\/wp\/v2\/comments?post=3403"}],"wp:featuredmedia":[{"embeddable":true,"href":"https:\/\/www.hiitiosemi.com\/de\/wp-json\/wp\/v2\/media\/3366"}],"wp:attachment":[{"href":"https:\/\/www.hiitiosemi.com\/de\/wp-json\/wp\/v2\/media?parent=3403"}],"wp:term":[{"taxonomy":"product_brand","embeddable":true,"href":"https:\/\/www.hiitiosemi.com\/de\/wp-json\/wp\/v2\/product_brand?post=3403"},{"taxonomy":"product_cat","embeddable":true,"href":"https:\/\/www.hiitiosemi.com\/de\/wp-json\/wp\/v2\/product_cat?post=3403"},{"taxonomy":"product_tag","embeddable":true,"href":"https:\/\/www.hiitiosemi.com\/de\/wp-json\/wp\/v2\/product_tag?post=3403"}],"curies":[{"name":"wp","href":"https:\/\/api.w.org\/{rel}","templated":true}]}}