{"id":3402,"date":"2025-11-07T07:10:02","date_gmt":"2025-11-07T07:10:02","guid":{"rendered":"https:\/\/www.hiitiosemi.com\/?post_type=product&#038;p=3402"},"modified":"2025-11-12T01:23:50","modified_gmt":"2025-11-12T01:23:50","slug":"3300v-1000a-high-voltage-igbt-power-module","status":"publish","type":"product","link":"https:\/\/www.hiitiosemi.com\/de\/product\/3300v-1000a-high-voltage-igbt-power-module\/","title":{"rendered":"3300V 1000A Hochspannungs-IGBT-Leistungsschaltung"},"content":{"rendered":"<h3><strong>Merkmale:<\/strong><\/h3>\n<ul>\n<li><strong>Hochspannungsf\u00e4higkeit:<\/strong>\u00a0Effizient bei 3300V, ideal f\u00fcr industrielle und elektrische Motorantriebe.<\/li>\n<li><strong>Hohe Stromkapazit\u00e4t:<\/strong>\u00a0Unterst\u00fctzt 1000A f\u00fcr leistungsstarke Motorsteuerungsanwendungen.<\/li>\n<li><strong>Fortschrittliche Materialien:<\/strong>\u00a0AlSiC-Basis mit AIN-Substraten f\u00fcr \u00fcberlegene thermische Zyklusleistung.<\/li>\n<li><strong>Schnelle Reaktion:<\/strong>\u00a0Kurzschlussbest\u00e4ndigkeit von 10\u03bcs sorgt f\u00fcr schnelle Erholung in Hochstress-Szenarien.<\/li>\n<li><strong>Energieeffizienz:<\/strong>\u00a0Niedriger V ce(sat) reduziert Energieverluste und verbessert die Gesamteffizienz.<\/li>\n<\/ul>\n<h3><strong>Anwendungen:<\/strong><\/h3>\n<ul>\n<li><strong>Antriebsstr\u00e4nge:<\/strong>\u00a0Ideal f\u00fcr Elektrofahrzeuge und industrielle F\u00f6rderb\u00e4nder.<\/li>\n<li><strong>Motorkontrolle:<\/strong>\u00a0Geeignet f\u00fcr Motorschutzsysteme und Geschwindigkeitsregelung.<\/li>\n<li><strong>Smart Grid Integration:<\/strong>\u00a0Unterst\u00fctzt erneuerbare Energiesysteme mit hoher Zuverl\u00e4ssigkeit.<\/li>\n<li><strong>Hochzuverl\u00e4ssige Wechselrichter:<\/strong>\u00a0Verwendet in erneuerbaren Energien und industrieller Automatisierung.<\/li>\n<\/ul>","protected":false},"excerpt":{"rendered":"<p>Das HCGM1000ECM33-PSA011 Hochspannungs-IGBT-Leistungsmodul (3300V\/1000A) verf\u00fcgt \u00fcber eine AISiC-Basisplatte, AIN-Substrate, hohe thermische Zyklenfestigkeit und 10\u03bcs Kurzschlussfestigkeit, was eine effiziente K\u00fchlung und stabile Leistung f\u00fcr Antriebsstr\u00e4nge, Motorsteuerungen, intelligente Netze und Hochzuverl\u00e4ssigkeitsinverter gew\u00e4hrleistet.<\/p>","protected":false},"featured_media":3431,"comment_status":"closed","ping_status":"closed","template":"","meta":{"_acf_changed":false},"product_brand":[],"product_cat":[29],"product_tag":[],"class_list":{"0":"post-3402","1":"product","2":"type-product","3":"status-publish","4":"has-post-thumbnail","6":"product_cat-high-voltage-igbt-module","8":"first","9":"instock","10":"shipping-taxable","11":"product-type-variable","12":"has-default-attributes"},"acf":[],"_links":{"self":[{"href":"https:\/\/www.hiitiosemi.com\/de\/wp-json\/wp\/v2\/product\/3402","targetHints":{"allow":["GET"]}}],"collection":[{"href":"https:\/\/www.hiitiosemi.com\/de\/wp-json\/wp\/v2\/product"}],"about":[{"href":"https:\/\/www.hiitiosemi.com\/de\/wp-json\/wp\/v2\/types\/product"}],"replies":[{"embeddable":true,"href":"https:\/\/www.hiitiosemi.com\/de\/wp-json\/wp\/v2\/comments?post=3402"}],"wp:featuredmedia":[{"embeddable":true,"href":"https:\/\/www.hiitiosemi.com\/de\/wp-json\/wp\/v2\/media\/3431"}],"wp:attachment":[{"href":"https:\/\/www.hiitiosemi.com\/de\/wp-json\/wp\/v2\/media?parent=3402"}],"wp:term":[{"taxonomy":"product_brand","embeddable":true,"href":"https:\/\/www.hiitiosemi.com\/de\/wp-json\/wp\/v2\/product_brand?post=3402"},{"taxonomy":"product_cat","embeddable":true,"href":"https:\/\/www.hiitiosemi.com\/de\/wp-json\/wp\/v2\/product_cat?post=3402"},{"taxonomy":"product_tag","embeddable":true,"href":"https:\/\/www.hiitiosemi.com\/de\/wp-json\/wp\/v2\/product_tag?post=3402"}],"curies":[{"name":"wp","href":"https:\/\/api.w.org\/{rel}","templated":true}]}}