{"id":3342,"date":"2025-11-07T07:09:31","date_gmt":"2025-11-07T07:09:31","guid":{"rendered":"https:\/\/www.hiitiosemi.com\/?post_type=product&#038;p=3342"},"modified":"2025-11-12T01:32:33","modified_gmt":"2025-11-12T01:32:33","slug":"2400v-1700a-high-voltage-igbt-power-module","status":"publish","type":"product","link":"https:\/\/www.hiitiosemi.com\/de\/product\/2400v-1700a-high-voltage-igbt-power-module\/","title":{"rendered":"2400V 1700A Hochspannungs-IGBT-Leistungsschaltung"},"content":{"rendered":"<p data-start=\"1001\" data-end=\"1209\">Das HCGM2400ESM17-TSA000 Einzelschalter-IGBT-Modul ist f\u00fcr Hochleistungs-Industrieanwendungen entwickelt und gew\u00e4hrleistet exzellente elektrische Leistung und thermisches Management.<\/p>\n<h3 data-start=\"1211\" data-end=\"1225\">Merkmale<\/h3>\n<ul data-start=\"1226\" data-end=\"1672\">\n<li data-start=\"1226\" data-end=\"1288\"><strong data-start=\"1228\" data-end=\"1247\">AlSiC-Substrat<\/strong>: Bietet herausragende W\u00e4rmeableitung<\/li>\n<li data-start=\"1289\" data-end=\"1351\"><strong data-start=\"1291\" data-end=\"1308\">AlN-Substrat<\/strong>: Verbessert die Stabilit\u00e4t und Langlebigkeit des Moduls<\/li>\n<li data-start=\"1352\" data-end=\"1449\"><strong data-start=\"1354\" data-end=\"1389\">Hohe thermische Zyklusf\u00e4higkeit<\/strong>: Ideal f\u00fcr Umgebungen mit h\u00e4ufigen Temperaturwechseln<\/li>\n<li data-start=\"1450\" data-end=\"1526\"><strong data-start=\"1452\" data-end=\"1484\">10\u03bcs Kurzschlussfestigkeit<\/strong>: Garantiert sicheren und zuverl\u00e4ssigen Betrieb<\/li>\n<li data-start=\"1527\" data-end=\"1597\"><strong data-start=\"1529\" data-end=\"1545\">Niedriger Vce(sat)<\/strong>: Reduziert den Energieverbrauch und erh\u00f6ht die Effizienz<\/li>\n<li data-start=\"1598\" data-end=\"1672\"><strong data-start=\"1600\" data-end=\"1624\">Hohe Stromdichte<\/strong>: Unterst\u00fctzt Anforderungen an Hochleistungsanwendungen<\/li>\n<\/ul>\n<h3 data-start=\"1674\" data-end=\"1692\">Anwendungen<\/h3>\n<ul data-start=\"1693\" data-end=\"1797\">\n<li data-start=\"1693\" data-end=\"1719\">Traktionsantriebssysteme<\/li>\n<li data-start=\"1720\" data-end=\"1743\">Motorsteuerungseinheiten<\/li>\n<li data-start=\"1744\" data-end=\"1768\">Smart Grid-L\u00f6sungen<\/li>\n<li data-start=\"1769\" data-end=\"1797\">Hochzuverl\u00e4ssige Wechselrichter<\/li>\n<\/ul>","protected":false},"excerpt":{"rendered":"<p>Das HCGM2400ESM17-TSA000 Einzelschalter-IGBT-Modul nutzt fortschrittliche AlSiC- und AlN-Technologie und bietet hohe thermische Zyklusf\u00e4higkeit, niedrigen Vce(sat) und hohe Stromdichte. Ideal f\u00fcr Traktionsantriebe, Motorsteuerungen, intelligente Netze und Hochzuverl\u00e4ssigkeitsinverter, liefert es stabile und effiziente Leistung in anspruchsvollen industriellen Anwendungen.<\/p>","protected":false},"featured_media":3368,"comment_status":"closed","ping_status":"closed","template":"","meta":{"_acf_changed":false},"product_brand":[],"product_cat":[29],"product_tag":[],"class_list":{"0":"post-3342","1":"product","2":"type-product","3":"status-publish","4":"has-post-thumbnail","6":"product_cat-high-voltage-igbt-module","8":"first","9":"instock","10":"shipping-taxable","11":"product-type-variable","12":"has-default-attributes"},"acf":[],"_links":{"self":[{"href":"https:\/\/www.hiitiosemi.com\/de\/wp-json\/wp\/v2\/product\/3342","targetHints":{"allow":["GET"]}}],"collection":[{"href":"https:\/\/www.hiitiosemi.com\/de\/wp-json\/wp\/v2\/product"}],"about":[{"href":"https:\/\/www.hiitiosemi.com\/de\/wp-json\/wp\/v2\/types\/product"}],"replies":[{"embeddable":true,"href":"https:\/\/www.hiitiosemi.com\/de\/wp-json\/wp\/v2\/comments?post=3342"}],"wp:featuredmedia":[{"embeddable":true,"href":"https:\/\/www.hiitiosemi.com\/de\/wp-json\/wp\/v2\/media\/3368"}],"wp:attachment":[{"href":"https:\/\/www.hiitiosemi.com\/de\/wp-json\/wp\/v2\/media?parent=3342"}],"wp:term":[{"taxonomy":"product_brand","embeddable":true,"href":"https:\/\/www.hiitiosemi.com\/de\/wp-json\/wp\/v2\/product_brand?post=3342"},{"taxonomy":"product_cat","embeddable":true,"href":"https:\/\/www.hiitiosemi.com\/de\/wp-json\/wp\/v2\/product_cat?post=3342"},{"taxonomy":"product_tag","embeddable":true,"href":"https:\/\/www.hiitiosemi.com\/de\/wp-json\/wp\/v2\/product_tag?post=3342"}],"curies":[{"name":"wp","href":"https:\/\/api.w.org\/{rel}","templated":true}]}}