{"id":3338,"date":"2025-11-07T07:09:31","date_gmt":"2025-11-07T07:09:31","guid":{"rendered":"https:\/\/www.hiitiosemi.com\/?post_type=product&#038;p=3338"},"modified":"2025-11-12T01:28:52","modified_gmt":"2025-11-12T01:28:52","slug":"1700v-1600a-high-voltage-igbt-power-module","status":"publish","type":"product","link":"https:\/\/www.hiitiosemi.com\/de\/product\/1700v-1600a-high-voltage-igbt-power-module\/","title":{"rendered":"1700V 1600A Hochspannungs-IGBT-Leistungssch\u00fctzermodul"},"content":{"rendered":"<div>\n<p class=\"break-words\">Der HCGM1600FSM17-PSA ist ein hochmodernes Einzelschalter-IGBT-Modul, das f\u00fcr Hochleistungs-Stromversorgungssysteme entwickelt wurde und eine Spannungsbewertung von 1700V sowie eine Stromkapazit\u00e4t von 1600A aufweist. Es ist konzipiert, um den Anforderungen robuster industrieller und erneuerbarer Energiel\u00f6sungen gerecht zu werden und gew\u00e4hrleistet au\u00dfergew\u00f6hnliche Effizienz und Zuverl\u00e4ssigkeit.<\/p>\n<h3>Merkmale<\/h3>\n<ul class=\"marker:text-secondary\">\n<li class=\"break-words\"><strong>Hohe thermische Zyklusf\u00e4higkeit:<\/strong> Sichert langfristige Haltbarkeit unter extremen thermischen Bedingungen.<\/li>\n<li class=\"break-words\"><strong>10\u03bcs Kurzschlusstoleranz:<\/strong> Bietet robusten Schutz gegen elektrische Fehler.<\/li>\n<li class=\"break-words\"><strong>Niedriger VCE(sat):<\/strong> Reduziert Leistungsverluste f\u00fcr eine verbesserte Energieeffizienz.<\/li>\n<li class=\"break-words\"><strong>Hohe Stromdichte:<\/strong> Unterst\u00fctzt kompakte Designs mit maximierter Leistungsausbeute.<\/li>\n<\/ul>\n<h3>Anwendungen<\/h3>\n<ul class=\"marker:text-secondary\">\n<li class=\"break-words\"><strong>Antriebsstr\u00e4nge:<\/strong> Versorgt Schienenfahrzeug- und Elektrofahrzeugsysteme zuverl\u00e4ssig.<\/li>\n<li class=\"break-words\"><strong>Motorkontroller:<\/strong> Verbessert Pr\u00e4zision und Effizienz bei industriellen Motoren.<\/li>\n<li class=\"break-words\"><strong>Windenergie:<\/strong> Optimiert die Energieumwandlung in Windkraftanlagen.<\/li>\n<li class=\"break-words\"><strong>Hochzuverl\u00e4ssige Wechselrichter:<\/strong> Ideal f\u00fcr kritische Stromumwandlungsanwendungen.<\/li>\n<\/ul>\n<\/div>","protected":false},"excerpt":{"rendered":"<p>Der HCGM1600FSM17-PSA ist ein robustes 1700V, 1600A Einzelschalter-IGBT-Modul, das f\u00fcr anspruchsvolle Anwendungen wie Antriebsstr\u00e4nge und Windenergie entwickelt wurde und \u00fcberlegene Zuverl\u00e4ssigkeit und Effizienz bietet.<\/p>","protected":false},"featured_media":3366,"comment_status":"closed","ping_status":"closed","template":"","meta":{"_acf_changed":false},"product_brand":[],"product_cat":[29],"product_tag":[],"class_list":{"0":"post-3338","1":"product","2":"type-product","3":"status-publish","4":"has-post-thumbnail","6":"product_cat-high-voltage-igbt-module","8":"first","9":"instock","10":"shipping-taxable","11":"product-type-variable","12":"has-default-attributes"},"acf":[],"_links":{"self":[{"href":"https:\/\/www.hiitiosemi.com\/de\/wp-json\/wp\/v2\/product\/3338","targetHints":{"allow":["GET"]}}],"collection":[{"href":"https:\/\/www.hiitiosemi.com\/de\/wp-json\/wp\/v2\/product"}],"about":[{"href":"https:\/\/www.hiitiosemi.com\/de\/wp-json\/wp\/v2\/types\/product"}],"replies":[{"embeddable":true,"href":"https:\/\/www.hiitiosemi.com\/de\/wp-json\/wp\/v2\/comments?post=3338"}],"wp:featuredmedia":[{"embeddable":true,"href":"https:\/\/www.hiitiosemi.com\/de\/wp-json\/wp\/v2\/media\/3366"}],"wp:attachment":[{"href":"https:\/\/www.hiitiosemi.com\/de\/wp-json\/wp\/v2\/media?parent=3338"}],"wp:term":[{"taxonomy":"product_brand","embeddable":true,"href":"https:\/\/www.hiitiosemi.com\/de\/wp-json\/wp\/v2\/product_brand?post=3338"},{"taxonomy":"product_cat","embeddable":true,"href":"https:\/\/www.hiitiosemi.com\/de\/wp-json\/wp\/v2\/product_cat?post=3338"},{"taxonomy":"product_tag","embeddable":true,"href":"https:\/\/www.hiitiosemi.com\/de\/wp-json\/wp\/v2\/product_tag?post=3338"}],"curies":[{"name":"wp","href":"https:\/\/api.w.org\/{rel}","templated":true}]}}