{"id":3328,"date":"2025-11-07T07:09:15","date_gmt":"2025-11-07T07:09:15","guid":{"rendered":"https:\/\/www.hiitiosemi.com\/?post_type=product&#038;p=3328"},"modified":"2025-11-12T02:04:51","modified_gmt":"2025-11-12T02:04:51","slug":"1000v-450a-easy-3b-igbt-power-module-t1","status":"publish","type":"product","link":"https:\/\/www.hiitiosemi.com\/de\/product\/1000v-450a-easy-3b-igbt-power-module-t1\/","title":{"rendered":"1000V 450A Einfaches 3B IGBT-Leistungsmodul \u2013 T1"},"content":{"rendered":"<h2>Merkmale<\/h2>\n<ul>\n<li>Neutralpunktgekoppelte Dreistufige Wechselrichtermodul<\/li>\n<li>Niedrige induktive Anordnung<\/li>\n<li>L\u00f6tbare Pins<\/li>\n<\/ul>\n<h2>Vorteile<\/h2>\n<ul>\n<li>H\u00f6here Systemeffizienz<\/li>\n<li>Reduzierte K\u00fchlanforderungen<\/li>\n<li>Geringe Leitungsverluste \u00dcber Temperatur<\/li>\n<\/ul>\n<h2>Anwendungen<\/h2>\n<ul>\n<li>Solarkonverter<\/li>\n<li>Unterbrechungsfreie Stromversorgungssysteme<\/li>\n<\/ul>","protected":false},"excerpt":{"rendered":"<p>Merkmale Neutralpunkt-Geklemmter Dreistufen-Inverter-Modul Niedrige induktive Anordnung L\u00f6tbare Pins Vorteile H\u00f6here Systemeffizienz Verringerter K\u00fchlungsbedarf Geringe Leitungsverluste \u00dcbertemperatur Anwendungen Solarwechselrichter Unterbrechungsfreie Stromversorgungssysteme<\/p>","protected":false},"featured_media":3335,"comment_status":"closed","ping_status":"closed","template":"","meta":{"_acf_changed":false},"product_brand":[],"product_cat":[25],"product_tag":[],"class_list":{"0":"post-3328","1":"product","2":"type-product","3":"status-publish","4":"has-post-thumbnail","6":"product_cat-igbt-module","8":"first","9":"instock","10":"shipping-taxable","11":"product-type-variable","12":"has-default-attributes"},"acf":[],"_links":{"self":[{"href":"https:\/\/www.hiitiosemi.com\/de\/wp-json\/wp\/v2\/product\/3328","targetHints":{"allow":["GET"]}}],"collection":[{"href":"https:\/\/www.hiitiosemi.com\/de\/wp-json\/wp\/v2\/product"}],"about":[{"href":"https:\/\/www.hiitiosemi.com\/de\/wp-json\/wp\/v2\/types\/product"}],"replies":[{"embeddable":true,"href":"https:\/\/www.hiitiosemi.com\/de\/wp-json\/wp\/v2\/comments?post=3328"}],"wp:featuredmedia":[{"embeddable":true,"href":"https:\/\/www.hiitiosemi.com\/de\/wp-json\/wp\/v2\/media\/3335"}],"wp:attachment":[{"href":"https:\/\/www.hiitiosemi.com\/de\/wp-json\/wp\/v2\/media?parent=3328"}],"wp:term":[{"taxonomy":"product_brand","embeddable":true,"href":"https:\/\/www.hiitiosemi.com\/de\/wp-json\/wp\/v2\/product_brand?post=3328"},{"taxonomy":"product_cat","embeddable":true,"href":"https:\/\/www.hiitiosemi.com\/de\/wp-json\/wp\/v2\/product_cat?post=3328"},{"taxonomy":"product_tag","embeddable":true,"href":"https:\/\/www.hiitiosemi.com\/de\/wp-json\/wp\/v2\/product_tag?post=3328"}],"curies":[{"name":"wp","href":"https:\/\/api.w.org\/{rel}","templated":true}]}}