{"id":3312,"date":"2025-11-07T07:09:13","date_gmt":"2025-11-07T07:09:13","guid":{"rendered":"https:\/\/www.hiitiosemi.com\/?post_type=product&#038;p=3312"},"modified":"2025-11-12T02:14:43","modified_gmt":"2025-11-12T02:14:43","slug":"econo-dual-3h-1200v-900a-igbt-power-module-e1a","status":"publish","type":"product","link":"https:\/\/www.hiitiosemi.com\/de\/product\/econo-dual-3h-1200v-900a-igbt-power-module-e1a\/","title":{"rendered":"Econo Dual 3H 1200V 900A IGBT-Leistungsschaltung \u2013 E1A"},"content":{"rendered":"<h2>Merkmale<\/h2>\n<ul>\n<li>Niedriger VCE(SAT)<\/li>\n<li>VCE(SAT) mit positiver Temperaturkoeffizient<\/li>\n<\/ul>\n<h2>Anwendungen<\/h2>\n<ul>\n<li>Inverter f\u00fcr Motorantriebe Wechselstrom- und Gleichstrom-Servoantriebe<\/li>\n<li>Hochleistungswandler<\/li>\n<li>USV-Systeme<\/li>\n<\/ul>","protected":false},"excerpt":{"rendered":"<p>Das IGBT-Leistungsschaltmodul der Serie Econo Dual 3H verf\u00fcgt \u00fcber ein Halbwellenbr\u00fccken-Schaltungsdesign. Es integriert einen Hochleistungs-IGBT-Chip und enth\u00e4lt einen integrierten Temperatursensor. Dieses Modul ist besonders gut geeignet f\u00fcr Anwendungen wie Motorantriebe, Windumrichter und \u00e4hnliche Systeme. Die Abmessungen des Geh\u00e4uses betragen 62,5 mm (B) x 152 mm (L) x 20,5 mm (H).<\/p>","protected":false},"featured_media":3053,"comment_status":"closed","ping_status":"closed","template":"","meta":{"_acf_changed":false},"product_brand":[],"product_cat":[25],"product_tag":[],"class_list":{"0":"post-3312","1":"product","2":"type-product","3":"status-publish","4":"has-post-thumbnail","6":"product_cat-igbt-module","8":"first","9":"instock","10":"shipping-taxable","11":"product-type-variable","12":"has-default-attributes"},"acf":[],"_links":{"self":[{"href":"https:\/\/www.hiitiosemi.com\/de\/wp-json\/wp\/v2\/product\/3312","targetHints":{"allow":["GET"]}}],"collection":[{"href":"https:\/\/www.hiitiosemi.com\/de\/wp-json\/wp\/v2\/product"}],"about":[{"href":"https:\/\/www.hiitiosemi.com\/de\/wp-json\/wp\/v2\/types\/product"}],"replies":[{"embeddable":true,"href":"https:\/\/www.hiitiosemi.com\/de\/wp-json\/wp\/v2\/comments?post=3312"}],"wp:featuredmedia":[{"embeddable":true,"href":"https:\/\/www.hiitiosemi.com\/de\/wp-json\/wp\/v2\/media\/3053"}],"wp:attachment":[{"href":"https:\/\/www.hiitiosemi.com\/de\/wp-json\/wp\/v2\/media?parent=3312"}],"wp:term":[{"taxonomy":"product_brand","embeddable":true,"href":"https:\/\/www.hiitiosemi.com\/de\/wp-json\/wp\/v2\/product_brand?post=3312"},{"taxonomy":"product_cat","embeddable":true,"href":"https:\/\/www.hiitiosemi.com\/de\/wp-json\/wp\/v2\/product_cat?post=3312"},{"taxonomy":"product_tag","embeddable":true,"href":"https:\/\/www.hiitiosemi.com\/de\/wp-json\/wp\/v2\/product_tag?post=3312"}],"curies":[{"name":"wp","href":"https:\/\/api.w.org\/{rel}","templated":true}]}}