{"id":3166,"date":"2025-11-07T07:08:05","date_gmt":"2025-11-07T07:08:05","guid":{"rendered":"https:\/\/www.hiitiosemi.com\/?post_type=product&#038;p=3166"},"modified":"2025-11-12T03:11:07","modified_gmt":"2025-11-12T03:11:07","slug":"1200v-450a-igbt-power-module","status":"publish","type":"product","link":"https:\/\/www.hiitiosemi.com\/de\/product\/1200v-450a-igbt-power-module\/","title":{"rendered":"1200V 450A IGBT-Leistungsschalter"},"content":{"rendered":"<h2>Merkmale<\/h2>\n<ul>\n<li>Niedriginduktives Design<\/li>\n<li>Niedrige Vcesat mit hoher Sperrschichttemperatur<\/li>\n<li>Schnelle &amp; weiche R\u00fcckw\u00e4rtswiderstands-Recovery anti-paralleler FWD<\/li>\n<li>Niedrige Schaltverluste<\/li>\n<\/ul>\n<h2>Vorteile<\/h2>\n<ul>\n<li>H\u00f6here Systemeffizienz<\/li>\n<li>Reduzierte K\u00fchlanforderungen<\/li>\n<li>Erh\u00f6hte Leistungsdichte<\/li>\n<li>Erm\u00f6glichung h\u00f6herer Frequenzen<\/li>\n<\/ul>\n<h2>Anwendungen<\/h2>\n<ul>\n<li>Inverter f\u00fcr Motorantrieb<\/li>\n<li>AC- und DC-Servoantrieb-Verst\u00e4rker<\/li>\n<li>Unterbrechungsfreie Stromversorgung<\/li>\n<\/ul>\n<h2>Absolute Maximalwerte<\/h2>\n<ul>\n<li>Tc=25\u00b0C, sofern nicht anders angegeben<\/li>\n<\/ul>","protected":false},"excerpt":{"rendered":"<p>ED3-Serie IGBT-Leistungsschalter, Schaltungsaufbau ist Half Bridge. Es integriert einen Hochleistungs-IGBT-Chip und verf\u00fcgt \u00fcber einen eingebauten Temperatursensor. Besonders geeignet f\u00fcr Anwendungen wie Motorantriebe, Windumrichter und so weiter. Paketgr\u00f6\u00dfe: W62,5*L152*H20,5 mm<\/p>","protected":false},"featured_media":3053,"comment_status":"closed","ping_status":"closed","template":"","meta":{"_acf_changed":false},"product_brand":[],"product_cat":[25],"product_tag":[],"class_list":{"0":"post-3166","1":"product","2":"type-product","3":"status-publish","4":"has-post-thumbnail","6":"product_cat-igbt-module","8":"first","9":"instock","10":"shipping-taxable","11":"product-type-variable","12":"has-default-attributes"},"acf":[],"_links":{"self":[{"href":"https:\/\/www.hiitiosemi.com\/de\/wp-json\/wp\/v2\/product\/3166","targetHints":{"allow":["GET"]}}],"collection":[{"href":"https:\/\/www.hiitiosemi.com\/de\/wp-json\/wp\/v2\/product"}],"about":[{"href":"https:\/\/www.hiitiosemi.com\/de\/wp-json\/wp\/v2\/types\/product"}],"replies":[{"embeddable":true,"href":"https:\/\/www.hiitiosemi.com\/de\/wp-json\/wp\/v2\/comments?post=3166"}],"wp:featuredmedia":[{"embeddable":true,"href":"https:\/\/www.hiitiosemi.com\/de\/wp-json\/wp\/v2\/media\/3053"}],"wp:attachment":[{"href":"https:\/\/www.hiitiosemi.com\/de\/wp-json\/wp\/v2\/media?parent=3166"}],"wp:term":[{"taxonomy":"product_brand","embeddable":true,"href":"https:\/\/www.hiitiosemi.com\/de\/wp-json\/wp\/v2\/product_brand?post=3166"},{"taxonomy":"product_cat","embeddable":true,"href":"https:\/\/www.hiitiosemi.com\/de\/wp-json\/wp\/v2\/product_cat?post=3166"},{"taxonomy":"product_tag","embeddable":true,"href":"https:\/\/www.hiitiosemi.com\/de\/wp-json\/wp\/v2\/product_tag?post=3166"}],"curies":[{"name":"wp","href":"https:\/\/api.w.org\/{rel}","templated":true}]}}